{"id":2152,"date":"2024-05-31T09:56:44","date_gmt":"2024-05-31T07:56:44","guid":{"rendered":"https:\/\/www.visitgolfe-groupe.com\/rechtliche-hinweise"},"modified":"2026-03-19T10:12:10","modified_gmt":"2026-03-19T09:12:10","slug":"rechtliche-hinweise","status":"publish","type":"page","link":"https:\/\/www.visitgolfe-groupe.com\/de\/rechtliche-hinweise","title":{"rendered":"Rechtliche Hinweise"},"content":{"rendered":"\n<div class=\"wp-block-group is-layout-flow wp-block-group-is-layout-flow\">\n<p class=\"wp-block-paragraph\"><a href=\"https:\/\/www.visitgolfe-groupe.com\/de\" data-type=\"page\" data-id=\"6\">www.visitgolfe-groupe.com<\/a> ist eine offizielle Website von Golfe de Saint-Tropez D\u00e9veloppement.<\/p>\n\n\n\n<p class=\"wp-block-paragraph\">H\u00f4tel Communautaire &#8211; 2 rue Blaise Pascal &#8211; 83310 Cogolin &#8211; Tel.: +32 (0)1.1.1.1.1. +33 (0)4 94 55 22 00  <\/p>\n\n\n\n<p class=\"wp-block-paragraph\">SPL Cap 122.512 Euro &#8211; Genehmigung zur Vermarktung IM 083110008 &#8211; Siret 389 339 581 000 24<\/p>\n\n\n\n<h2 class=\"wp-block-heading\">Pr\u00e4sentation der Website<\/h2>\n\n\n\n<p class=\"wp-block-paragraph\">Gem\u00e4\u00df Artikel 6 des Gesetzes Nr. 2004-575 vom 21. Juni 2004 \u00fcber das Vertrauen in die digitale Wirtschaft wird den Nutzern der Dom\u00e4ne visitgolfe-groupe.com die Identit\u00e4t der verschiedenen Akteure im Rahmen der Durchf\u00fchrung und \u00dcberwachung der Dom\u00e4ne mitgeteilt:<\/p>\n\n\n\n<p class=\"wp-block-paragraph\">Herausgeber: Golfe de Saint-Tropez D\u00e9veloppement &#8211; H\u00f4tel communautaire &#8211; 2 rue Blaise Pascal &#8211; 83310 Cogolin &#8211; <i class=\"fat fa-phone\"><\/i> +33 (0)04 94 55 22 00 &#8211; <a href=\"mailto:info@visitgolfe.com\">info@visitgolfe.com<\/a><br\/>Publikationsdirektor: Emmanuel Bertrand &#8211; Direktor<br\/>Design &amp; Entwicklung: Franck M\u00e9zi\u00e8re &#8211; Beauftragter f\u00fcr digitale Medien<\/p>\n\n\n\n<p class=\"wp-block-paragraph\">Host: GANDI SAS, Soci\u00e9t\u00e9 par Actions Simplifi\u00e9e mit einem Kapital von 300.000 \u20ac und Sitz in 63-65 boulevard Massena in Paris (75013) FRANCE, eingetragen unter der Nummer 423 093 459 RCS PARIS.<\/p>\n\n\n\n<h2 class=\"wp-block-heading\">Allgemeine Bedingungen f\u00fcr die Nutzung der Website und der angebotenen Dienste<\/h2>\n\n\n\n<p class=\"wp-block-paragraph\">Die Nutzung der Website <a href=\"https:\/\/www.visitgolfe-groupe.com\/de\" data-type=\"page\" data-id=\"6\">www.visitgolfe-groupe.com<\/a> setzt die vollst\u00e4ndige und uneingeschr\u00e4nkte Annahme der nachstehend beschriebenen allgemeinen Nutzungsbedingungen voraus. Diese Nutzungsbedingungen k\u00f6nnen jederzeit ge\u00e4ndert oder erg\u00e4nzt werden, so dass die Nutzer der Website <a href=\"https:\/\/www.visitgolfe-groupe.com\/de\" data-type=\"page\" data-id=\"6\">www.visitgolfe-groupe.com<\/a> aufgefordert werden, sie regelm\u00e4\u00dfig zu konsultieren. Diese Website ist normalerweise jederzeit f\u00fcr die Nutzer zug\u00e4nglich. Eine Unterbrechung aufgrund technischer Wartungsarbeiten kann jedoch von Golfe de Saint-Tropez D\u00e9veloppement beschlossen werden, die sich dann bem\u00fchen wird, den Nutzern vorab die Daten und Zeiten der Intervention mitzuteilen. Die Website <a href=\"https:\/\/www.visitgolfe-groupe.com\/de\" data-type=\"page\" data-id=\"6\">www.visitgolfe-groupe.com<\/a> wird regelm\u00e4\u00dfig von ihren Diensten aktualisiert. Auch die rechtlichen Hinweise k\u00f6nnen jederzeit ge\u00e4ndert werden, sind jedoch f\u00fcr den Nutzer verbindlich, der sie so oft wie m\u00f6glich lesen sollte.     <\/p>\n\n\n\n<h2 class=\"wp-block-heading\">Beschreibung der erbrachten Dienstleistungen<\/h2>\n\n\n\n<p class=\"wp-block-paragraph\">Die Website <a href=\"https:\/\/www.visitgolfe-groupe.com\/de\" data-type=\"page\" data-id=\"6\">www.visitgolfe-groupe.com<\/a> dient der Bereitstellung von Informationen \u00fcber Freizeit- und Aufenthaltsaktivit\u00e4ten im Gebiet des Golfs von Saint-Tropez. Golfe de Saint-Tropez D\u00e9veloppement bem\u00fcht sich, auf der Website <a href=\"https:\/\/www.visitgolfe-groupe.com\/de\" data-type=\"page\" data-id=\"6\">www.visitgolfe-groupe.com<\/a> so genaue Informationen wie m\u00f6glich zu liefern. Es kann jedoch nicht f\u00fcr Auslassungen, Ungenauigkeiten und M\u00e4ngel in der Aktualisierung haftbar gemacht werden, die von ihm selbst oder von dritten Partnern, die ihm diese Informationen zur Verf\u00fcgung stellen, verursacht werden. Alle Informationen auf der Website <a href=\"https:\/\/www.visitgolfe-groupe.com\/de\" data-type=\"page\" data-id=\"6\">www.visitgolfe-groupe.com<\/a> sind unverbindlich und k\u00f6nnen sich \u00e4ndern. Die Informationen auf der Website <a href=\"https:\/\/www.visitgolfe-groupe.com\/de\" data-type=\"page\" data-id=\"6\">www.visitgolfe-groupe.com<\/a> sind nicht ersch\u00f6pfend. Sie werden unter dem Vorbehalt von \u00c4nderungen seit ihrer Online-Ver\u00f6ffentlichung gegeben.     <\/p>\n\n\n\n<h2 class=\"wp-block-heading\">Vertragliche Beschr\u00e4nkungen der technischen Daten<\/h2>\n\n\n\n<p class=\"wp-block-paragraph\">Die Website verwendet die JavaScript-Technologie. Die Website haftet nicht f\u00fcr materielle Sch\u00e4den, die mit der Nutzung der Website verbunden sind. Dar\u00fcber hinaus verpflichtet sich der Nutzer der Website, die Website mit neuer Hardware, die keine Viren enth\u00e4lt, und mit einem Browser der neuesten Generation aufzurufen.  <\/p>\n\n\n\n<h2 class=\"wp-block-heading\">Geistiges Eigentum und F\u00e4lschungen<\/h2>\n\n\n\n<p class=\"wp-block-paragraph\">Golfe de Saint-Tropez D\u00e9veloppement ist Eigent\u00fcmer der geistigen Eigentumsrechte oder besitzt die Nutzungsrechte f\u00fcr alle auf der Website zug\u00e4nglichen Elemente, insbesondere Texte, Bilder, Grafiken, Logos, Ikonen, T\u00f6ne, Software. Die Vervielf\u00e4ltigung, Darstellung, \u00c4nderung, Ver\u00f6ffentlichung und Anpassung aller oder eines Teils der Elemente der Website, unabh\u00e4ngig von den verwendeten Mitteln oder Verfahren, ist ohne vorherige schriftliche Genehmigung untersagt. Jede nicht genehmigte Nutzung der Website oder eines ihrer Elemente wird als F\u00e4lschung angesehen und gem\u00e4\u00df den Bestimmungen der Artikel L.335-2 ff. des Gesetzes \u00fcber geistiges Eigentum verfolgt.  <\/p>\n\n\n\n<h2 class=\"wp-block-heading\">Haftungsbeschr\u00e4nkungen<\/h2>\n\n\n\n<p class=\"wp-block-paragraph\">Golfe de Saint-Tropez D\u00e9veloppement haftet nicht f\u00fcr direkte und indirekte Sch\u00e4den an der Ausr\u00fcstung des Nutzers beim Zugriff auf die Website <a href=\"https:\/\/www.visitgolfe-groupe.com\/de\" data-type=\"page\" data-id=\"6\">www.visitgolfe-groupe.com<\/a>, die entweder durch die Nutzung einer Ausr\u00fcstung verursacht werden, die nicht den im obigen Punkt angegebenen Spezifikationen entspricht, oder durch das Auftreten eines Bugs oder einer Inkompatibilit\u00e4t. Golfe de Saint-Tropez D\u00e9veloppement haftet nicht f\u00fcr indirekte Sch\u00e4den (z.B. Marktverlust oder Verlust einer Chance), die sich aus der Nutzung der Website <a href=\"https:\/\/www.visitgolfe-groupe.com\/de\" data-type=\"page\" data-id=\"6\">www.visitgolfe-groupe.com<\/a> ergeben. Interaktive Bereiche (M\u00f6glichkeit, Fragen im Kontaktbereich zu stellen) stehen den Nutzern zur Verf\u00fcgung. Golfe de Saint-Tropez D\u00e9veloppement beh\u00e4lt sich das Recht vor, ohne vorherige Ank\u00fcndigung jeden Inhalt in diesem Bereich zu entfernen, der gegen die in Frankreich geltenden Gesetze und insbesondere gegen die Bestimmungen zum Datenschutz verst\u00f6\u00dft. Gegebenenfalls beh\u00e4lt sich Golfe de Saint-Tropez D\u00e9veloppement auch die M\u00f6glichkeit vor, den Nutzer zivil- und\/oder strafrechtlich zu belangen, insbesondere bei rassistischen, beleidigenden, diffamierenden oder pornografischen Mitteilungen, unabh\u00e4ngig von der Art des verwendeten Mediums (Text, Fotografie&#8230;).    <\/p>\n<\/div>\n","protected":false},"excerpt":{"rendered":"<p>www.visitgolfe-groupe.com ist eine offizielle Website von Golfe de Saint-Tropez D\u00e9veloppement. H\u00f4tel Communautaire &#8211; 2 rue Blaise Pascal &#8211; 83310 Cogolin &#8211; Tel.: +32 (0)1.1.1.1.1. +33 (0)4 94 55 22 00 SPL Cap 122.512 Euro &#8211; Genehmigung zur Vermarktung IM 083110008 &#8211; Siret 389 339 581 000 24 Pr\u00e4sentation der Website Gem\u00e4\u00df Artikel 6 des Gesetzes&#8230;<\/p>\n","protected":false},"author":1,"featured_media":0,"parent":0,"menu_order":302,"comment_status":"closed","ping_status":"closed","template":"","meta":{"_acf_changed":false,"_crdt_document":"","footnotes":""},"class_list":["post-2152","page","type-page","status-publish","hentry"],"acf":[],"_links":{"self":[{"href":"https:\/\/www.visitgolfe-groupe.com\/de\/wp-json\/wp\/v2\/pages\/2152","targetHints":{"allow":["GET"]}}],"collection":[{"href":"https:\/\/www.visitgolfe-groupe.com\/de\/wp-json\/wp\/v2\/pages"}],"about":[{"href":"https:\/\/www.visitgolfe-groupe.com\/de\/wp-json\/wp\/v2\/types\/page"}],"author":[{"embeddable":true,"href":"https:\/\/www.visitgolfe-groupe.com\/de\/wp-json\/wp\/v2\/users\/1"}],"replies":[{"embeddable":true,"href":"https:\/\/www.visitgolfe-groupe.com\/de\/wp-json\/wp\/v2\/comments?post=2152"}],"version-history":[{"count":4,"href":"https:\/\/www.visitgolfe-groupe.com\/de\/wp-json\/wp\/v2\/pages\/2152\/revisions"}],"predecessor-version":[{"id":13539,"href":"https:\/\/www.visitgolfe-groupe.com\/de\/wp-json\/wp\/v2\/pages\/2152\/revisions\/13539"}],"wp:attachment":[{"href":"https:\/\/www.visitgolfe-groupe.com\/de\/wp-json\/wp\/v2\/media?parent=2152"}],"curies":[{"name":"wp","href":"https:\/\/api.w.org\/{rel}","templated":true}]}}