{"id":2166,"date":"2024-10-08T13:48:53","date_gmt":"2024-10-08T11:48:53","guid":{"rendered":"https:\/\/www.visitgolfe-groupe.com\/zugaenglichkeit"},"modified":"2025-06-10T14:46:05","modified_gmt":"2025-06-10T12:46:05","slug":"zugaenglichkeit","status":"publish","type":"page","link":"https:\/\/www.visitgolfe-groupe.com\/de\/zugaenglichkeit","title":{"rendered":"Zug\u00e4nglichkeit"},"content":{"rendered":"\n<div class=\"wp-block-group is-layout-flow wp-block-group-is-layout-flow\">\n<h2 class=\"wp-block-heading\">Erkl\u00e4rung zur Zug\u00e4nglichkeit<\/h2>\n\n\n\n<p class=\"wp-block-paragraph\">Golfe de Saint-Tropez D\u00e9veloppement verpflichtet sich, seine Website gem\u00e4\u00df Artikel 47 des Gesetzes Nr. 2005-102 vom 11. Februar 2005 zug\u00e4nglich zu machen.<\/p>\n\n\n\n<p class=\"wp-block-paragraph\">Zu diesem Zweck wird im Jahr 2025 ein Audit durchgef\u00fchrt, das zu einer Konformit\u00e4tserkl\u00e4rung f\u00fchrt.<\/p>\n\n\n\n<p class=\"wp-block-paragraph\">Diese Erkl\u00e4rung zur Barrierefreiheit gilt f\u00fcr die Website <a href=\"https:\/\/www.visitgolfe-groupe.com\/\" data-type=\"link\" data-id=\"https:\/\/www.visitgolfe-groupe.com\/\">www.visitgolfe-groupe.com<\/a>.<\/p>\n\n\n\n<h2 class=\"wp-block-heading\">Stand der Einhaltung<\/h2>\n\n\n\n<p class=\"wp-block-paragraph\">Die Website <a href=\"https:\/\/www.visitgolfe-groupe.com\/\" data-type=\"link\" data-id=\"https:\/\/www.visitgolfe-groupe.com\/\">www.visitgolfe-groupe.com<\/a> wird hinsichtlich des RGAA gepr\u00fcft.<sup data-fn=\"51e32c1b-8451-4509-ad12-bf031d6aca1e\" class=\"fn\"><a href=\"#51e32c1b-8451-4509-ad12-bf031d6aca1e\" id=\"51e32c1b-8451-4509-ad12-bf031d6aca1e-link\">1<\/a><\/sup> 4.1.2. Die Nichtkonformit\u00e4ten und Ausnahmen werden nachfolgend aufgelistet. <\/p>\n\n\n\n<h3 class=\"wp-block-heading\">Inhalte, die nicht der Zug\u00e4nglichkeitspflicht unterliegen<\/h3>\n\n\n\n<ul class=\"wp-block-list\">\n<li>Inhalte Dritter, die nicht von der betreffenden Organisation finanziert oder entwickelt wurden und nicht unter ihrer Kontrolle stehen (Online-Rahmen, Youtube-Player, Kartografie).<\/li>\n\n\n\n<li>Dateien, die in B\u00fcroformaten verf\u00fcgbar sind, die vor dem 23. September 2018 ver\u00f6ffentlicht wurden, es sei denn, sie sind f\u00fcr die Durchf\u00fchrung eines Verwaltungsvorgangs erforderlich, der zu den von der betreffenden Einrichtung durchgef\u00fchrten Aufgaben geh\u00f6rt.<\/li>\n\n\n\n<li>Voraufgezeichneter Audio- und Videoinhalt, einschlie\u00dflich solcher mit interaktiven Komponenten, die vor dem 23. September 2020 ver\u00f6ffentlicht wurden.<\/li>\n<\/ul>\n\n\n\n<h2 class=\"wp-block-heading\">Feedback und Kontakt<\/h2>\n\n\n\n<p class=\"wp-block-paragraph\">Wenn Sie auf einen Inhalt oder eine Dienstleistung nicht zugreifen k\u00f6nnen, k\u00f6nnen Sie den Verantwortlichen der Website kontaktieren, um auf eine zug\u00e4ngliche Alternative verwiesen zu werden oder den Inhalt in einer anderen Form zu erhalten.<\/p>\n\n\n\n<h2 class=\"wp-block-heading\">Kontakt <a href=\"https:\/\/www.visitgolfe-groupe.com\/de\/rechtliche-hinweise\" data-type=\"page\" data-id=\"82\">Golfe de Saint-Tropez Entwicklung<\/a><br\/><br\/>Rechtsmittel<\/h2>\n\n\n\n<p class=\"wp-block-paragraph\">Dieses Verfahren ist in folgenden F\u00e4llen anzuwenden.<\/p>\n\n\n\n<p class=\"wp-block-paragraph\">Sie haben dem Verantwortlichen der Website einen Mangel an Zug\u00e4nglichkeit gemeldet, der Sie daran hindert, auf einen Inhalt oder einen der Dienste des Portals zuzugreifen, und Sie haben keine zufriedenstellende Antwort erhalten.<\/p>\n\n\n\n<p class=\"wp-block-paragraph\">Schreiben Sie eine Nachricht an den Rechtsverteidiger<a href=\"https:\/\/formulaire.defenseurdesdroits.fr\">(formulaire.defenseurdesdroits.fr<\/a>)<br\/>Kontaktieren Sie den Delegierten des Rechtsverteidigers in Ihrer N\u00e4he<a href=\"https:\/\/defenseurdesdroits.fr\/saisir\/delegues\">(defenseurdesdroits.fr\/saisir\/delegues<\/a>)<br\/>Senden Sie einen Brief per Post (kostenlos, bitte keine Briefmarke verwenden)<br\/>Rechtsverteidiger<br\/>Freie Antwort 71120<br\/>75342 Paris CEDEX 07<\/p>\n\n\n<ol class=\"wp-block-footnotes\"><li id=\"51e32c1b-8451-4509-ad12-bf031d6aca1e\"> <a href=\"#51e32c1b-8451-4509-ad12-bf031d6aca1e-link\" aria-label=\"Jump to footnote reference 1\">\u21a9\ufe0e<\/a><\/li><\/ol><\/div>\n","protected":false},"excerpt":{"rendered":"<p>Erkl\u00e4rung zur Zug\u00e4nglichkeit Golfe de Saint-Tropez D\u00e9veloppement verpflichtet sich, seine Website gem\u00e4\u00df Artikel 47 des Gesetzes Nr. 2005-102 vom 11. Februar 2005 zug\u00e4nglich zu machen. Zu diesem Zweck wird im Jahr 2025 ein Audit durchgef\u00fchrt, das zu einer Konformit\u00e4tserkl\u00e4rung f\u00fchrt. Diese Erkl\u00e4rung zur Barrierefreiheit gilt f\u00fcr die Website www.visitgolfe-groupe.com. Stand der Einhaltung Die Website www.visitgolfe-groupe.com&#8230;<\/p>\n","protected":false},"author":1,"featured_media":0,"parent":0,"menu_order":273,"comment_status":"closed","ping_status":"closed","template":"","meta":{"_acf_changed":false,"_crdt_document":"","footnotes":"[{\"id\":\"51e32c1b-8451-4509-ad12-bf031d6aca1e\",\"content\":\"\"}]"},"class_list":["post-2166","page","type-page","status-publish","hentry"],"acf":[],"_links":{"self":[{"href":"https:\/\/www.visitgolfe-groupe.com\/de\/wp-json\/wp\/v2\/pages\/2166","targetHints":{"allow":["GET"]}}],"collection":[{"href":"https:\/\/www.visitgolfe-groupe.com\/de\/wp-json\/wp\/v2\/pages"}],"about":[{"href":"https:\/\/www.visitgolfe-groupe.com\/de\/wp-json\/wp\/v2\/types\/page"}],"author":[{"embeddable":true,"href":"https:\/\/www.visitgolfe-groupe.com\/de\/wp-json\/wp\/v2\/users\/1"}],"replies":[{"embeddable":true,"href":"https:\/\/www.visitgolfe-groupe.com\/de\/wp-json\/wp\/v2\/comments?post=2166"}],"version-history":[{"count":4,"href":"https:\/\/www.visitgolfe-groupe.com\/de\/wp-json\/wp\/v2\/pages\/2166\/revisions"}],"predecessor-version":[{"id":6521,"href":"https:\/\/www.visitgolfe-groupe.com\/de\/wp-json\/wp\/v2\/pages\/2166\/revisions\/6521"}],"wp:attachment":[{"href":"https:\/\/www.visitgolfe-groupe.com\/de\/wp-json\/wp\/v2\/media?parent=2166"}],"curies":[{"name":"wp","href":"https:\/\/api.w.org\/{rel}","templated":true}]}}