{"id":2275,"date":"2025-02-19T11:34:06","date_gmt":"2025-02-19T10:34:06","guid":{"rendered":"https:\/\/www.visitgolfe-groupe.com\/bevorstehende-veranstaltungen\/les-voiles-de-saint-tropez"},"modified":"2026-05-13T14:07:59","modified_gmt":"2026-05-13T12:07:59","slug":"les-voiles-de-saint-tropez","status":"publish","type":"page","link":"https:\/\/www.visitgolfe-groupe.com\/de\/veranstaltungen\/les-voiles-de-saint-tropez","title":{"rendered":"Les Voiles de Saint-Tropez"},"content":{"rendered":"\n<div class=\"wp-block-group alignfull has-tertiary-container-background-color has-background is-layout-flow wp-block-group-is-layout-flow\">\n<div class=\"wp-block-cover alignfull is-light has-custom-content-position is-position-bottom-left\" style=\"padding-top:var(--wp--preset--spacing--50);padding-right:var(--wp--preset--spacing--50);padding-bottom:var(--wp--preset--spacing--50);padding-left:var(--wp--preset--spacing--50);min-height:100vh;aspect-ratio:unset;\"><video class=\"wp-block-cover__video-background intrinsic-ignore\" autoplay muted loop playsinline src=\"https:\/\/www.visitgolfe-groupe.com\/app\/uploads\/2025\/09\/les_voiles_de_saint-tropez_2025_-_teaser-1080p.mp4\" data-object-fit=\"cover\"><\/video><span aria-hidden=\"true\" class=\"wp-block-cover__background has-background-dim wp-block-cover__gradient-background has-background-gradient\" style=\"background:linear-gradient(0deg,rgba(0,0,0,0) 30%,rgba(0,0,0,1) 100%)\"><\/span><div class=\"wp-block-cover__inner-container is-layout-flow wp-block-cover-is-layout-flow\">\n<p class=\"has-text-align-center has-large-font-size wp-block-paragraph\"><\/p>\n<\/div><\/div>\n<\/div>\n\n<p class=\"wp-block-paragraph\">Zwischen der Eleganz <strong>klassischer Yachten<\/strong>, der Leistung <strong>moderner Segelschiffe<\/strong> und dem Spektakel auf dem Wasser erleben Sie intensive Emotionen und einen privilegierten Blickwinkel.  <\/p>\n\n<p class=\"wp-block-paragraph\"><strong>Bestaunen<\/strong>, <strong>fotografieren<\/strong> und<strong> teilen Sie<\/strong> seltene Momente aus <strong>der N\u00e4he der Regatten<\/strong>, f\u00fcr unvergessliche Erinnerungen.  <\/p>\n\n<p class=\"wp-block-paragraph\">Buchen Sie schnell und lassen Sie sich von der Magie tragen!  <\/p>\n\n<p class=\"wp-block-paragraph\"><strong>M\u00f6glichkeit der Privatisierung <\/strong>f\u00fcr bis zu 110 Personen: auf Anfrage Abfahrt von den <strong>Marines in Cogolin<\/strong>, <strong>Saint-Tropez<\/strong> oder <strong>Sainte-Maxime<\/strong>.<\/p>\n\n<div style=\"height:37px\" aria-hidden=\"true\" class=\"wp-block-spacer\"><\/div>\n\n<div class=\"wp-block-buttons is-content-justification-center is-layout-flex wp-container-core-buttons-is-layout-9b3e53d3 wp-block-buttons-is-layout-flex\">\n<div class=\"wp-block-button is-style-secondary\"><a class=\"wp-block-button__link has-text-align-center wp-element-button\" href=\"https:\/\/www.visitgolfe-groupe.com\/de\/massgeschneiderter-kostenvoranschlag\" target=\"_blank\" rel=\"noreferrer noopener\">ANGEBOTSANFRAGE<\/a><\/div>\n<\/div>\n\t\t<noscript>\t<ul class=\"list-event\">\n\t\t    <div class=\"grid__item\">\n      <a href=\"https:\/\/www.visitgolfe-groupe.com\/fr\/sejour-tout-compris\/sejour-groupe-voiles-de-saint-tropez-7824947\" class=\"single-item\">\n        <div class=\"grid__img\">\n                      <img loading=\"lazy\" decoding=\"async\" src=\"https:\/\/www.visitgolfe-groupe.com\/app\/plugins\/apidae\/public\/files\/mini\/sejour-groupe-voiles-de-saint-tropez_7824947_1.jpg\" alt=\"Les Voiles de Saint-Tropez\"\n              title=\"Les Voiles de Saint-Tropez\" width=\"640\" height=\"300\" \/>\n                            <\/div>\n        <div class=\"grid__inner\">\n            \n            \n          <h2 class=\"formattedText\">S\u00e9jour groupe Voiles de Saint-Tropez<\/h2>\n            \n          <div class=\"grid__sub\">\n            <div class=\"grid__datetime\">\n              <span class=\"grid__commune\">\n                <i class=\"fa-thin fa-map-marker-alt\"><\/i>&nbsp;\n                <span\n                  itemprop=\"streetAddress\">Lou Riou<\/span>&nbsp;                <span\n                  itemprop=\"streetAddress\">130 chemin de la Moutte<\/span>&nbsp;                                -&nbsp;                Saint-Tropez              <\/span>\n            <\/div>\n          <\/div>\n        <\/div>\n      <\/a>\n    <\/div>\n      <div class=\"grid__item\">\n      <a href=\"https:\/\/www.visitgolfe-groupe.com\/fr\/loisirs\/activites-sportives\/cogolin\/1-2-journee-suivi-des-voiles-de-saint-tropez-7219110\" class=\"single-item\">\n        <div class=\"grid__img\">\n                      <img loading=\"lazy\" decoding=\"async\" src=\"https:\/\/www.visitgolfe-groupe.com\/app\/plugins\/apidae\/public\/files\/mini\/1-2-journee-suivi-des-voiles-de-saint-tropez_7219110_1.jpg\" alt=\"Voiles de Saint-Tropez\"\n              title=\"Voiles de Saint-Tropez\" width=\"640\" height=\"300\" \/>\n                                                                        <\/div>\n        <div class=\"grid__inner\">\n            \n                      <div class=\"gotto\">\n                              Activit\u00e9s sportives\n                                        <\/div>\n            \n          <h2 class=\"formattedText\">1\/2 journ\u00e9e suivi des Voiles de Saint-Tropez<\/h2>\n            \n          <div class=\"grid__sub\">\n            <div class=\"grid__datetime\">\n              <span class=\"grid__commune\">\n                <i class=\"fa-thin fa-map-marker-alt\"><\/i>&nbsp;\n                                                                                Cogolin              <\/span>\n            <\/div>\n          <\/div>\n        <\/div>\n      <\/a>\n    <\/div>\n      <div class=\"grid__item\">\n      <a href=\"https:\/\/www.visitgolfe-groupe.com\/fr\/loisirs\/activites-sportives\/cogolin\/suivi-des-voiles-de-saint-tropez-7241918\" class=\"single-item\">\n        <div class=\"grid__img\">\n                      <img loading=\"lazy\" decoding=\"async\" src=\"https:\/\/www.visitgolfe-groupe.com\/app\/plugins\/apidae\/public\/files\/mini\/suivi-des-voiles-de-saint-tropez_7241918_1.jpg\" alt=\"\"\n              title=\"\" width=\"640\" height=\"300\" \/>\n                                                  <\/div>\n        <div class=\"grid__inner\">\n            \n                      <div class=\"gotto\">\n                              Activit\u00e9s sportives\n                                        <\/div>\n            \n          <h2 class=\"formattedText\">Suivi des Voiles de Saint-Tropez<\/h2>\n            \n          <div class=\"grid__sub\">\n            <div class=\"grid__datetime\">\n              <span class=\"grid__commune\">\n                <i class=\"fa-thin fa-map-marker-alt\"><\/i>&nbsp;\n                                                                                Cogolin              <\/span>\n            <\/div>\n          <\/div>\n        <\/div>\n      <\/a>\n    <\/div>\n  \t<\/ul>\n<\/noscript><div id=\"prestaItems-1344225440\" class=\"prestaItems wp-block-apidae-prestas alignwide\">\r\n\t\t\t<apidae-prestas\r\n\t\t\t\tslug=\"evt-les-voiles-de-saint-tropez\"\r\n\t\t\t\tlayout-mode=\"list\"\r\n\t\t\t\tmap-height=\"\"\r\n\t\t\t\ttheme=\"default\"\r\n\t\t\t\ttype=\"grid\"\r\n\t\t\t\ttype-filtre=\"popover\"\r\n\t\t\t\ttype-paginate=\"INFINITE\"\r\n\t\t\t\ttitle=\"\"\r\n\t\t\t\t:nb-per-page=\"12\"\r\n\t\t\t\tfilter=\"\"\r\n\t\t\t\tlang=\"fr\"\r\n\t\t\t\t:groupe-ids-to-hide=\"[7]\"\r\n\t\t\t\t:groupe-ids-to-open=\"[31]\"\r\n\t\t\t\t:tri-filters=\"['alphabetique','triEvenement']\"\r\n\t\t\t\t:tri=\"['triEvenement']\"\r\n        :show-filtre=\"0\"\r\n\t\t\t\t:show-filtre-nb-results=\"0\"\r\n        :show-filtre-results=\"0\"\r\n        :show-filtre-lib=\"0\"\r\n        :show-filtre-tri=\"0\"\r\n        :show-filtre-groupes=\"0\"\r\n        :show-filtre-date=\"0\"\r\n        :show-filtre-age=\"0\"\r\n        :show-filtre-price=\"0\"\r\n        :show-filtre-capacity=\"0\"\r\n        :show-filtre-nombre-chambres=\"0\"\r\n        :show-filtre-nombre-jours=\"0\"\r\n        :show-filtre-nombre-nuits=\"0\"\r\n        :show-filtre-distance=\"0\"\r\n        :show-filtre-duration=\"0\"\r\n        :show-filtre-elevation=\"0\"\r\n        :show-filtre-geolocalisation=\"0\"\r\n        :show-prestas=\"1\"\r\n\t\t\t\t:show-prestas-address=\"0\"\r\n\t\t\t\t:show-prestas-attributes=\"0\"\r\n\t\t\t\t:show-prestas-breadcrumb=\"0\"\r\n\t\t\t\t:show-prestas-calendar=\"0\"\r\n\t\t\t\t:show-prestas-cart=\"1\"\r\n\t\t\t\t:show-prestas-categorie=\"0\"\r\n\t\t\t\t:show-prestas-contact=\"0\"\r\n\t\t\t\t:show-prestas-coordonnee=\"0\"\r\n\t\t\t\t:show-prestas-cover=\"1\"\r\n\t\t\t\t:show-prestas-date=\"0\"\r\n\t\t\t\t:show-prestas-description=\"1\"\r\n\t\t\t\t:show-prestas-dispo=\"0\"\r\n\t\t\t\t:show-prestas-gallery=\"0\"\r\n\t\t\t\t:show-prestas-fair-guest=\"0\"\r\n\t\t\t\t:show-prestas-fair-guest-lite=\"0\"\r\n\t\t\t\t:show-prestas-logo=\"0\"\r\n\t\t\t\t:show-prestas-map=\"1\"\r\n\t\t\t\t:show-prestas-map-closed=\"1\"\r\n\t\t\t\t:show-prestas-map-cluster=\"1\"\r\n\t\t\t\t:show-prestas-map-controls=\"0\"\r\n\t\t\t\t:show-prestas-map-zoom-scroll=\"0\"\r\n\t\t\t\t:show-prestas-objets-lies=\"0\"\r\n\t\t\t\t:show-prestas-opened=\"0\"\r\n\t\t\t\t:show-prestas-tarif=\"1\"\r\n\t\t\t\t:show-prestas-title=\"1\"\r\n\t\t\t\t:show-presta-address=\"1\"\r\n\t\t\t\t:show-presta-attributes=\"1\"\r\n\t\t\t\t:show-presta-back=\"1\"\r\n\t\t\t\t:show-presta-breadcrumb=\"0\"\r\n\t\t\t\t:show-presta-calendar=\"1\"\r\n\t\t\t\t:show-presta-cart=\"0\"\r\n\t\t\t\t:show-presta-categorie=\"1\"\r\n\t\t\t\t:show-presta-contact=\"0\"\r\n\t\t\t\t:show-presta-coordonnee=\"1\"\r\n\t\t\t\t:show-presta-cover=\"1\"\r\n\t\t\t\t:show-presta-date=\"1\"\r\n\t\t\t\t:show-presta-description=\"1\"\r\n\t\t\t\t:show-presta-dispo=\"1\"\r\n\t\t\t\t:show-presta-gallery=\"1\"\r\n\t\t\t\t:show-presta-fair-guest=\"0\"\r\n\t\t\t\t:show-presta-fair-guest-lite=\"0\"\r\n\t\t\t\t:show-presta-logo=\"1\"\r\n\t\t\t\t:show-presta-map=\"1\"\r\n\t\t\t\t:show-presta-map-closed=\"1\"\r\n\t\t\t\t:show-presta-map-cluster=\"1\"\r\n\t\t\t\t:show-presta-map-controls=\"1\"\r\n\t\t\t\t:show-presta-map-zoom-scroll=\"1\"\r\n\t\t\t\t:show-presta-objets-attaches=\"1\"\r\n\t\t\t\t:show-presta-objets-croises=\"1\"\r\n\t\t\t\t:show-presta-objets-geres=\"1\"\r\n\t\t\t\t:show-presta-objets-lies=\"0\"\r\n\t\t\t\t:show-presta-opened=\"1\"\r\n\t\t\t\t:show-presta-tarif=\"1\"\r\n\t\t\t\t:show-presta-title=\"1\"\r\n\t\t\t\t:show-presta-view=\"1\">\r\n\t\t\t<\/apidae-prestas>\r\n\t\t<\/div>\n<h4 class=\"wp-block-heading\"><strong>Was macht die Voiles de Saint-Tropez einzigartig?<\/strong><\/h4>\n\n<div style=\"height:30px\" aria-hidden=\"true\" class=\"wp-block-spacer\"><\/div>\n\n<p class=\"wp-block-paragraph\">Es ist ein spektakul\u00e4res Zusammentreffen von v\u00f6llig unterschiedlichen Wassersportarten auf demselben Gew\u00e4sser:<\/p>\n\n<div style=\"height:30px\" aria-hidden=\"true\" class=\"wp-block-spacer\"><\/div>\n\n<ul class=\"wp-block-list\">\n<li>Klassische Segelschiffe, die manchmal \u00fcber 100 Jahre alt sind und schwimmende Kunstwerke darstellen.<\/li>\n\n\n\n<li>Hochmoderne Maxi-Yachten auf dem neuesten Stand der Technik<\/li>\n\n\n\n<li>Einige der leistungsst\u00e4rksten Boote im internationalen Wettbewerb<\/li>\n<\/ul>\n\n<p class=\"wp-block-paragraph\">Diese seltene Mischung schafft ein gro\u00dfartiges Schauspiel in der au\u00dfergew\u00f6hnlichen Kulisse des Golfs von Saint-Tropez.<\/p>\n\n<div style=\"height:30px\" aria-hidden=\"true\" class=\"wp-block-spacer\"><\/div>\n\n<h4 class=\"wp-block-heading\"><strong>Wie entstand dieses mythische Ereignis?<\/strong><\/h4>\n\n<div style=\"height:30px\" aria-hidden=\"true\" class=\"wp-block-spacer\"><\/div>\n\n<p class=\"wp-block-paragraph\">Die 1999 von der Soci\u00e9t\u00e9 Nautique de Saint-Tropez ins Leben gerufene Voiles ist die Nachfolgeveranstaltung von La Nioulargue, einem emblematischen Treffen des Wassersports in den 1980er und 1990er Jahren. In nur wenigen Jahren hat sich die Veranstaltung zu einem der prestigetr\u00e4chtigsten Segelboottreffen der Welt entwickelt. <\/p>\n\n<h4 class=\"wp-block-heading\"><strong>Warum fasziniert Les Voiles de Saint-Tropez die ganze Welt?<\/strong><\/h4>\n\n<div style=\"height:30px\" aria-hidden=\"true\" class=\"wp-block-spacer\"><\/div>\n\n<p class=\"wp-block-paragraph\">Jedes Jahr wird die Bucht von Saint-Tropez zum Schauplatz eines au\u00dfergew\u00f6hnlichen Segelspektakels, bei dem Eleganz, Tradition und Leistung aufeinandertreffen. Die Voiles de Saint-Tropez sind mehr als nur eine Regatta, sie verk\u00f6rpern die mediterrane Lebenskunst und die Leidenschaft f\u00fcr das Meer. <\/p>\n\n<h4 class=\"wp-block-heading\"><strong>Was ist das Dorf der Segel?<\/strong><\/h4>\n\n<div style=\"height:30px\" aria-hidden=\"true\" class=\"wp-block-spacer\"><\/div>\n\n<p class=\"wp-block-paragraph\">Im Herzen der Veranstaltung, im Hafen von Saint-Tropez, bietet das Village des Voiles einen kompletten Einblick in die Welt des Wassersports:<\/p>\n\n<ul class=\"wp-block-list\">\n<li>Ausstellungen von nautischem Material und technologischen Innovationen<\/li>\n\n\n\n<li>St\u00e4nde von f\u00fchrenden Segel-, Yachting- und Luxusmarken<\/li>\n\n\n\n<li>Restaurantbereiche mit lokalen und internationalen Geschmacksrichtungen<\/li>\n\n\n\n<li>Vorf\u00fchrungen von Filmen und Dokumentationen \u00fcber das Segeln<\/li>\n\n\n\n<li>Begegnungen und Austausch mit Skippern und Mannschaften<\/li>\n\n\n\n<li>Konzerte und musikalische Unterhaltung am Abend<\/li>\n<\/ul>\n\n<p class=\"wp-block-paragraph\">Ein lebendiger Ort, an dem der Wettbewerb am Ende des Tages einer festlichen, freundlichen und herzlichen Atmosph\u00e4re weicht.<\/p>\n\n<div style=\"height:30px\" aria-hidden=\"true\" class=\"wp-block-spacer\"><\/div>\n\n<div class=\"wp-block-buttons is-content-justification-center is-layout-flex wp-container-core-buttons-is-layout-9b3e53d3 wp-block-buttons-is-layout-flex\">\n<div class=\"wp-block-button is-style-secondary\"><a class=\"wp-block-button__link has-text-align-center wp-element-button\" href=\"https:\/\/www.visitgolfe-groupe.com\/de\/massgeschneiderter-kostenvoranschlag\" target=\"_blank\" rel=\"noreferrer noopener\">KONTAKTIEREN SIE UNS<\/a><\/div>\n<\/div>\n\n<p class=\"wp-block-paragraph\"><\/p>\n","protected":false},"excerpt":{"rendered":"<p>Zwischen der Eleganz klassischer Yachten, der Leistung moderner Segelschiffe und dem Spektakel auf dem Wasser erleben Sie intensive Emotionen und einen privilegierten Blickwinkel. Bestaunen, fotografieren und teilen Sie seltene Momente aus der N\u00e4he der Regatten, f\u00fcr unvergessliche Erinnerungen. Buchen Sie schnell und lassen Sie sich von der Magie tragen! M\u00f6glichkeit der Privatisierung f\u00fcr bis zu&#8230;<\/p>\n","protected":false},"author":1,"featured_media":2105,"parent":2409,"menu_order":112,"comment_status":"closed","ping_status":"closed","template":"","meta":{"_acf_changed":false,"_crdt_document":"","footnotes":""},"class_list":["post-2275","page","type-page","status-publish","has-post-thumbnail","hentry"],"acf":[],"_links":{"self":[{"href":"https:\/\/www.visitgolfe-groupe.com\/de\/wp-json\/wp\/v2\/pages\/2275","targetHints":{"allow":["GET"]}}],"collection":[{"href":"https:\/\/www.visitgolfe-groupe.com\/de\/wp-json\/wp\/v2\/pages"}],"about":[{"href":"https:\/\/www.visitgolfe-groupe.com\/de\/wp-json\/wp\/v2\/types\/page"}],"author":[{"embeddable":true,"href":"https:\/\/www.visitgolfe-groupe.com\/de\/wp-json\/wp\/v2\/users\/1"}],"replies":[{"embeddable":true,"href":"https:\/\/www.visitgolfe-groupe.com\/de\/wp-json\/wp\/v2\/comments?post=2275"}],"version-history":[{"count":24,"href":"https:\/\/www.visitgolfe-groupe.com\/de\/wp-json\/wp\/v2\/pages\/2275\/revisions"}],"predecessor-version":[{"id":14568,"href":"https:\/\/www.visitgolfe-groupe.com\/de\/wp-json\/wp\/v2\/pages\/2275\/revisions\/14568"}],"up":[{"embeddable":true,"href":"https:\/\/www.visitgolfe-groupe.com\/de\/wp-json\/wp\/v2\/pages\/2409"}],"wp:featuredmedia":[{"embeddable":true,"href":"https:\/\/www.visitgolfe-groupe.com\/de\/wp-json\/wp\/v2\/media\/2105"}],"wp:attachment":[{"href":"https:\/\/www.visitgolfe-groupe.com\/de\/wp-json\/wp\/v2\/media?parent=2275"}],"curies":[{"name":"wp","href":"https:\/\/api.w.org\/{rel}","templated":true}]}}