{"id":2306,"date":"2024-12-18T09:11:32","date_gmt":"2024-12-18T08:11:32","guid":{"rendered":"https:\/\/www.visitgolfe-groupe.com\/begleitete-wanderungen"},"modified":"2025-06-10T14:40:52","modified_gmt":"2025-06-10T12:40:52","slug":"begleitete-wanderungen","status":"publish","type":"page","link":"https:\/\/www.visitgolfe-groupe.com\/de\/begleitete-wanderungen","title":{"rendered":"Begleitete Wanderungen"},"content":{"rendered":"\n<div class=\"wp-block-group alignwide has-tertiary-container-background-color has-background is-layout-flow wp-block-group-is-layout-flow\">\n<div class=\"wp-block-cover alignfull has-custom-content-position is-position-bottom-left\" style=\"padding-top:var(--wp--preset--spacing--50);padding-right:var(--wp--preset--spacing--50);padding-bottom:var(--wp--preset--spacing--50);padding-left:var(--wp--preset--spacing--50);min-height:700px;aspect-ratio:unset;\"><span aria-hidden=\"true\" class=\"wp-block-cover__background has-background-dim has-background-gradient\" style=\"background:linear-gradient(0deg,rgba(0,0,0,0) 30%,rgba(0,0,0,1) 100%)\"><\/span><img loading=\"lazy\" decoding=\"async\" width=\"822\" height=\"1024\" src=\"https:\/\/www.visitgolfe-groupe.com\/app\/uploads\/2025\/02\/le-rayol-rando-ambassadeurs-AMZ-groupe-2022-5-822x1024.jpg\" class=\"wp-block-cover__image-background wp-post-image\" alt=\"\" data-object-fit=\"cover\" srcset=\"https:\/\/www.visitgolfe-groupe.com\/app\/uploads\/2025\/02\/le-rayol-rando-ambassadeurs-AMZ-groupe-2022-5-822x1024.jpg 822w, https:\/\/www.visitgolfe-groupe.com\/app\/uploads\/2025\/02\/le-rayol-rando-ambassadeurs-AMZ-groupe-2022-5-241x300.jpg 241w, https:\/\/www.visitgolfe-groupe.com\/app\/uploads\/2025\/02\/le-rayol-rando-ambassadeurs-AMZ-groupe-2022-5-768x957.jpg 768w, https:\/\/www.visitgolfe-groupe.com\/app\/uploads\/2025\/02\/le-rayol-rando-ambassadeurs-AMZ-groupe-2022-5-1233x1536.jpg 1233w, https:\/\/www.visitgolfe-groupe.com\/app\/uploads\/2025\/02\/le-rayol-rando-ambassadeurs-AMZ-groupe-2022-5-1644x2048.jpg 1644w, https:\/\/www.visitgolfe-groupe.com\/app\/uploads\/2025\/02\/le-rayol-rando-ambassadeurs-AMZ-groupe-2022-5.jpg 2000w\" sizes=\"auto, (max-width: 822px) 100vw, 822px\" \/><div class=\"wp-block-cover__inner-container is-layout-flow wp-block-cover-is-layout-flow\">\n<p class=\"has-text-align-center has-large-font-size wp-block-paragraph\"><\/p>\n<\/div><\/div>\n<\/div>\n\n<div class=\"wp-block-group is-layout-constrained wp-block-group-is-layout-constrained\">\n<p class=\"wp-block-paragraph\">Entdecken Sie in Begleitung eines <strong>erfahrenen F\u00fchrers<\/strong> \u00fcber 300 km au\u00dfergew\u00f6hnliche Wanderwege: die H\u00fcgel der Patapans, das Massif des Maures, die panoramischen Bergk\u00e4mme von Cavalaire und die emblematischen Kaps von Ramatuelle. Ob <strong>zu Fu\u00df, mit dem Elektro-Mountainbike, im Kajak oder auf dem Paddelboot<\/strong>, erleben Sie ein einzigartiges Abenteuer, das Natur und Sport miteinander verbindet und K\u00f6rper und Geist zum Staunen bringt. Ideal f\u00fcr <strong>Seminare, Teambuilding und Gruppenausfl\u00fcge<\/strong>. <strong>Kontaktieren Sie uns f\u00fcr ein ma\u00dfgeschneidertes Erlebnis!<\/strong>  <\/p>\n<\/div>\n\t\t<noscript>\t<ul class=\"list-event\">\n\t\t    <div class=\"grid__item\">\n      <a href=\"https:\/\/www.visitgolfe-groupe.com\/fr\/loisirs\/le-golfe-de-saint-tropez-autrement-journee-nature-et-bien-etre-7222051\" class=\"single-item\">\n        <div class=\"grid__img\">\n                      <img loading=\"lazy\" decoding=\"async\" src=\"https:\/\/www.visitgolfe-groupe.com\/app\/plugins\/apidae\/public\/files\/mini\/le-golfe-de-saint-tropez-autrement-journee-nature-et-bien-etre_7222051_1.jpg\" alt=\"\"\n              title=\"\" width=\"640\" height=\"300\" \/>\n                                                                                                                    <\/div>\n        <div class=\"grid__inner\">\n            \n            \n          <h2 class=\"formattedText\">Le Golfe de Saint-Tropez autrement :  journ\u00e9e nature et bien \u00eatre<\/h2>\n            \n          <div class=\"grid__sub\">\n            <div class=\"grid__datetime\">\n              <span class=\"grid__commune\">\n                <i class=\"fa-thin fa-map-marker-alt\"><\/i>&nbsp;\n                                                                                Cavalaire-sur-Mer              <\/span>\n            <\/div>\n          <\/div>\n        <\/div>\n      <\/a>\n    <\/div>\n      <div class=\"grid__item\">\n      <a href=\"https:\/\/www.visitgolfe-groupe.com\/fr\/loisirs\/apres-midi-decouverte-du-domaine-du-rayol-7276508\" class=\"single-item\">\n        <div class=\"grid__img\">\n                      <img loading=\"lazy\" decoding=\"async\" src=\"https:\/\/www.visitgolfe-groupe.com\/app\/plugins\/apidae\/public\/files\/mini\/apres-midi-decouverte-du-domaine-du-rayol_7276508_1.jpg\" alt=\"\"\n              title=\"\" width=\"640\" height=\"300\" \/>\n                                                                                              <\/div>\n        <div class=\"grid__inner\">\n            \n            \n          <h2 class=\"formattedText\">Apr\u00e8s-midi d\u00e9couverte du Domaine du Rayol<\/h2>\n            \n          <div class=\"grid__sub\">\n            <div class=\"grid__datetime\">\n              <span class=\"grid__commune\">\n                <i class=\"fa-thin fa-map-marker-alt\"><\/i>&nbsp;\n                                                                                Rayol-Canadel-sur-Mer              <\/span>\n            <\/div>\n          <\/div>\n        <\/div>\n      <\/a>\n    <\/div>\n      <div class=\"grid__item\">\n      <a href=\"https:\/\/www.visitgolfe-groupe.com\/fr\/loisirs\/activites-culturelles\/rayol-canadel-sur-mer\/visite-guidee-du-domaine-du-rayol-et-dejeuner-7276545\" class=\"single-item\">\n        <div class=\"grid__img\">\n                      <img loading=\"lazy\" decoding=\"async\" src=\"https:\/\/www.visitgolfe-groupe.com\/app\/plugins\/apidae\/public\/files\/mini\/visite-guidee-du-domaine-du-rayol-et-dejeuner_7276545_1.jpg\" alt=\"\"\n              title=\"\" width=\"640\" height=\"300\" \/>\n                                                                                              <\/div>\n        <div class=\"grid__inner\">\n            \n                      <div class=\"gotto\">\n                              Activit\u00e9s culturelles\n                                        <\/div>\n            \n          <h2 class=\"formattedText\">Visite guid\u00e9e du Domaine du Rayol et D\u00e9jeuner<\/h2>\n            \n          <div class=\"grid__sub\">\n            <div class=\"grid__datetime\">\n              <span class=\"grid__commune\">\n                <i class=\"fa-thin fa-map-marker-alt\"><\/i>&nbsp;\n                                                                                Rayol-Canadel-sur-Mer              <\/span>\n            <\/div>\n          <\/div>\n        <\/div>\n      <\/a>\n    <\/div>\n      <div class=\"grid__item\">\n      <a href=\"https:\/\/www.visitgolfe-groupe.com\/fr\/loisirs\/activites-sportives\/ramatuelle\/challenge-canoe-kayak-et-paddle-a-ramatuelle-7201965\" class=\"single-item\">\n        <div class=\"grid__img\">\n                      <img loading=\"lazy\" decoding=\"async\" src=\"https:\/\/www.visitgolfe-groupe.com\/app\/plugins\/apidae\/public\/files\/mini\/challenge-canoe-kayak-et-paddle-a-ramatuelle_7201965_1.jpg\" alt=\"\"\n              title=\"\" width=\"640\" height=\"300\" \/>\n                                                                        <\/div>\n        <div class=\"grid__inner\">\n            \n                      <div class=\"gotto\">\n                              Activit\u00e9s sportives\n                                        <\/div>\n            \n          <h2 class=\"formattedText\">Challenge Canoe kayak et paddle \u00e0 Ramatuelle<\/h2>\n            \n          <div class=\"grid__sub\">\n            <div class=\"grid__datetime\">\n              <span class=\"grid__commune\">\n                <i class=\"fa-thin fa-map-marker-alt\"><\/i>&nbsp;\n                                                                                Ramatuelle              <\/span>\n            <\/div>\n          <\/div>\n        <\/div>\n      <\/a>\n    <\/div>\n      <div class=\"grid__item\">\n      <a href=\"https:\/\/www.visitgolfe-groupe.com\/fr\/loisirs\/activites-sportives\/ramatuelle\/randonnee-accompagnee-en-canoe-kayak-7220644\" class=\"single-item\">\n        <div class=\"grid__img\">\n                      <img loading=\"lazy\" decoding=\"async\" src=\"https:\/\/www.visitgolfe-groupe.com\/app\/plugins\/apidae\/public\/files\/mini\/randonnee-accompagnee-en-canoe-kayak_7220644_1.jpg\" alt=\"\"\n              title=\"\" width=\"640\" height=\"300\" \/>\n                                                                        <\/div>\n        <div class=\"grid__inner\">\n            \n                      <div class=\"gotto\">\n                              Activit\u00e9s sportives\n                                        <\/div>\n            \n          <h2 class=\"formattedText\">Randonn\u00e9e accompagn\u00e9e en Cano\u00eb Kayak<\/h2>\n            \n          <div class=\"grid__sub\">\n            <div class=\"grid__datetime\">\n              <span class=\"grid__commune\">\n                <i class=\"fa-thin fa-map-marker-alt\"><\/i>&nbsp;\n                                                                                Ramatuelle              <\/span>\n            <\/div>\n          <\/div>\n        <\/div>\n      <\/a>\n    <\/div>\n  \t<\/ul>\n<\/noscript><div id=\"prestaItems-139516691\" class=\"prestaItems wp-block-apidae-prestas alignwide\">\r\n\t\t\t<apidae-prestas\r\n\t\t\t\tslug=\"rdv-type-rando-accompagnees\"\r\n\t\t\t\tlayout-mode=\"list\"\r\n\t\t\t\tmap-height=\"\"\r\n\t\t\t\ttheme=\"default\"\r\n\t\t\t\ttype=\"grid\"\r\n\t\t\t\ttype-filtre=\"popover\"\r\n\t\t\t\ttype-paginate=\"INFINITE\"\r\n\t\t\t\ttitle=\"\"\r\n\t\t\t\t:nb-per-page=\"12\"\r\n\t\t\t\tfilter=\"\"\r\n\t\t\t\tlang=\"fr\"\r\n\t\t\t\t:groupe-ids-to-hide=\"[7]\"\r\n\t\t\t\t:groupe-ids-to-open=\"[31]\"\r\n\t\t\t\t:tri-filters=\"['alphabetique','triEvenement']\"\r\n\t\t\t\t:tri=\"['alphabetique']\"\r\n        :show-filtre=\"1\"\r\n\t\t\t\t:show-filtre-nb-results=\"1\"\r\n        :show-filtre-results=\"0\"\r\n        :show-filtre-lib=\"0\"\r\n        :show-filtre-tri=\"1\"\r\n        :show-filtre-groupes=\"1\"\r\n        :show-filtre-date=\"1\"\r\n        :show-filtre-age=\"0\"\r\n        :show-filtre-price=\"1\"\r\n        :show-filtre-capacity=\"0\"\r\n        :show-filtre-nombre-chambres=\"0\"\r\n        :show-filtre-nombre-jours=\"1\"\r\n        :show-filtre-nombre-nuits=\"0\"\r\n        :show-filtre-distance=\"0\"\r\n        :show-filtre-duration=\"0\"\r\n        :show-filtre-elevation=\"0\"\r\n        :show-filtre-geolocalisation=\"0\"\r\n        :show-prestas=\"1\"\r\n\t\t\t\t:show-prestas-address=\"0\"\r\n\t\t\t\t:show-prestas-attributes=\"0\"\r\n\t\t\t\t:show-prestas-breadcrumb=\"0\"\r\n\t\t\t\t:show-prestas-calendar=\"0\"\r\n\t\t\t\t:show-prestas-cart=\"1\"\r\n\t\t\t\t:show-prestas-categorie=\"0\"\r\n\t\t\t\t:show-prestas-contact=\"0\"\r\n\t\t\t\t:show-prestas-coordonnee=\"0\"\r\n\t\t\t\t:show-prestas-cover=\"1\"\r\n\t\t\t\t:show-prestas-date=\"0\"\r\n\t\t\t\t:show-prestas-description=\"1\"\r\n\t\t\t\t:show-prestas-dispo=\"0\"\r\n\t\t\t\t:show-prestas-gallery=\"0\"\r\n\t\t\t\t:show-prestas-fair-guest=\"0\"\r\n\t\t\t\t:show-prestas-fair-guest-lite=\"0\"\r\n\t\t\t\t:show-prestas-logo=\"0\"\r\n\t\t\t\t:show-prestas-map=\"1\"\r\n\t\t\t\t:show-prestas-map-closed=\"1\"\r\n\t\t\t\t:show-prestas-map-cluster=\"1\"\r\n\t\t\t\t:show-prestas-map-controls=\"0\"\r\n\t\t\t\t:show-prestas-map-zoom-scroll=\"0\"\r\n\t\t\t\t:show-prestas-objets-lies=\"0\"\r\n\t\t\t\t:show-prestas-opened=\"0\"\r\n\t\t\t\t:show-prestas-tarif=\"1\"\r\n\t\t\t\t:show-prestas-title=\"1\"\r\n\t\t\t\t:show-presta-address=\"1\"\r\n\t\t\t\t:show-presta-attributes=\"1\"\r\n\t\t\t\t:show-presta-back=\"1\"\r\n\t\t\t\t:show-presta-breadcrumb=\"0\"\r\n\t\t\t\t:show-presta-calendar=\"1\"\r\n\t\t\t\t:show-presta-cart=\"0\"\r\n\t\t\t\t:show-presta-categorie=\"1\"\r\n\t\t\t\t:show-presta-contact=\"0\"\r\n\t\t\t\t:show-presta-coordonnee=\"1\"\r\n\t\t\t\t:show-presta-cover=\"1\"\r\n\t\t\t\t:show-presta-date=\"1\"\r\n\t\t\t\t:show-presta-description=\"1\"\r\n\t\t\t\t:show-presta-dispo=\"1\"\r\n\t\t\t\t:show-presta-gallery=\"1\"\r\n\t\t\t\t:show-presta-fair-guest=\"0\"\r\n\t\t\t\t:show-presta-fair-guest-lite=\"0\"\r\n\t\t\t\t:show-presta-logo=\"1\"\r\n\t\t\t\t:show-presta-map=\"1\"\r\n\t\t\t\t:show-presta-map-closed=\"1\"\r\n\t\t\t\t:show-presta-map-cluster=\"1\"\r\n\t\t\t\t:show-presta-map-controls=\"1\"\r\n\t\t\t\t:show-presta-map-zoom-scroll=\"1\"\r\n\t\t\t\t:show-presta-objets-attaches=\"0\"\r\n\t\t\t\t:show-presta-objets-croises=\"1\"\r\n\t\t\t\t:show-presta-objets-geres=\"0\"\r\n\t\t\t\t:show-presta-objets-lies=\"0\"\r\n\t\t\t\t:show-presta-opened=\"1\"\r\n\t\t\t\t:show-presta-tarif=\"1\"\r\n\t\t\t\t:show-presta-title=\"1\"\r\n\t\t\t\t:show-presta-view=\"1\">\r\n\t\t\t<\/apidae-prestas>\r\n\t\t<\/div>","protected":false},"excerpt":{"rendered":"<p>Entdecken Sie in Begleitung eines erfahrenen F\u00fchrers \u00fcber 300 km au\u00dfergew\u00f6hnliche Wanderwege: die H\u00fcgel der Patapans, das Massif des Maures, die panoramischen Bergk\u00e4mme von Cavalaire und die emblematischen Kaps von Ramatuelle. Ob zu Fu\u00df, mit dem Elektro-Mountainbike, im Kajak oder auf dem Paddelboot, erleben Sie ein einzigartiges Abenteuer, das Natur und Sport miteinander verbindet und&#8230;<\/p>\n","protected":false},"author":1,"featured_media":1671,"parent":0,"menu_order":231,"comment_status":"closed","ping_status":"closed","template":"","meta":{"_acf_changed":false,"_crdt_document":"","footnotes":""},"class_list":["post-2306","page","type-page","status-publish","has-post-thumbnail","hentry"],"acf":[],"_links":{"self":[{"href":"https:\/\/www.visitgolfe-groupe.com\/de\/wp-json\/wp\/v2\/pages\/2306","targetHints":{"allow":["GET"]}}],"collection":[{"href":"https:\/\/www.visitgolfe-groupe.com\/de\/wp-json\/wp\/v2\/pages"}],"about":[{"href":"https:\/\/www.visitgolfe-groupe.com\/de\/wp-json\/wp\/v2\/types\/page"}],"author":[{"embeddable":true,"href":"https:\/\/www.visitgolfe-groupe.com\/de\/wp-json\/wp\/v2\/users\/1"}],"replies":[{"embeddable":true,"href":"https:\/\/www.visitgolfe-groupe.com\/de\/wp-json\/wp\/v2\/comments?post=2306"}],"version-history":[{"count":4,"href":"https:\/\/www.visitgolfe-groupe.com\/de\/wp-json\/wp\/v2\/pages\/2306\/revisions"}],"predecessor-version":[{"id":6421,"href":"https:\/\/www.visitgolfe-groupe.com\/de\/wp-json\/wp\/v2\/pages\/2306\/revisions\/6421"}],"wp:featuredmedia":[{"embeddable":true,"href":"https:\/\/www.visitgolfe-groupe.com\/de\/wp-json\/wp\/v2\/media\/1671"}],"wp:attachment":[{"href":"https:\/\/www.visitgolfe-groupe.com\/de\/wp-json\/wp\/v2\/media?parent=2306"}],"curies":[{"name":"wp","href":"https:\/\/api.w.org\/{rel}","templated":true}]}}