{"id":2380,"date":"2024-05-31T09:56:12","date_gmt":"2024-05-31T07:56:12","guid":{"rendered":"https:\/\/www.visitgolfe-groupe.com\/ihre-fragen-unsere-antworten"},"modified":"2025-08-14T15:08:49","modified_gmt":"2025-08-14T13:08:49","slug":"ihre-fragen-unsere-antworten","status":"publish","type":"page","link":"https:\/\/www.visitgolfe-groupe.com\/de\/ihre-fragen-unsere-antworten","title":{"rendered":"H\u00e4ufig gestellte Fragen"},"content":{"rendered":"\n<div class=\"wp-block-group is-layout-constrained wp-block-group-is-layout-constrained\"><div class=\"wp-block-fmz-collapsible alignfull\" x-data=\"{selected:null}\">\n      <ul class=\"flex flex-col gap-4 list-none\">\n        \n\n<li class=\"wp-block-fmz-collapse !m-0 !p-0 relative\"><button type=\"button\" class=\"w-full bg-primary-container border-0 text-white px-8 py-6 text-xl rounded-md\" aria-expanded=\"selected == 00216501433900285 ? 'true' : 'false'\" @click=\"selected !== 00216501433900285 ? selected = 00216501433900285 : selected = null\"><div class=\"flex items-center justify-between\"><span>1. QUI SOMMES-NOUS ?<\/span><span style=\"true ? '' : 'display:none'\"><i class=\"fa-solid fa-angle-down\" x-bind:style=\"selected == 00216501433900285 ? 'display:none' : ''\"><\/i><i class=\"fa-solid fa-angle-up\" x-bind:style=\"selected != 00216501433900285 ? 'display:none' : ''\"><\/i><\/span><\/div><\/button><div class=\"relative overflow-hidden transition-all max-h-0 duration-700\" x-ref=\"container00216501433900285\" x-bind:style=\"selected == 00216501433900285 ? 'max-height: ' + $refs.container00216501433900285.scrollHeight + 'px' : ''\"><div class=\"px-8 py-6\">\n<p class=\"wp-block-paragraph\"><strong>Als lokale Experten<\/strong> f\u00fcr den Golf von Saint-Tropez werten wir das Angebot f\u00fcr Gruppen und Unternehmen auf. Mit mehr als 30 Jahren Erfahrung und einem exklusiven Netzwerk von lokalen Partnern bieten wir Ihnen authentische und ma\u00dfgeschneiderte Erlebnisse in den 12 Gemeinden des Reiseziels.   <\/p>\n\n\n\n<p class=\"wp-block-paragraph\">Die Pr\u00e4sentation der vollst\u00e4ndigen Struktur finden Sie <a href=\"https:\/\/www.visitgolfe-groupe.com\/de\/wer-sind-wir\" target=\"_blank\" rel=\"noreferrer noopener\">hier<\/a>.<\/p>\n<\/div><\/div><\/li>\n\n\n\n<li class=\"wp-block-fmz-collapse !m-0 !p-0 relative\"><button type=\"button\" class=\"w-full bg-primary-container border-0 text-white px-8 py-6 text-xl rounded-md\" aria-expanded=\"selected == 4743072162497927733751802 ? 'true' : 'false'\" @click=\"selected !== 4743072162497927733751802 ? selected = 4743072162497927733751802 : selected = null\"><div class=\"flex items-center justify-between\"><span>2. QUELLES EXPERIENCES PROPOSONS-NOUS ?<\/span><span style=\"true ? '' : 'display:none'\"><i class=\"fa-solid fa-angle-down\" x-bind:style=\"selected == 4743072162497927733751802 ? 'display:none' : ''\"><\/i><i class=\"fa-solid fa-angle-up\" x-bind:style=\"selected != 4743072162497927733751802 ? 'display:none' : ''\"><\/i><\/span><\/div><\/button><div class=\"relative overflow-hidden transition-all max-h-0 duration-700\" x-ref=\"container4743072162497927733751802\" x-bind:style=\"selected == 4743072162497927733751802 ? 'max-height: ' + $refs.container4743072162497927733751802.scrollHeight + 'px' : ''\"><div class=\"px-8 py-6\">\n<p class=\"has-light-color has-solid-background-color has-text-color has-background wp-block-paragraph\">Wir erstellen schl\u00fcsselfertige Tagesausfl\u00fcge und Aufenthalte f\u00fcr alle Arten von Gruppen: Seminare, EVJF\/EVG, Clubs, Vereine, Schulen, Betriebsr\u00e4te&#8230; Entdecken Sie verschiedene Aktivit\u00e4ten wie Gourmet-Tage, F\u00fchrungen, Teambuildings, Katamaran-Regatten, Studientage in den Weinbergen und vieles mehr.<\/p>\n\n\n\n<p class=\"has-light-color has-solid-background-color has-text-color has-background wp-block-paragraph\">Der Golf von Saint-Tropez ist ein au\u00dfergew\u00f6hnliches Gebiet mit vielen Facetten.<\/p>\n<\/div><\/div><\/li>\n\n\n\n<li class=\"wp-block-fmz-collapse !m-0 !p-0 relative\"><button type=\"button\" class=\"w-full bg-primary-container border-0 text-white px-8 py-6 text-xl rounded-md\" aria-expanded=\"selected == 466154194988860704313 ? 'true' : 'false'\" @click=\"selected !== 466154194988860704313 ? selected = 466154194988860704313 : selected = null\"><div class=\"flex items-center justify-between\"><span>3. COMMENT RESERVER ?<\/span><span style=\"true ? '' : 'display:none'\"><i class=\"fa-solid fa-angle-down\" x-bind:style=\"selected == 466154194988860704313 ? 'display:none' : ''\"><\/i><i class=\"fa-solid fa-angle-up\" x-bind:style=\"selected != 466154194988860704313 ? 'display:none' : ''\"><\/i><\/span><\/div><\/button><div class=\"relative overflow-hidden transition-all max-h-0 duration-700\" x-ref=\"container466154194988860704313\" x-bind:style=\"selected == 466154194988860704313 ? 'max-height: ' + $refs.container466154194988860704313.scrollHeight + 'px' : ''\"><div class=\"px-8 py-6\">\n<p class=\"has-light-color has-solid-background-color has-text-color has-background wp-block-paragraph\"><strong>Per Telefon: <\/strong>+33 (0)4 94 55 23 34<br\/><strong>Per E-Mail: <\/strong>groupe@visitgolfe.com<br\/>Oder <strong>fordern Sie Ihren ma\u00dfgeschneiderten Kostenvoranschlag online<\/strong> an: https: <a href=\"https:\/\/www.visitgolfe-groupe.com\/de\/massgeschneiderter-kostenvoranschlag\" target=\"_blank\" rel=\"noreferrer noopener\">\/\/www.visitgolfe-groupe.com\/fr\/contact<\/a><\/p>\n\n\n\n<p class=\"wp-block-paragraph\">Wir werden Ihnen helfen, ein individuelles Programm zu erstellen, das Ihren Bed\u00fcrfnissen und Ihrem Budget entspricht.<\/p>\n<\/div><\/div><\/li>\n\n\n\n<li class=\"wp-block-fmz-collapse !m-0 !p-0 relative\"><button type=\"button\" class=\"w-full bg-primary-container border-0 text-white px-8 py-6 text-xl rounded-md\" aria-expanded=\"selected == 09768439679039198 ? 'true' : 'false'\" @click=\"selected !== 09768439679039198 ? selected = 09768439679039198 : selected = null\"><div class=\"flex items-center justify-between\"><span>4. QUELLES GARANTIES OFFRONS-NOUS ?<\/span><span style=\"true ? '' : 'display:none'\"><i class=\"fa-solid fa-angle-down\" x-bind:style=\"selected == 09768439679039198 ? 'display:none' : ''\"><\/i><i class=\"fa-solid fa-angle-up\" x-bind:style=\"selected != 09768439679039198 ? 'display:none' : ''\"><\/i><\/span><\/div><\/button><div class=\"relative overflow-hidden transition-all max-h-0 duration-700\" x-ref=\"container09768439679039198\" x-bind:style=\"selected == 09768439679039198 ? 'max-height: ' + $refs.container09768439679039198.scrollHeight + 'px' : ''\"><div class=\"px-8 py-6\">\n<ul class=\"wp-block-list\">\n<li>Service unter der Schirmherrschaft der Communaut\u00e9 de Communes Golfe de Saint-Tropez<\/li>\n\n\n\n<li>Eingetragen im Register f\u00fcr Reiseveranstalter von Atout France, Nr. IM083110008 S<\/li>\n\n\n\n<li>APST-Versicherung (Association Professionnelle de Solidarit\u00e9 du Tourisme)<\/li>\n<\/ul>\n<\/div><\/div><\/li>\n\n\n\n<li class=\"wp-block-fmz-collapse !m-0 !p-0 relative\"><button type=\"button\" class=\"w-full bg-primary-container border-0 text-white px-8 py-6 text-xl rounded-md\" aria-expanded=\"selected == 1478898184787819 ? 'true' : 'false'\" @click=\"selected !== 1478898184787819 ? selected = 1478898184787819 : selected = null\"><div class=\"flex items-center justify-between\"><span>5. QUELS SONT LES TARIFS ?<\/span><span style=\"true ? '' : 'display:none'\"><i class=\"fa-solid fa-angle-down\" x-bind:style=\"selected == 1478898184787819 ? 'display:none' : ''\"><\/i><i class=\"fa-solid fa-angle-up\" x-bind:style=\"selected != 1478898184787819 ? 'display:none' : ''\"><\/i><\/span><\/div><\/button><div class=\"relative overflow-hidden transition-all max-h-0 duration-700\" x-ref=\"container1478898184787819\" x-bind:style=\"selected == 1478898184787819 ? 'max-height: ' + $refs.container1478898184787819.scrollHeight + 'px' : ''\"><div class=\"px-8 py-6\">\n<p class=\"wp-block-paragraph\">Unsere Angebote sind je nach Art der Gruppe, der Dauer und der gew\u00e4hlten Aktivit\u00e4ten variabel. Zum Beispiel ist ein Tagesausflug mit Mittagessen in einem Weinberg ab 85 \u20ac\/Person f\u00fcr eine Gruppe von 10 Personen erh\u00e4ltlich. F\u00fcr ein individuelles Angebot <a href=\"https:\/\/www.visitgolfe-groupe.com\/de\/massgeschneiderter-kostenvoranschlag\" data-type=\"link\" data-id=\"https:\/\/www.visitgolfe-groupe.com\/fr\/contact\" target=\"_blank\" rel=\"noreferrer noopener\">kontaktieren Sie uns<\/a> bitte.  <\/p>\n<\/div><\/div><\/li>\n\n\n\n<li class=\"wp-block-fmz-collapse !m-0 !p-0 relative\"><button type=\"button\" class=\"w-full bg-primary-container border-0 text-white px-8 py-6 text-xl rounded-md\" aria-expanded=\"selected == 9795373494775271061 ? 'true' : 'false'\" @click=\"selected !== 9795373494775271061 ? selected = 9795373494775271061 : selected = null\"><div class=\"flex items-center justify-between\"><span>6. QUELLES SONT LES CONDITIONS DE RESERVATION ?<\/span><span style=\"true ? '' : 'display:none'\"><i class=\"fa-solid fa-angle-down\" x-bind:style=\"selected == 9795373494775271061 ? 'display:none' : ''\"><\/i><i class=\"fa-solid fa-angle-up\" x-bind:style=\"selected != 9795373494775271061 ? 'display:none' : ''\"><\/i><\/span><\/div><\/button><div class=\"relative overflow-hidden transition-all max-h-0 duration-700\" x-ref=\"container9795373494775271061\" x-bind:style=\"selected == 9795373494775271061 ? 'max-height: ' + $refs.container9795373494775271061.scrollHeight + 'px' : ''\"><div class=\"px-8 py-6\">\n<p class=\"wp-block-paragraph\">Eine Anzahlung von 50% ist bei Unterzeichnung des Vertrags erforderlich, um Ihre Buchung zu best\u00e4tigen. Der Restbetrag ist vor Beginn der Leistungen f\u00e4llig. Die vollst\u00e4ndigen Allgemeinen Gesch\u00e4ftsbedingungen finden Sie <a href=\"https:\/\/www.visitgolfe-groupe.com\/de\/allgemeine-geschaeftsbedingungen\" target=\"_blank\" rel=\"noreferrer noopener\">hier<\/a>.  <\/p>\n<\/div><\/div><\/li>\n\n\n\n<li class=\"wp-block-fmz-collapse !m-0 !p-0 relative\"><button type=\"button\" class=\"w-full bg-primary-container border-0 text-white px-8 py-6 text-xl rounded-md\" aria-expanded=\"selected == 9274984429250315340 ? 'true' : 'false'\" @click=\"selected !== 9274984429250315340 ? selected = 9274984429250315340 : selected = null\"><div class=\"flex items-center justify-between\"><span>7. QUELLES TYPES D&#8217;ACTIVITES JE PEUX TROUVER DANS LE GOLFE DE SAINT-TROPEZ ?<\/span><span style=\"true ? '' : 'display:none'\"><i class=\"fa-solid fa-angle-down\" x-bind:style=\"selected == 9274984429250315340 ? 'display:none' : ''\"><\/i><i class=\"fa-solid fa-angle-up\" x-bind:style=\"selected != 9274984429250315340 ? 'display:none' : ''\"><\/i><\/span><\/div><\/button><div class=\"relative overflow-hidden transition-all max-h-0 duration-700\" x-ref=\"container9274984429250315340\" x-bind:style=\"selected == 9274984429250315340 ? 'max-height: ' + $refs.container9274984429250315340.scrollHeight + 'px' : ''\"><div class=\"px-8 py-6\">\n<p class=\"wp-block-paragraph\">Der Golf von Saint-Tropez ist nicht nur ein Ort der Str\u00e4nde und Yachten, sondern auch der Weing\u00fcter, der provenzalischen M\u00e4rkte, des kulturellen Erbes, der K\u00fcstenwanderwege, der Mountainbike-Strecken und der vielen umweltfreundlichen Sportaktivit\u00e4ten, die f\u00fcr einen <a href=\"https:\/\/www.visitgolfe-groupe.com\/de\/nachhaltiger-tourismus\" data-type=\"link\" data-id=\"https:\/\/www.visitgolfe-groupe.com\/fr\/tourisme-durable\" target=\"_blank\" rel=\"noreferrer noopener\">aktiven und nachhaltigen Tourismus<\/a> sorgen.<\/p>\n<\/div><\/div><\/li>\n\n\n\n<li class=\"wp-block-fmz-collapse !m-0 !p-0 relative\"><button type=\"button\" class=\"w-full bg-primary-container border-0 text-white px-8 py-6 text-xl rounded-md\" aria-expanded=\"selected == 0444785470967570561 ? 'true' : 'false'\" @click=\"selected !== 0444785470967570561 ? selected = 0444785470967570561 : selected = null\"><div class=\"flex items-center justify-between\"><span>9. LE GOLFE DE SAINT-TROPEZ, UNE DESTINATION POUR TOUS  ?<\/span><span style=\"true ? '' : 'display:none'\"><i class=\"fa-solid fa-angle-down\" x-bind:style=\"selected == 0444785470967570561 ? 'display:none' : ''\"><\/i><i class=\"fa-solid fa-angle-up\" x-bind:style=\"selected != 0444785470967570561 ? 'display:none' : ''\"><\/i><\/span><\/div><\/button><div class=\"relative overflow-hidden transition-all max-h-0 duration-700\" x-ref=\"container0444785470967570561\" x-bind:style=\"selected == 0444785470967570561 ? 'max-height: ' + $refs.container0444785470967570561.scrollHeight + 'px' : ''\"><div class=\"px-8 py-6\">\n<p class=\"wp-block-paragraph\">W\u00e4hrend einige Gebiete f\u00fcr ihren Luxus bekannt sind, bietet das Reiseziel zahlreiche Optionen f\u00fcr alle Arten von Gruppen und Budgets, mit ma\u00dfgeschneiderten Aufenthalten f\u00fcr Unternehmen, Verb\u00e4nde und Clubs.<\/p>\n<\/div><\/div><\/li>\n\n\n\n<li class=\"wp-block-fmz-collapse !m-0 !p-0 relative\"><button type=\"button\" class=\"w-full bg-primary-container border-0 text-white px-8 py-6 text-xl rounded-md\" aria-expanded=\"selected == 427537556546259006141493 ? 'true' : 'false'\" @click=\"selected !== 427537556546259006141493 ? selected = 427537556546259006141493 : selected = null\"><div class=\"flex items-center justify-between\"><span>10. QUELLE EST LA MEILLEURE PERIODE POUR VENIR DANS LE GOLFE DE SAINT-TROPEZ ?<\/span><span style=\"true ? '' : 'display:none'\"><i class=\"fa-solid fa-angle-down\" x-bind:style=\"selected == 427537556546259006141493 ? 'display:none' : ''\"><\/i><i class=\"fa-solid fa-angle-up\" x-bind:style=\"selected != 427537556546259006141493 ? 'display:none' : ''\"><\/i><\/span><\/div><\/button><div class=\"relative overflow-hidden transition-all max-h-0 duration-700\" x-ref=\"container427537556546259006141493\" x-bind:style=\"selected == 427537556546259006141493 ? 'max-height: ' + $refs.container427537556546259006141493.scrollHeight + 'px' : ''\"><div class=\"px-8 py-6\">\n<p class=\"wp-block-paragraph\">Der Golf von Saint-Tropez ist an mehr als 300 Tagen im Jahr lichtdurchflutet und eignet sich hervorragend f\u00fcr einen Aufenthalt zu jeder Jahreszeit. Weit \u00fcber die Sommerklischees hinaus zeigt das Reiseziel das ganze Jahr \u00fcber seine Sch\u00e4tze: einladende Unterk\u00fcnfte, vielf\u00e4ltige Aktivit\u00e4ten und authentische Erlebnisse. Eine ideale Einladung, um auch au\u00dferhalb der Saison Gruppenaufenthalte oder Firmenveranstaltungen zu organisieren, die Entdeckungen, Entspannung und mediterrane Lebensart miteinander verbinden.  <\/p>\n<\/div><\/div><\/li>\n\n\n      <\/ul>\n    <\/div>\n\n\n<figure class=\"wp-block-gallery alignfull has-nested-images columns-default is-cropped wp-block-gallery-6 is-layout-flex wp-block-gallery-is-layout-flex\" style=\"border-style:none;border-width:0px;border-radius:0px\">\n<figure class=\"wp-block-image size-large has-custom-border is-style-rounded is-style-rounded--1\"><img loading=\"lazy\" decoding=\"async\" width=\"1024\" height=\"694\" sizes=\"auto, (max-width: 1024px) 100vw, 1024px\" data-id=\"3229\" data-tippy-content=\"la-mole-eglise,-f\u00eate-du-village-e-bertrand-tdr-2018-1\" src=\"https:\/\/www.visitgolfe-groupe.com\/app\/uploads\/2025\/03\/la-mole-eglise-fete-du-village-e-bertrand-tdr-2018-1-1024x694.jpg\" alt=\"\" class=\"wp-image-3229\" style=\"border-style:none;border-width:0px\" srcset=\"https:\/\/www.visitgolfe-groupe.com\/app\/uploads\/2025\/03\/la-mole-eglise-fete-du-village-e-bertrand-tdr-2018-1-1024x694.jpg 1024w, https:\/\/www.visitgolfe-groupe.com\/app\/uploads\/2025\/03\/la-mole-eglise-fete-du-village-e-bertrand-tdr-2018-1-300x203.jpg 300w, https:\/\/www.visitgolfe-groupe.com\/app\/uploads\/2025\/03\/la-mole-eglise-fete-du-village-e-bertrand-tdr-2018-1-768x520.jpg 768w, https:\/\/www.visitgolfe-groupe.com\/app\/uploads\/2025\/03\/la-mole-eglise-fete-du-village-e-bertrand-tdr-2018-1-1536x1041.jpg 1536w, https:\/\/www.visitgolfe-groupe.com\/app\/uploads\/2025\/03\/la-mole-eglise-fete-du-village-e-bertrand-tdr-2018-1.jpg 2000w\" \/><\/figure>\n\n\n\n<figure class=\"wp-block-image size-large is-style-rounded is-style-rounded--2\"><img loading=\"lazy\" decoding=\"async\" width=\"1024\" height=\"768\" sizes=\"auto, (max-width: 1024px) 100vw, 1024px\" data-id=\"3219\" data-tippy-content=\"la-mole-barrage-vtt-amz-e-bertrand-tdr-2024-1\" src=\"https:\/\/www.visitgolfe-groupe.com\/app\/uploads\/2025\/03\/la-mole-barrage-vtt-amz-e-bertrand-tdr-2024-1-1024x768.jpg\" alt=\"\" class=\"wp-image-3219\" srcset=\"https:\/\/www.visitgolfe-groupe.com\/app\/uploads\/2025\/03\/la-mole-barrage-vtt-amz-e-bertrand-tdr-2024-1-1024x768.jpg 1024w, https:\/\/www.visitgolfe-groupe.com\/app\/uploads\/2025\/03\/la-mole-barrage-vtt-amz-e-bertrand-tdr-2024-1-300x225.jpg 300w, https:\/\/www.visitgolfe-groupe.com\/app\/uploads\/2025\/03\/la-mole-barrage-vtt-amz-e-bertrand-tdr-2024-1-768x576.jpg 768w, https:\/\/www.visitgolfe-groupe.com\/app\/uploads\/2025\/03\/la-mole-barrage-vtt-amz-e-bertrand-tdr-2024-1-1536x1152.jpg 1536w, https:\/\/www.visitgolfe-groupe.com\/app\/uploads\/2025\/03\/la-mole-barrage-vtt-amz-e-bertrand-tdr-2024-1.jpg 2000w\" \/><\/figure>\n\n\n\n<figure class=\"wp-block-image size-large is-style-rounded is-style-rounded--3\"><img decoding=\"async\" sizes=\"(max-width: 1024px) 100vw, 1024px\" data-id=\"1515\" data-tippy-content=\"ramatuelle sport paddle kayak peps \u00a9 e.bertrand TDR 2014.2000&#215;1333\" src=\"https:\/\/www.visitgolfe-groupe.com\/app\/uploads\/2025\/01\/ramatuelle-sport-paddle-kayak-peps-&#xA9;-e.bertrand-TDR-2014.2000x1333-1024x682.jpg\" alt=\"\" class=\"wp-image-1515\"\/><\/figure>\n\n\n\n<figure class=\"wp-block-image size-large is-style-rounded is-style-rounded--4\"><img loading=\"lazy\" decoding=\"async\" width=\"1024\" height=\"655\" sizes=\"auto, (max-width: 1024px) 100vw, 1024px\" data-id=\"3374\" data-tippy-content=\"ramatuelle-vue-aerienne-cap-camarat-generique-3-2019-2-e-bertrand-tdr-41\" src=\"https:\/\/www.visitgolfe-groupe.com\/app\/uploads\/2025\/03\/ramatuelle-vue-aerienne-cap-camarat-generique-3-2019-2-e-bertrand-tdr-41-1024x655.jpg\" alt=\"\" class=\"wp-image-3374\" srcset=\"https:\/\/www.visitgolfe-groupe.com\/app\/uploads\/2025\/03\/ramatuelle-vue-aerienne-cap-camarat-generique-3-2019-2-e-bertrand-tdr-41-1024x655.jpg 1024w, https:\/\/www.visitgolfe-groupe.com\/app\/uploads\/2025\/03\/ramatuelle-vue-aerienne-cap-camarat-generique-3-2019-2-e-bertrand-tdr-41-300x192.jpg 300w, https:\/\/www.visitgolfe-groupe.com\/app\/uploads\/2025\/03\/ramatuelle-vue-aerienne-cap-camarat-generique-3-2019-2-e-bertrand-tdr-41-768x492.jpg 768w, https:\/\/www.visitgolfe-groupe.com\/app\/uploads\/2025\/03\/ramatuelle-vue-aerienne-cap-camarat-generique-3-2019-2-e-bertrand-tdr-41-1536x983.jpg 1536w, https:\/\/www.visitgolfe-groupe.com\/app\/uploads\/2025\/03\/ramatuelle-vue-aerienne-cap-camarat-generique-3-2019-2-e-bertrand-tdr-41.jpg 2000w\" \/><\/figure>\n\n\n\n<figure class=\"wp-block-image size-large is-style-rounded is-style-rounded--5\"><img decoding=\"async\" sizes=\"(max-width: 1024px) 100vw, 1024px\" data-id=\"1686\" data-tippy-content=\"cavalaire la calanque 2024 generique \u00a9 e.bertrand tous droits reserves (11)\" src=\"https:\/\/www.visitgolfe-groupe.com\/app\/uploads\/2025\/02\/cavalaire-la-calanque-2024-generique-&#xA9;-e.bertrand-tous-droits-reserves-11-1024x762.jpg\" alt=\"\" class=\"wp-image-1686\"\/><\/figure>\n<\/figure>\n<\/div>\n","protected":false},"excerpt":{"rendered":"","protected":false},"author":1,"featured_media":0,"parent":0,"menu_order":313,"comment_status":"closed","ping_status":"closed","template":"","meta":{"_acf_changed":false,"_crdt_document":"","footnotes":""},"class_list":["post-2380","page","type-page","status-publish","hentry"],"acf":[],"_links":{"self":[{"href":"https:\/\/www.visitgolfe-groupe.com\/de\/wp-json\/wp\/v2\/pages\/2380","targetHints":{"allow":["GET"]}}],"collection":[{"href":"https:\/\/www.visitgolfe-groupe.com\/de\/wp-json\/wp\/v2\/pages"}],"about":[{"href":"https:\/\/www.visitgolfe-groupe.com\/de\/wp-json\/wp\/v2\/types\/page"}],"author":[{"embeddable":true,"href":"https:\/\/www.visitgolfe-groupe.com\/de\/wp-json\/wp\/v2\/users\/1"}],"replies":[{"embeddable":true,"href":"https:\/\/www.visitgolfe-groupe.com\/de\/wp-json\/wp\/v2\/comments?post=2380"}],"version-history":[{"count":38,"href":"https:\/\/www.visitgolfe-groupe.com\/de\/wp-json\/wp\/v2\/pages\/2380\/revisions"}],"predecessor-version":[{"id":9117,"href":"https:\/\/www.visitgolfe-groupe.com\/de\/wp-json\/wp\/v2\/pages\/2380\/revisions\/9117"}],"wp:attachment":[{"href":"https:\/\/www.visitgolfe-groupe.com\/de\/wp-json\/wp\/v2\/media?parent=2380"}],"curies":[{"name":"wp","href":"https:\/\/api.w.org\/{rel}","templated":true}]}}