{"id":3921,"date":"2025-03-03T11:59:13","date_gmt":"2025-03-03T10:59:13","guid":{"rendered":"https:\/\/www.visitgolfe-groupe.com\/seminar"},"modified":"2025-07-08T15:12:56","modified_gmt":"2025-07-08T13:12:56","slug":"seminar","status":"publish","type":"page","link":"https:\/\/www.visitgolfe-groupe.com\/de\/seminar","title":{"rendered":"Seminar"},"content":{"rendered":"\n<div class=\"wp-block-group alignwide has-tertiary-container-background-color has-background is-layout-flow wp-block-group-is-layout-flow\">\n<div class=\"wp-block-cover alignfull has-custom-content-position is-position-bottom-left\" style=\"padding-top:var(--wp--preset--spacing--50);padding-right:var(--wp--preset--spacing--50);padding-bottom:var(--wp--preset--spacing--50);padding-left:var(--wp--preset--spacing--50);min-height:700px;aspect-ratio:unset;\"><span aria-hidden=\"true\" class=\"wp-block-cover__background has-background-dim has-background-gradient has-bg-gradient-to-black-bottom-gradient-background\"><\/span><img loading=\"lazy\" decoding=\"async\" width=\"1024\" height=\"850\" src=\"https:\/\/www.visitgolfe-groupe.com\/app\/uploads\/2024\/10\/gassin-vignoble-torpez-rencontre-acteurs-eco-groupes-\u00a9-e.bertrand-tdr-6-1024x850.jpg\" class=\"wp-block-cover__image-background wp-post-image\" alt=\"\" data-object-fit=\"cover\" srcset=\"https:\/\/www.visitgolfe-groupe.com\/app\/uploads\/2024\/10\/gassin-vignoble-torpez-rencontre-acteurs-eco-groupes-\u00a9-e.bertrand-tdr-6-1024x850.jpg 1024w, https:\/\/www.visitgolfe-groupe.com\/app\/uploads\/2024\/10\/gassin-vignoble-torpez-rencontre-acteurs-eco-groupes-\u00a9-e.bertrand-tdr-6-300x249.jpg 300w, https:\/\/www.visitgolfe-groupe.com\/app\/uploads\/2024\/10\/gassin-vignoble-torpez-rencontre-acteurs-eco-groupes-\u00a9-e.bertrand-tdr-6-768x638.jpg 768w, https:\/\/www.visitgolfe-groupe.com\/app\/uploads\/2024\/10\/gassin-vignoble-torpez-rencontre-acteurs-eco-groupes-\u00a9-e.bertrand-tdr-6-1536x1275.jpg 1536w, https:\/\/www.visitgolfe-groupe.com\/app\/uploads\/2024\/10\/gassin-vignoble-torpez-rencontre-acteurs-eco-groupes-\u00a9-e.bertrand-tdr-6-2048x1701.jpg 2048w\" sizes=\"auto, (max-width: 1024px) 100vw, 1024px\" \/><div class=\"wp-block-cover__inner-container is-layout-flow wp-block-cover-is-layout-flow\">\n<p class=\"has-text-align-center has-large-font-size wp-block-paragraph\"><\/p>\n<\/div><\/div>\n<\/div>\n\n<div class=\"wp-block-group alignwide is-layout-constrained wp-block-group-is-layout-constrained\">\n<p class=\"wp-block-paragraph\">Mit mehr als 300 Sonnentagen im Jahr garantiert Ihnen der Golf von Saint-Tropez optimale Bedingungen f\u00fcr<strong>Ihr Seminar<\/strong>. Inmitten eines Weinbergs, am Meer oder in einer gesch\u00fctzten Naturumgebung w\u00e4hlen wir f\u00fcr Sie die Orte und Leistungen aus, die den Unterschied ausmachen.   <\/p>\n\n\n\n<p class=\"wp-block-paragraph\">Machen Sie Ihr Seminar <strong>zu einem Moment<\/strong> der <strong>Inspiration und des Zusammenhalts<\/strong> in einer der sch\u00f6nsten Kulissen der C\u00f4te d&#8217;Azur!<\/p>\n<\/div>\n\t\t<noscript>\t<ul class=\"list-event\">\n\t\t    <div class=\"grid__item\">\n      <a href=\"https:\/\/www.visitgolfe-groupe.com\/fr\/sejour-tout-compris\/seminaire-au-naturel-dans-le-golfe-de-saint-tropez-7226497\" class=\"single-item\">\n        <div class=\"grid__img\">\n                      <img loading=\"lazy\" decoding=\"async\" src=\"https:\/\/www.visitgolfe-groupe.com\/app\/plugins\/apidae\/public\/files\/mini\/seminaire-au-naturel-dans-le-golfe-de-saint-tropez_7226497_1.jpeg\" alt=\"\"\n              title=\"\" width=\"640\" height=\"300\" \/>\n                                                                        <\/div>\n        <div class=\"grid__inner\">\n            \n            \n          <h2 class=\"formattedText\">S\u00e9minaire au naturel dans le Golfe de Saint-Tropez<\/h2>\n            \n          <div class=\"grid__sub\">\n            <div class=\"grid__datetime\">\n              <span class=\"grid__commune\">\n                <i class=\"fa-thin fa-map-marker-alt\"><\/i>&nbsp;\n                                                                                Cavalaire-sur-Mer              <\/span>\n            <\/div>\n          <\/div>\n        <\/div>\n      <\/a>\n    <\/div>\n      <div class=\"grid__item\">\n      <a href=\"https:\/\/www.visitgolfe-groupe.com\/fr\/sejour-tout-compris\/golfe-de-saint-tropez-un-seminaire-a-votre-image-7228021\" class=\"single-item\">\n        <div class=\"grid__img\">\n                      <img loading=\"lazy\" decoding=\"async\" src=\"https:\/\/www.visitgolfe-groupe.com\/app\/plugins\/apidae\/public\/files\/mini\/golfe-de-saint-tropez-un-seminaire-a-votre-image_7228021_1.jpg\" alt=\"\"\n              title=\"\" width=\"640\" height=\"300\" \/>\n                                                                        <\/div>\n        <div class=\"grid__inner\">\n            \n            \n          <h2 class=\"formattedText\">Golfe de Saint-Tropez : un s\u00e9minaire \u00e0 votre image<\/h2>\n            \n          <div class=\"grid__sub\">\n            <div class=\"grid__datetime\">\n              <span class=\"grid__commune\">\n                <i class=\"fa-thin fa-map-marker-alt\"><\/i>&nbsp;\n                                                                                Cogolin              <\/span>\n            <\/div>\n          <\/div>\n        <\/div>\n      <\/a>\n    <\/div>\n      <div class=\"grid__item\">\n      <a href=\"https:\/\/www.visitgolfe-groupe.com\/fr\/sejour-tout-compris\/seminaire-residentiel-au-cur-d-un-vignoble-6698420\" class=\"single-item\">\n        <div class=\"grid__img\">\n                      <img loading=\"lazy\" decoding=\"async\" src=\"https:\/\/www.visitgolfe-groupe.com\/app\/plugins\/apidae\/public\/files\/mini\/seminaire-residentiel-au-cur-d-un-vignoble_6698420_1.jpg\" alt=\"salle de r\u00e9ception\"\n              title=\"salle de r\u00e9ception\" width=\"640\" height=\"300\" \/>\n                                                                        <\/div>\n        <div class=\"grid__inner\">\n            \n            \n          <h2 class=\"formattedText\">S\u00e9minaire r\u00e9sidentiel au c\u0153ur d'un vignoble<\/h2>\n            \n          <div class=\"grid__sub\">\n            <div class=\"grid__datetime\">\n              <span class=\"grid__commune\">\n                <i class=\"fa-thin fa-map-marker-alt\"><\/i>&nbsp;\n                                                                                La Garde-Freinet              <\/span>\n            <\/div>\n          <\/div>\n        <\/div>\n      <\/a>\n    <\/div>\n      <div class=\"grid__item\">\n      <a href=\"https:\/\/www.visitgolfe-groupe.com\/fr\/sejour-tout-compris\/seminaire-au-rayol-canadel-un-balcon-sur-la-mediterranee-7377537\" class=\"single-item\">\n        <div class=\"grid__img\">\n                      <img loading=\"lazy\" decoding=\"async\" src=\"https:\/\/www.visitgolfe-groupe.com\/app\/plugins\/apidae\/public\/files\/mini\/seminaire-au-rayol-canadel-un-balcon-sur-la-mediterranee_7377537_1.jpg\" alt=\"\"\n              title=\"\" width=\"640\" height=\"300\" \/>\n                                                                        <\/div>\n        <div class=\"grid__inner\">\n            \n            \n          <h2 class=\"formattedText\">S\u00e9minaire au Rayol Canadel - Un balcon sur la M\u00e9diterran\u00e9e<\/h2>\n            \n          <div class=\"grid__sub\">\n            <div class=\"grid__datetime\">\n              <span class=\"grid__commune\">\n                <i class=\"fa-thin fa-map-marker-alt\"><\/i>&nbsp;\n                                                                                Rayol-Canadel-sur-Mer              <\/span>\n            <\/div>\n          <\/div>\n        <\/div>\n      <\/a>\n    <\/div>\n      <div class=\"grid__item\">\n      <a href=\"https:\/\/www.visitgolfe-groupe.com\/fr\/sejour-tout-compris\/reunissez-inspirez-naviguez-votre-seminaire-a-saint-tropez-6698163\" class=\"single-item\">\n        <div class=\"grid__img\">\n                      <img loading=\"lazy\" decoding=\"async\" src=\"https:\/\/www.visitgolfe-groupe.com\/app\/plugins\/apidae\/public\/files\/mini\/reunissez-inspirez-naviguez-votre-seminaire-a-saint-tropez_6698163_1.jpg\" alt=\"Vue a\u00e9rienne mer et Village Vacances\"\n              title=\"Vue a\u00e9rienne mer et Village Vacances\" width=\"640\" height=\"300\" \/>\n                                                                        <\/div>\n        <div class=\"grid__inner\">\n            \n            \n          <h2 class=\"formattedText\">R\u00e9unissez, inspirez, naviguez : votre s\u00e9minaire \u00e0 Saint-Tropez<\/h2>\n            \n          <div class=\"grid__sub\">\n            <div class=\"grid__datetime\">\n              <span class=\"grid__commune\">\n                <i class=\"fa-thin fa-map-marker-alt\"><\/i>&nbsp;\n                                                                                Saint-Tropez              <\/span>\n            <\/div>\n          <\/div>\n        <\/div>\n      <\/a>\n    <\/div>\n      <div class=\"grid__item\">\n      <a href=\"https:\/\/www.visitgolfe-groupe.com\/fr\/sejour-tout-compris\/votre-seminaire-au-cur-du-village-de-saint-tropez-7228820\" class=\"single-item\">\n        <div class=\"grid__img\">\n                      <img loading=\"lazy\" decoding=\"async\" src=\"https:\/\/www.visitgolfe-groupe.com\/app\/plugins\/apidae\/public\/files\/mini\/votre-seminaire-au-cur-du-village-de-saint-tropez_7228820_1.jpg\" alt=\"\"\n              title=\"\" width=\"640\" height=\"300\" \/>\n                                                                        <\/div>\n        <div class=\"grid__inner\">\n            \n            \n          <h2 class=\"formattedText\">Votre S\u00e9minaire au C\u0153ur du Village de Saint-Tropez<\/h2>\n            \n          <div class=\"grid__sub\">\n            <div class=\"grid__datetime\">\n              <span class=\"grid__commune\">\n                <i class=\"fa-thin fa-map-marker-alt\"><\/i>&nbsp;\n                                                                                Saint-Tropez              <\/span>\n            <\/div>\n          <\/div>\n        <\/div>\n      <\/a>\n    <\/div>\n      <div class=\"grid__item\">\n      <a href=\"https:\/\/www.visitgolfe-groupe.com\/fr\/sejour-tout-compris\/sejour-marathon-offre-groupe-sainte-maxime-7259020\" class=\"single-item\">\n        <div class=\"grid__img\">\n                      <img loading=\"lazy\" decoding=\"async\" src=\"https:\/\/www.visitgolfe-groupe.com\/app\/plugins\/apidae\/public\/files\/mini\/sejour-marathon-offre-groupe-sainte-maxime_7259020_1.jpg\" alt=\"\"\n              title=\"\" width=\"640\" height=\"300\" \/>\n                                                                        <\/div>\n        <div class=\"grid__inner\">\n            \n                      <div class=\"gotto\">\n                                                                  Sports p\u00e9destres<br>\n                                                                                                                                                <\/div>\n            \n          <h2 class=\"formattedText\">S\u00e9jour Marathon - Offre groupe (Sainte-Maxime)<\/h2>\n            \n          <div class=\"grid__sub\">\n            <div class=\"grid__datetime\">\n              <span class=\"grid__commune\">\n                <i class=\"fa-thin fa-map-marker-alt\"><\/i>&nbsp;\n                                                                                Sainte-Maxime              <\/span>\n            <\/div>\n          <\/div>\n        <\/div>\n      <\/a>\n    <\/div>\n      <div class=\"grid__item\">\n      <a href=\"https:\/\/www.visitgolfe-groupe.com\/fr\/sejour-tout-compris\/votre-seminaire-a-sainte-maxime-7430840\" class=\"single-item\">\n        <div class=\"grid__img\">\n                      <img loading=\"lazy\" decoding=\"async\" src=\"https:\/\/www.visitgolfe-groupe.com\/app\/plugins\/apidae\/public\/files\/mini\/votre-seminaire-a-sainte-maxime_7430840_1.jpg\" alt=\"\"\n              title=\"\" width=\"640\" height=\"300\" \/>\n                                                                        <\/div>\n        <div class=\"grid__inner\">\n            \n            \n          <h2 class=\"formattedText\">Votre s\u00e9minaire \u00e0 Sainte-Maxime<\/h2>\n            \n          <div class=\"grid__sub\">\n            <div class=\"grid__datetime\">\n              <span class=\"grid__commune\">\n                <i class=\"fa-thin fa-map-marker-alt\"><\/i>&nbsp;\n                                                                                Sainte-Maxime              <\/span>\n            <\/div>\n          <\/div>\n        <\/div>\n      <\/a>\n    <\/div>\n  \t<\/ul>\n<\/noscript><div id=\"prestaItems-509857908\" class=\"prestaItems wp-block-apidae-prestas alignwide\">\r\n\t\t\t<apidae-prestas\r\n\t\t\t\tslug=\"seminaires-residentiel\"\r\n\t\t\t\tlayout-mode=\"list\"\r\n\t\t\t\tmap-height=\"\"\r\n\t\t\t\ttheme=\"default\"\r\n\t\t\t\ttype=\"grid\"\r\n\t\t\t\ttype-filtre=\"popover\"\r\n\t\t\t\ttype-paginate=\"INFINITE\"\r\n\t\t\t\ttitle=\"\"\r\n\t\t\t\t:nb-per-page=\"12\"\r\n\t\t\t\tfilter=\"\"\r\n\t\t\t\tlang=\"fr\"\r\n\t\t\t\t:groupe-ids-to-hide=\"[7,69,67]\"\r\n\t\t\t\t:groupe-ids-to-open=\"[31]\"\r\n\t\t\t\t:tri-filters=\"['alphabetique','triEvenement']\"\r\n\t\t\t\t:tri=\"['alphabetique']\"\r\n        :show-filtre=\"1\"\r\n\t\t\t\t:show-filtre-nb-results=\"1\"\r\n        :show-filtre-results=\"0\"\r\n        :show-filtre-lib=\"0\"\r\n        :show-filtre-tri=\"1\"\r\n        :show-filtre-groupes=\"1\"\r\n        :show-filtre-date=\"1\"\r\n        :show-filtre-age=\"0\"\r\n        :show-filtre-price=\"1\"\r\n        :show-filtre-capacity=\"0\"\r\n        :show-filtre-nombre-chambres=\"0\"\r\n        :show-filtre-nombre-jours=\"1\"\r\n        :show-filtre-nombre-nuits=\"0\"\r\n        :show-filtre-distance=\"0\"\r\n        :show-filtre-duration=\"1\"\r\n        :show-filtre-elevation=\"0\"\r\n        :show-filtre-geolocalisation=\"0\"\r\n        :show-prestas=\"1\"\r\n\t\t\t\t:show-prestas-address=\"0\"\r\n\t\t\t\t:show-prestas-attributes=\"0\"\r\n\t\t\t\t:show-prestas-breadcrumb=\"0\"\r\n\t\t\t\t:show-prestas-calendar=\"0\"\r\n\t\t\t\t:show-prestas-cart=\"1\"\r\n\t\t\t\t:show-prestas-categorie=\"0\"\r\n\t\t\t\t:show-prestas-contact=\"0\"\r\n\t\t\t\t:show-prestas-coordonnee=\"0\"\r\n\t\t\t\t:show-prestas-cover=\"1\"\r\n\t\t\t\t:show-prestas-date=\"0\"\r\n\t\t\t\t:show-prestas-description=\"1\"\r\n\t\t\t\t:show-prestas-dispo=\"0\"\r\n\t\t\t\t:show-prestas-gallery=\"0\"\r\n\t\t\t\t:show-prestas-fair-guest=\"0\"\r\n\t\t\t\t:show-prestas-fair-guest-lite=\"0\"\r\n\t\t\t\t:show-prestas-logo=\"0\"\r\n\t\t\t\t:show-prestas-map=\"1\"\r\n\t\t\t\t:show-prestas-map-closed=\"1\"\r\n\t\t\t\t:show-prestas-map-cluster=\"1\"\r\n\t\t\t\t:show-prestas-map-controls=\"0\"\r\n\t\t\t\t:show-prestas-map-zoom-scroll=\"0\"\r\n\t\t\t\t:show-prestas-objets-lies=\"0\"\r\n\t\t\t\t:show-prestas-opened=\"0\"\r\n\t\t\t\t:show-prestas-tarif=\"1\"\r\n\t\t\t\t:show-prestas-title=\"1\"\r\n\t\t\t\t:show-presta-address=\"1\"\r\n\t\t\t\t:show-presta-attributes=\"1\"\r\n\t\t\t\t:show-presta-back=\"1\"\r\n\t\t\t\t:show-presta-breadcrumb=\"1\"\r\n\t\t\t\t:show-presta-calendar=\"1\"\r\n\t\t\t\t:show-presta-cart=\"0\"\r\n\t\t\t\t:show-presta-categorie=\"1\"\r\n\t\t\t\t:show-presta-contact=\"0\"\r\n\t\t\t\t:show-presta-coordonnee=\"1\"\r\n\t\t\t\t:show-presta-cover=\"1\"\r\n\t\t\t\t:show-presta-date=\"1\"\r\n\t\t\t\t:show-presta-description=\"1\"\r\n\t\t\t\t:show-presta-dispo=\"1\"\r\n\t\t\t\t:show-presta-gallery=\"1\"\r\n\t\t\t\t:show-presta-fair-guest=\"0\"\r\n\t\t\t\t:show-presta-fair-guest-lite=\"0\"\r\n\t\t\t\t:show-presta-logo=\"1\"\r\n\t\t\t\t:show-presta-map=\"1\"\r\n\t\t\t\t:show-presta-map-closed=\"1\"\r\n\t\t\t\t:show-presta-map-cluster=\"1\"\r\n\t\t\t\t:show-presta-map-controls=\"1\"\r\n\t\t\t\t:show-presta-map-zoom-scroll=\"1\"\r\n\t\t\t\t:show-presta-objets-attaches=\"0\"\r\n\t\t\t\t:show-presta-objets-croises=\"1\"\r\n\t\t\t\t:show-presta-objets-geres=\"0\"\r\n\t\t\t\t:show-presta-objets-lies=\"0\"\r\n\t\t\t\t:show-presta-opened=\"1\"\r\n\t\t\t\t:show-presta-tarif=\"1\"\r\n\t\t\t\t:show-presta-title=\"1\"\r\n\t\t\t\t:show-presta-view=\"1\">\r\n\t\t\t<\/apidae-prestas>\r\n\t\t<\/div>","protected":false},"excerpt":{"rendered":"<p>Mit mehr als 300 Sonnentagen im Jahr garantiert Ihnen der Golf von Saint-Tropez optimale Bedingungen f\u00fcrIhr Seminar. Inmitten eines Weinbergs, am Meer oder in einer gesch\u00fctzten Naturumgebung w\u00e4hlen wir f\u00fcr Sie die Orte und Leistungen aus, die den Unterschied ausmachen. Machen Sie Ihr Seminar zu einem Moment der Inspiration und des Zusammenhalts in einer der&#8230;<\/p>\n","protected":false},"author":1,"featured_media":661,"parent":0,"menu_order":247,"comment_status":"closed","ping_status":"closed","template":"","meta":{"_acf_changed":false,"_crdt_document":"","footnotes":""},"class_list":["post-3921","page","type-page","status-publish","has-post-thumbnail","hentry"],"acf":[],"_links":{"self":[{"href":"https:\/\/www.visitgolfe-groupe.com\/de\/wp-json\/wp\/v2\/pages\/3921","targetHints":{"allow":["GET"]}}],"collection":[{"href":"https:\/\/www.visitgolfe-groupe.com\/de\/wp-json\/wp\/v2\/pages"}],"about":[{"href":"https:\/\/www.visitgolfe-groupe.com\/de\/wp-json\/wp\/v2\/types\/page"}],"author":[{"embeddable":true,"href":"https:\/\/www.visitgolfe-groupe.com\/de\/wp-json\/wp\/v2\/users\/1"}],"replies":[{"embeddable":true,"href":"https:\/\/www.visitgolfe-groupe.com\/de\/wp-json\/wp\/v2\/comments?post=3921"}],"version-history":[{"count":10,"href":"https:\/\/www.visitgolfe-groupe.com\/de\/wp-json\/wp\/v2\/pages\/3921\/revisions"}],"predecessor-version":[{"id":7668,"href":"https:\/\/www.visitgolfe-groupe.com\/de\/wp-json\/wp\/v2\/pages\/3921\/revisions\/7668"}],"wp:featuredmedia":[{"embeddable":true,"href":"https:\/\/www.visitgolfe-groupe.com\/de\/wp-json\/wp\/v2\/media\/661"}],"wp:attachment":[{"href":"https:\/\/www.visitgolfe-groupe.com\/de\/wp-json\/wp\/v2\/media?parent=3921"}],"curies":[{"name":"wp","href":"https:\/\/api.w.org\/{rel}","templated":true}]}}