{"id":4858,"date":"2025-04-29T09:41:06","date_gmt":"2025-04-29T07:41:06","guid":{"rendered":"https:\/\/www.visitgolfe-groupe.com\/unterkuenfte\/privatisierte-villen"},"modified":"2025-06-10T14:45:36","modified_gmt":"2025-06-10T12:45:36","slug":"privatisierte-villen","status":"publish","type":"page","link":"https:\/\/www.visitgolfe-groupe.com\/de\/unterkuenfte\/privatisierte-villen","title":{"rendered":"Privatisierte Villen"},"content":{"rendered":"\n<div class=\"wp-block-group is-layout-flow wp-block-group-is-layout-flow\">\n<p class=\"wp-block-paragraph\"><strong>Warum entscheiden Sie sich nicht f\u00fcr <\/strong><strong>eine <\/strong><strong>eine private Villa? <\/strong><strong>Ein<\/strong><strong>Seminar<\/strong><strong> mit menschlicher Dimension<\/strong><strong> f\u00fcr <\/strong><strong>f\u00fcr <\/strong><strong>kleine Gruppen im Golf von Saint-Tropez<\/strong><\/p>\n\n\n\n<p class=\"wp-block-paragraph\">Ein intimer Rahmen, ein <strong>Swimmingpool <\/strong><strong>,<\/strong><strong>ein <\/strong><strong>Garten<\/strong>, gesellige <strong>Tagungsr\u00e4ume<\/strong>, eine originelle L\u00f6sung, um Arbeit und Entspannung zu verbinden.<br\/>Wir erstellen <strong>ma\u00dfgeschneiderte Angebote<\/strong> mit <strong>Teambuilding-Aktivit\u00e4ten<\/strong><strong>,<\/strong> vor Ort oder in der N\u00e4he, damit Ihr Seminar gleichzeitig produktiv und gesellig ist.<\/p>\n\n\n\n<p class=\"wp-block-paragraph\"><strong>Z\u00f6gern Sie nicht, einen Antrag zu stellen.<\/strong><strong>Bitte wenden Sie sich an<\/strong><strong>r<\/strong><strong> Ihr ma\u00dfgeschneidertes Angebot jetzt an<\/strong><strong> !<\/strong><\/p>\n\n\n\n<div style=\"height:50px\" aria-hidden=\"true\" class=\"wp-block-spacer\"><\/div>\n\n\n\n<div class=\"wp-block-columns has-background is-layout-flex wp-container-core-columns-is-layout-d5731c4f wp-block-columns-is-layout-flex\" style=\"border-radius:16px;background-color:#ffe0d65e;padding-top:var(--wp--preset--spacing--60);padding-right:var(--wp--preset--spacing--70);padding-bottom:var(--wp--preset--spacing--60);padding-left:var(--wp--preset--spacing--70)\">\n<div class=\"wp-block-column has-or-100-background-color has-background is-layout-flow wp-block-column-is-layout-flow\" style=\"border-radius:16px;padding-top:var(--wp--preset--spacing--70);padding-right:0;padding-bottom:var(--wp--preset--spacing--70);padding-left:0\">\n<p class=\"has-2-xl-font-size wp-block-paragraph\"><i class=\"fal fa-paper-plane\"><\/i><\/p>\n\n\n\n<p class=\"has-red-500-color has-text-color has-link-color wp-elements-6d8ea0b63415e13505f0a3c8f75d1a14 wp-block-paragraph\" style=\"font-style:normal;font-weight:500;text-transform:uppercase\">Haben Sie ein Projekt? Haben Sie Fragen? <\/p>\n\n\n\n<h2 class=\"wp-block-heading\">Kontaktieren Sie uns!<\/h2>\n\n\n\n<ul class=\"wp-block-list\">\n<li>Erhalten Sie schnell zielgerichtete und bezifferte Vorschl\u00e4ge.<\/li>\n\n\n\n<li>Individuelle L\u00f6sungen<\/li>\n\n\n\n<li>Lokales Fachwissen<\/li>\n\n\n\n<li>Budget unter Kontrolle<\/li>\n<\/ul>\n\n\n\n<p class=\"wp-block-paragraph\">+33 (0)4 94 55 23 34<br\/><a href=\"https:\/\/www.golfe-saint-tropez-information.com\/fr\/contact\/form\"><\/a><a href=\"https:\/\/www.golfe-saint-tropez-information.com\/fr\/contact\/form\"> groupe@visitgolfe.com<\/a><\/p>\n<\/div>\n\n\n\n<div class=\"wp-block-column is-layout-flow wp-block-column-is-layout-flow\" style=\"border-radius:16px\"><p class=\"wpcf7-contact-form-not-found\"><strong>Fehler:<\/strong> Kontakt-Formular nicht gefunden.<\/p>\n<\/div>\n<\/div>\n<\/div>\n","protected":false},"excerpt":{"rendered":"<p>Warum entscheiden Sie sich nicht f\u00fcr eine eine private Villa? EinSeminar mit menschlicher Dimension f\u00fcr f\u00fcr kleine Gruppen im Golf von Saint-Tropez Ein intimer Rahmen, ein Swimmingpool ,ein Garten, gesellige Tagungsr\u00e4ume, eine originelle L\u00f6sung, um Arbeit und Entspannung zu verbinden.Wir erstellen ma\u00dfgeschneiderte Angebote mit Teambuilding-Aktivit\u00e4ten, vor Ort oder in der N\u00e4he, damit Ihr Seminar gleichzeitig&#8230;<\/p>\n","protected":false},"author":1,"featured_media":0,"parent":4658,"menu_order":26,"comment_status":"closed","ping_status":"closed","template":"","meta":{"_acf_changed":false,"_crdt_document":"","footnotes":""},"class_list":["post-4858","page","type-page","status-publish","hentry"],"acf":[],"_links":{"self":[{"href":"https:\/\/www.visitgolfe-groupe.com\/de\/wp-json\/wp\/v2\/pages\/4858","targetHints":{"allow":["GET"]}}],"collection":[{"href":"https:\/\/www.visitgolfe-groupe.com\/de\/wp-json\/wp\/v2\/pages"}],"about":[{"href":"https:\/\/www.visitgolfe-groupe.com\/de\/wp-json\/wp\/v2\/types\/page"}],"author":[{"embeddable":true,"href":"https:\/\/www.visitgolfe-groupe.com\/de\/wp-json\/wp\/v2\/users\/1"}],"replies":[{"embeddable":true,"href":"https:\/\/www.visitgolfe-groupe.com\/de\/wp-json\/wp\/v2\/comments?post=4858"}],"version-history":[{"count":3,"href":"https:\/\/www.visitgolfe-groupe.com\/de\/wp-json\/wp\/v2\/pages\/4858\/revisions"}],"predecessor-version":[{"id":6507,"href":"https:\/\/www.visitgolfe-groupe.com\/de\/wp-json\/wp\/v2\/pages\/4858\/revisions\/6507"}],"up":[{"embeddable":true,"href":"https:\/\/www.visitgolfe-groupe.com\/de\/wp-json\/wp\/v2\/pages\/4658"}],"wp:attachment":[{"href":"https:\/\/www.visitgolfe-groupe.com\/de\/wp-json\/wp\/v2\/media?parent=4858"}],"curies":[{"name":"wp","href":"https:\/\/api.w.org\/{rel}","templated":true}]}}