{"id":1063,"date":"2024-12-18T09:10:56","date_gmt":"2024-12-18T08:10:56","guid":{"rendered":"https:\/\/www.visitgolfe-groupe.com\/?page_id=1063"},"modified":"2025-03-07T10:42:53","modified_gmt":"2025-03-07T09:42:53","slug":"degustations-de-vins","status":"publish","type":"page","link":"https:\/\/www.visitgolfe-groupe.com\/fr\/degustations-de-vins","title":{"rendered":"\u0152notourisme"},"content":{"rendered":"\n<div class=\"wp-block-group alignwide has-tertiary-container-background-color has-background is-layout-flow wp-block-group-is-layout-flow\">\n<div class=\"wp-block-cover alignfull is-light has-custom-content-position is-position-bottom-left\" style=\"padding-top:0;padding-right:var(--wp--preset--spacing--50);padding-bottom:0;padding-left:var(--wp--preset--spacing--50);min-height:700px;aspect-ratio:unset;\"><span aria-hidden=\"true\" class=\"wp-block-cover__background has-background-dim-0 has-background-dim has-background-gradient\" style=\"background:linear-gradient(0deg,rgba(0,0,0,0) 100%,rgb(0,0,0) 100%)\"><\/span><img loading=\"lazy\" decoding=\"async\" width=\"1024\" height=\"681\" src=\"https:\/\/www.visitgolfe-groupe.com\/app\/uploads\/2025\/03\/croix-valmer-vignobles-2016-generique-\u00a9e.bertrand-droits-reserves-4-1024x681.jpg\" class=\"wp-block-cover__image-background wp-post-image\" alt=\"\" data-object-fit=\"cover\" srcset=\"https:\/\/www.visitgolfe-groupe.com\/app\/uploads\/2025\/03\/croix-valmer-vignobles-2016-generique-\u00a9e.bertrand-droits-reserves-4-1024x681.jpg 1024w, https:\/\/www.visitgolfe-groupe.com\/app\/uploads\/2025\/03\/croix-valmer-vignobles-2016-generique-\u00a9e.bertrand-droits-reserves-4-300x200.jpg 300w, https:\/\/www.visitgolfe-groupe.com\/app\/uploads\/2025\/03\/croix-valmer-vignobles-2016-generique-\u00a9e.bertrand-droits-reserves-4-768x511.jpg 768w, https:\/\/www.visitgolfe-groupe.com\/app\/uploads\/2025\/03\/croix-valmer-vignobles-2016-generique-\u00a9e.bertrand-droits-reserves-4-1536x1021.jpg 1536w, https:\/\/www.visitgolfe-groupe.com\/app\/uploads\/2025\/03\/croix-valmer-vignobles-2016-generique-\u00a9e.bertrand-droits-reserves-4.jpg 2000w\" sizes=\"auto, (max-width: 1024px) 100vw, 1024px\" \/><div class=\"wp-block-cover__inner-container is-layout-flow wp-block-cover-is-layout-flow\">\n<p class=\"has-text-align-center has-large-font-size wp-block-paragraph\"><\/p>\n<\/div><\/div>\n<\/div>\n\n\n\n<div class=\"wp-block-group alignwide is-layout-constrained wp-block-group-is-layout-constrained\">\n<p class=\"wp-block-paragraph\">D\u00e9couvrez une s\u00e9lection&nbsp;d\u2019exp\u00e9riences \u0153notouristiques&nbsp;\u00e0 r\u00e9server dans le Golfe de Saint-Tropez. D\u00e9gustations de vin, visites de domaines, balades en 2CV, croisi\u00e8res vigneronnes ou encore s\u00e9jours avec h\u00e9bergement, trouvez l\u2019offre id\u00e9ale pour votre groupe. Profitez d\u2019un&nbsp;cadre unique entre vignobles et mer&nbsp;pour allier d\u00e9couverte, gastronomie et convivialit\u00e9.<\/p>\n<\/div>\n\n\n\t\t<noscript>\t<ul class=\"list-event\">\n\t\t    <div class=\"grid__item\">\n      <a href=\"https:\/\/www.visitgolfe-groupe.com\/fr\/sejour-tout-compris\/journee-d-etude-au-cur-d-un-vignoble-7235139\" class=\"single-item\">\n        <div class=\"grid__img\">\n                      <img loading=\"lazy\" decoding=\"async\" src=\"https:\/\/www.visitgolfe-groupe.com\/app\/plugins\/apidae\/public\/files\/mini\/journee-d-etude-au-cur-d-un-vignoble_7235139_1.jpg\" alt=\"piscine\"\n              title=\"piscine\" width=\"640\" height=\"300\" \/>\n                                                                        <\/div>\n        <div class=\"grid__inner\">\n            \n            \n          <h2 class=\"formattedText\">Journ\u00e9e d'Etude au c\u0153ur d'un vignoble<\/h2>\n            \n          <div class=\"grid__sub\">\n            <div class=\"grid__datetime\">\n              <span class=\"grid__commune\">\n                <i class=\"fa-thin fa-map-marker-alt\"><\/i>&nbsp;\n                                                                                La Garde-Freinet              <\/span>\n            <\/div>\n          <\/div>\n        <\/div>\n      <\/a>\n    <\/div>\n      <div class=\"grid__item\">\n      <a href=\"https:\/\/www.visitgolfe-groupe.com\/fr\/sejour-tout-compris\/seminaire-residentiel-au-cur-d-un-vignoble-6698420\" class=\"single-item\">\n        <div class=\"grid__img\">\n                      <img loading=\"lazy\" decoding=\"async\" src=\"https:\/\/www.visitgolfe-groupe.com\/app\/plugins\/apidae\/public\/files\/mini\/seminaire-residentiel-au-cur-d-un-vignoble_6698420_1.jpg\" alt=\"salle de r\u00e9ception\"\n              title=\"salle de r\u00e9ception\" width=\"640\" height=\"300\" \/>\n                                                                        <\/div>\n        <div class=\"grid__inner\">\n            \n            \n          <h2 class=\"formattedText\">S\u00e9minaire r\u00e9sidentiel au c\u0153ur d'un vignoble<\/h2>\n            \n          <div class=\"grid__sub\">\n            <div class=\"grid__datetime\">\n              <span class=\"grid__commune\">\n                <i class=\"fa-thin fa-map-marker-alt\"><\/i>&nbsp;\n                                                                                La Garde-Freinet              <\/span>\n            <\/div>\n          <\/div>\n        <\/div>\n      <\/a>\n    <\/div>\n      <div class=\"grid__item\">\n      <a href=\"https:\/\/www.visitgolfe-groupe.com\/fr\/loisirs\/activites-culturelles\/cogolin\/balade-en-2cv-visite-de-domaine-et-petanque-7252462\" class=\"single-item\">\n        <div class=\"grid__img\">\n                      <img loading=\"lazy\" decoding=\"async\" src=\"https:\/\/www.visitgolfe-groupe.com\/app\/plugins\/apidae\/public\/files\/mini\/balade-en-2cv-visite-de-domaine-et-petanque_7252462_1.jpg\" alt=\"\"\n              title=\"\" width=\"640\" height=\"300\" \/>\n                                                                                                                    <\/div>\n        <div class=\"grid__inner\">\n            \n                      <div class=\"gotto\">\n                                                                  D\u00e9couverte<br>\n                                                                                                                                                <\/div>\n            \n          <h2 class=\"formattedText\">Balade en 2CV, visite de domaine et p\u00e9tanque<\/h2>\n            \n          <div class=\"grid__sub\">\n            <div class=\"grid__datetime\">\n              <span class=\"grid__commune\">\n                <i class=\"fa-thin fa-map-marker-alt\"><\/i>&nbsp;\n                                                                                Cogolin              <\/span>\n            <\/div>\n          <\/div>\n        <\/div>\n      <\/a>\n    <\/div>\n      <div class=\"grid__item\">\n      <a href=\"https:\/\/www.visitgolfe-groupe.com\/fr\/loisirs\/activites-culturelles\/cogolin\/journee-balade-en-2cv-visite-de-domaine-et-partie-de-petanque-7270048\" class=\"single-item\">\n        <div class=\"grid__img\">\n                      <img loading=\"lazy\" decoding=\"async\" src=\"https:\/\/www.visitgolfe-groupe.com\/app\/plugins\/apidae\/public\/files\/mini\/journee-balade-en-2cv-visite-de-domaine-et-partie-de-petanque_7270048_1.jpg\" alt=\"\"\n              title=\"\" width=\"640\" height=\"300\" \/>\n                                                                                                                    <\/div>\n        <div class=\"grid__inner\">\n            \n                      <div class=\"gotto\">\n                                                                  D\u00e9couverte<br>\n                                                                                                                                                <\/div>\n            \n          <h2 class=\"formattedText\">Journ\u00e9e balade en 2CV, visite de domaine et partie de p\u00e9tanque<\/h2>\n            \n          <div class=\"grid__sub\">\n            <div class=\"grid__datetime\">\n              <span class=\"grid__commune\">\n                <i class=\"fa-thin fa-map-marker-alt\"><\/i>&nbsp;\n                                                                                Cogolin              <\/span>\n            <\/div>\n          <\/div>\n        <\/div>\n      <\/a>\n    <\/div>\n      <div class=\"grid__item\">\n      <a href=\"https:\/\/www.visitgolfe-groupe.com\/fr\/loisirs\/activites-culturelles\/cogolin\/route-des-vins-du-golfe-de-saint-tropez-7252718\" class=\"single-item\">\n        <div class=\"grid__img\">\n                      <img loading=\"lazy\" decoding=\"async\" src=\"https:\/\/www.visitgolfe-groupe.com\/app\/plugins\/apidae\/public\/files\/mini\/route-des-vins-du-golfe-de-saint-tropez_7252718_1.jpg\" alt=\"\"\n              title=\"\" width=\"640\" height=\"300\" \/>\n                                                                                                                    <\/div>\n        <div class=\"grid__inner\">\n            \n                      <div class=\"gotto\">\n                                                                  D\u00e9couverte<br>\n                                                                                                                                                <\/div>\n            \n          <h2 class=\"formattedText\">Route des vins du Golfe de Saint-Tropez<\/h2>\n            \n          <div class=\"grid__sub\">\n            <div class=\"grid__datetime\">\n              <span class=\"grid__commune\">\n                <i class=\"fa-thin fa-map-marker-alt\"><\/i>&nbsp;\n                                                                                Cogolin              <\/span>\n            <\/div>\n          <\/div>\n        <\/div>\n      <\/a>\n    <\/div>\n      <div class=\"grid__item\">\n      <a href=\"https:\/\/www.visitgolfe-groupe.com\/fr\/loisirs\/activites-culturelles\/cogolin\/visite-et-degustation-de-vins-dans-2-domaines-crus-classes-7243854\" class=\"single-item\">\n        <div class=\"grid__img\">\n                      <img loading=\"lazy\" decoding=\"async\" src=\"https:\/\/www.visitgolfe-groupe.com\/app\/plugins\/apidae\/public\/files\/mini\/visite-et-degustation-de-vins-dans-2-domaines-crus-classes_7243854_1.jpg\" alt=\"D\u00e9gustation et visite\"\n              title=\"D\u00e9gustation et visite\" width=\"640\" height=\"300\" \/>\n                                                                                                                    <\/div>\n        <div class=\"grid__inner\">\n            \n                      <div class=\"gotto\">\n                                                                  D\u00e9couverte<br>\n                                                                                                                                                <\/div>\n            \n          <h2 class=\"formattedText\">Visite et d\u00e9gustation de vins dans 2 domaines Crus Class\u00e9s<\/h2>\n            \n          <div class=\"grid__sub\">\n            <div class=\"grid__datetime\">\n              <span class=\"grid__commune\">\n                <i class=\"fa-thin fa-map-marker-alt\"><\/i>&nbsp;\n                                                                                Cogolin              <\/span>\n            <\/div>\n          <\/div>\n        <\/div>\n      <\/a>\n    <\/div>\n      <div class=\"grid__item\">\n      <a href=\"https:\/\/www.visitgolfe-groupe.com\/fr\/loisirs\/activites-culturelles\/gassin\/accords-gourmands-douceurs-vins-terroir-7246459\" class=\"single-item\">\n        <div class=\"grid__img\">\n                      <img loading=\"lazy\" decoding=\"async\" src=\"https:\/\/www.visitgolfe-groupe.com\/app\/plugins\/apidae\/public\/files\/mini\/accords-gourmands-douceurs-vins-terroir_7246459_1.jpg\" alt=\"\"\n              title=\"\" width=\"640\" height=\"300\" \/>\n                                                                                                                    <\/div>\n        <div class=\"grid__inner\">\n            \n                      <div class=\"gotto\">\n                                                                  Pratique encadr\u00e9e<br>\n                                                                                                                                                                                      <\/div>\n            \n          <h2 class=\"formattedText\">Accords Gourmands : Douceurs, Vins & Terroir<\/h2>\n            \n          <div class=\"grid__sub\">\n            <div class=\"grid__datetime\">\n              <span class=\"grid__commune\">\n                <i class=\"fa-thin fa-map-marker-alt\"><\/i>&nbsp;\n                                                                                Gassin              <\/span>\n            <\/div>\n          <\/div>\n        <\/div>\n      <\/a>\n    <\/div>\n      <div class=\"grid__item\">\n      <a href=\"https:\/\/www.visitgolfe-groupe.com\/fr\/loisirs\/activites-culturelles\/gassin\/degustation-privee-dans-un-domaine-viticole-7238470\" class=\"single-item\">\n        <div class=\"grid__img\">\n                      <img loading=\"lazy\" decoding=\"async\" src=\"https:\/\/www.visitgolfe-groupe.com\/app\/plugins\/apidae\/public\/files\/mini\/degustation-privee-dans-un-domaine-viticole_7238470_1.jpg\" alt=\"\"\n              title=\"\" width=\"640\" height=\"300\" \/>\n                                                                                                                    <\/div>\n        <div class=\"grid__inner\">\n            \n                      <div class=\"gotto\">\n                                                                  Pratique encadr\u00e9e<br>\n                                                                                                                                                                                      <\/div>\n            \n          <h2 class=\"formattedText\">D\u00e9gustation priv\u00e9e dans un domaine viticole<\/h2>\n            \n          <div class=\"grid__sub\">\n            <div class=\"grid__datetime\">\n              <span class=\"grid__commune\">\n                <i class=\"fa-thin fa-map-marker-alt\"><\/i>&nbsp;\n                                                                                Gassin              <\/span>\n            <\/div>\n          <\/div>\n        <\/div>\n      <\/a>\n    <\/div>\n      <div class=\"grid__item\">\n      <a href=\"https:\/\/www.visitgolfe-groupe.com\/fr\/loisirs\/activites-culturelles\/gassin\/immersion-au-cur-d-un-vignoble-degustations-jeux-et-decouvertes-7496246\" class=\"single-item\">\n        <div class=\"grid__img\">\n                      <img loading=\"lazy\" decoding=\"async\" src=\"https:\/\/www.visitgolfe-groupe.com\/app\/plugins\/apidae\/public\/files\/mini\/immersion-au-cur-d-un-vignoble-degustations-jeux-et-decouvertes_7496246_1.png\" alt=\"\"\n              title=\"\" width=\"640\" height=\"300\" \/>\n                                                                                                                    <\/div>\n        <div class=\"grid__inner\">\n            \n                      <div class=\"gotto\">\n                                                                  Pratique encadr\u00e9e<br>\n                                                                                                                                                                                      <\/div>\n            \n          <h2 class=\"formattedText\">Immersion au c\u0153ur d'un vignoble : d\u00e9gustations, jeux et d\u00e9couvertes<\/h2>\n            \n          <div class=\"grid__sub\">\n            <div class=\"grid__datetime\">\n              <span class=\"grid__commune\">\n                <i class=\"fa-thin fa-map-marker-alt\"><\/i>&nbsp;\n                                                                                Gassin              <\/span>\n            <\/div>\n          <\/div>\n        <\/div>\n      <\/a>\n    <\/div>\n      <div class=\"grid__item\">\n      <a href=\"https:\/\/www.visitgolfe-groupe.com\/fr\/loisirs\/activites-culturelles\/gassin\/journee-gourmande-dans-le-golfe-de-saint-tropez-7222444\" class=\"single-item\">\n        <div class=\"grid__img\">\n                      <img loading=\"lazy\" decoding=\"async\" src=\"https:\/\/www.visitgolfe-groupe.com\/app\/plugins\/apidae\/public\/files\/mini\/journee-gourmande-dans-le-golfe-de-saint-tropez_7222444_1.jpg\" alt=\"\"\n              title=\"\" width=\"640\" height=\"300\" \/>\n                                                                                                                    <\/div>\n        <div class=\"grid__inner\">\n            \n                      <div class=\"gotto\">\n                                                                  D\u00e9couverte<br>\n                                                                                                                                                <\/div>\n            \n          <h2 class=\"formattedText\">Journ\u00e9e gourmande dans le Golfe de Saint-Tropez<\/h2>\n            \n          <div class=\"grid__sub\">\n            <div class=\"grid__datetime\">\n              <span class=\"grid__commune\">\n                <i class=\"fa-thin fa-map-marker-alt\"><\/i>&nbsp;\n                                                                                Gassin              <\/span>\n            <\/div>\n          <\/div>\n        <\/div>\n      <\/a>\n    <\/div>\n      <div class=\"grid__item\">\n      <a href=\"https:\/\/www.visitgolfe-groupe.com\/fr\/loisirs\/activites-culturelles\/la-croix-valmer\/evjf-evg-dans-les-vignes-7276870\" class=\"single-item\">\n        <div class=\"grid__img\">\n                      <img loading=\"lazy\" decoding=\"async\" src=\"https:\/\/www.visitgolfe-groupe.com\/app\/plugins\/apidae\/public\/files\/mini\/evjf-evg-dans-les-vignes_7276870_1.jpg\" alt=\"\"\n              title=\"\" width=\"640\" height=\"300\" \/>\n                                                                                              <\/div>\n        <div class=\"grid__inner\">\n            \n                      <div class=\"gotto\">\n                              Activit\u00e9s culturelles\n                                        <\/div>\n            \n          <h2 class=\"formattedText\">EVJF \/ EVG dans les vignes<\/h2>\n            \n          <div class=\"grid__sub\">\n            <div class=\"grid__datetime\">\n              <span class=\"grid__commune\">\n                <i class=\"fa-thin fa-map-marker-alt\"><\/i>&nbsp;\n                                                                                La Croix-Valmer              <\/span>\n            <\/div>\n          <\/div>\n        <\/div>\n      <\/a>\n    <\/div>\n      <div class=\"grid__item\">\n      <a href=\"https:\/\/www.visitgolfe-groupe.com\/fr\/loisirs\/activites-culturelles\/la-croix-valmer\/team-building-cinema-dans-les-vignes-7276443\" class=\"single-item\">\n        <div class=\"grid__img\">\n                      <img loading=\"lazy\" decoding=\"async\" src=\"https:\/\/www.visitgolfe-groupe.com\/app\/plugins\/apidae\/public\/files\/mini\/team-building-cinema-dans-les-vignes_7276443_1.jpg\" alt=\"\"\n              title=\"\" width=\"640\" height=\"300\" \/>\n                                                                                                                    <\/div>\n        <div class=\"grid__inner\">\n            \n                      <div class=\"gotto\">\n                              Activit\u00e9s culturelles\n                                        <\/div>\n            \n          <h2 class=\"formattedText\">Team Building Cin\u00e9ma dans les Vignes<\/h2>\n            \n          <div class=\"grid__sub\">\n            <div class=\"grid__datetime\">\n              <span class=\"grid__commune\">\n                <i class=\"fa-thin fa-map-marker-alt\"><\/i>&nbsp;\n                                                                                La Croix-Valmer              <\/span>\n            <\/div>\n          <\/div>\n        <\/div>\n      <\/a>\n    <\/div>\n      <div class=\"grid__item\">\n      <a href=\"https:\/\/www.visitgolfe-groupe.com\/fr\/loisirs\/journee-de-team-building-au-cur-d-un-vignoble-7230376\" class=\"single-item\">\n        <div class=\"grid__img\">\n                      <img loading=\"lazy\" decoding=\"async\" src=\"https:\/\/www.visitgolfe-groupe.com\/app\/plugins\/apidae\/public\/files\/mini\/journee-de-team-building-au-cur-d-un-vignoble_7230376_1.jpg\" alt=\"\"\n              title=\"\" width=\"640\" height=\"300\" \/>\n                                                                                                                    <\/div>\n        <div class=\"grid__inner\">\n            \n            \n          <h2 class=\"formattedText\">Journ\u00e9e de team Building au c\u0153ur d'un vignoble<\/h2>\n            \n          <div class=\"grid__sub\">\n            <div class=\"grid__datetime\">\n              <span class=\"grid__commune\">\n                <i class=\"fa-thin fa-map-marker-alt\"><\/i>&nbsp;\n                                                                                La Garde-Freinet              <\/span>\n            <\/div>\n          <\/div>\n        <\/div>\n      <\/a>\n    <\/div>\n  \t<\/ul>\n<\/noscript><div id=\"prestaItems-1167485778\" class=\"prestaItems wp-block-apidae-prestas alignwide\">\r\n\t\t\t<apidae-prestas\r\n\t\t\t\tslug=\"oenotourisme\"\r\n\t\t\t\tlayout-mode=\"list\"\r\n\t\t\t\tmap-height=\"\"\r\n\t\t\t\ttheme=\"default\"\r\n\t\t\t\ttype=\"grid\"\r\n\t\t\t\ttype-filtre=\"popover\"\r\n\t\t\t\ttype-paginate=\"INFINITE\"\r\n\t\t\t\ttitle=\"\"\r\n\t\t\t\t:nb-per-page=\"12\"\r\n\t\t\t\tfilter=\"\"\r\n\t\t\t\tlang=\"fr\"\r\n\t\t\t\t:groupe-ids-to-hide=\"[7]\"\r\n\t\t\t\t:groupe-ids-to-open=\"[31]\"\r\n\t\t\t\t:tri-filters=\"['alphabetique','triEvenement']\"\r\n\t\t\t\t:tri=\"['alphabetique']\"\r\n        :show-filtre=\"1\"\r\n\t\t\t\t:show-filtre-nb-results=\"1\"\r\n        :show-filtre-results=\"0\"\r\n        :show-filtre-lib=\"0\"\r\n        :show-filtre-tri=\"1\"\r\n        :show-filtre-groupes=\"1\"\r\n        :show-filtre-date=\"1\"\r\n        :show-filtre-age=\"0\"\r\n        :show-filtre-price=\"1\"\r\n        :show-filtre-capacity=\"0\"\r\n        :show-filtre-nombre-chambres=\"0\"\r\n        :show-filtre-nombre-jours=\"1\"\r\n        :show-filtre-nombre-nuits=\"0\"\r\n        :show-filtre-distance=\"0\"\r\n        :show-filtre-duration=\"1\"\r\n        :show-filtre-elevation=\"0\"\r\n        :show-filtre-geolocalisation=\"0\"\r\n        :show-prestas=\"1\"\r\n\t\t\t\t:show-prestas-address=\"0\"\r\n\t\t\t\t:show-prestas-attributes=\"0\"\r\n\t\t\t\t:show-prestas-breadcrumb=\"0\"\r\n\t\t\t\t:show-prestas-calendar=\"0\"\r\n\t\t\t\t:show-prestas-cart=\"1\"\r\n\t\t\t\t:show-prestas-categorie=\"0\"\r\n\t\t\t\t:show-prestas-contact=\"0\"\r\n\t\t\t\t:show-prestas-coordonnee=\"0\"\r\n\t\t\t\t:show-prestas-cover=\"1\"\r\n\t\t\t\t:show-prestas-date=\"0\"\r\n\t\t\t\t:show-prestas-description=\"1\"\r\n\t\t\t\t:show-prestas-dispo=\"0\"\r\n\t\t\t\t:show-prestas-gallery=\"0\"\r\n\t\t\t\t:show-prestas-fair-guest=\"0\"\r\n\t\t\t\t:show-prestas-fair-guest-lite=\"0\"\r\n\t\t\t\t:show-prestas-logo=\"0\"\r\n\t\t\t\t:show-prestas-map=\"1\"\r\n\t\t\t\t:show-prestas-map-closed=\"1\"\r\n\t\t\t\t:show-prestas-map-cluster=\"1\"\r\n\t\t\t\t:show-prestas-map-controls=\"0\"\r\n\t\t\t\t:show-prestas-map-zoom-scroll=\"0\"\r\n\t\t\t\t:show-prestas-objets-lies=\"0\"\r\n\t\t\t\t:show-prestas-opened=\"0\"\r\n\t\t\t\t:show-prestas-tarif=\"1\"\r\n\t\t\t\t:show-prestas-title=\"1\"\r\n\t\t\t\t:show-presta-address=\"1\"\r\n\t\t\t\t:show-presta-attributes=\"1\"\r\n\t\t\t\t:show-presta-back=\"1\"\r\n\t\t\t\t:show-presta-breadcrumb=\"0\"\r\n\t\t\t\t:show-presta-calendar=\"1\"\r\n\t\t\t\t:show-presta-cart=\"0\"\r\n\t\t\t\t:show-presta-categorie=\"1\"\r\n\t\t\t\t:show-presta-contact=\"0\"\r\n\t\t\t\t:show-presta-coordonnee=\"1\"\r\n\t\t\t\t:show-presta-cover=\"1\"\r\n\t\t\t\t:show-presta-date=\"1\"\r\n\t\t\t\t:show-presta-description=\"1\"\r\n\t\t\t\t:show-presta-dispo=\"1\"\r\n\t\t\t\t:show-presta-gallery=\"1\"\r\n\t\t\t\t:show-presta-fair-guest=\"0\"\r\n\t\t\t\t:show-presta-fair-guest-lite=\"0\"\r\n\t\t\t\t:show-presta-logo=\"1\"\r\n\t\t\t\t:show-presta-map=\"1\"\r\n\t\t\t\t:show-presta-map-closed=\"1\"\r\n\t\t\t\t:show-presta-map-cluster=\"1\"\r\n\t\t\t\t:show-presta-map-controls=\"1\"\r\n\t\t\t\t:show-presta-map-zoom-scroll=\"1\"\r\n\t\t\t\t:show-presta-objets-attaches=\"0\"\r\n\t\t\t\t:show-presta-objets-croises=\"1\"\r\n\t\t\t\t:show-presta-objets-geres=\"0\"\r\n\t\t\t\t:show-presta-objets-lies=\"0\"\r\n\t\t\t\t:show-presta-opened=\"1\"\r\n\t\t\t\t:show-presta-tarif=\"1\"\r\n\t\t\t\t:show-presta-title=\"1\"\r\n\t\t\t\t:show-presta-view=\"1\">\r\n\t\t\t<\/apidae-prestas>\r\n\t\t<\/div>","protected":false},"excerpt":{"rendered":"<p>D\u00e9couvrez une s\u00e9lection&nbsp;d\u2019exp\u00e9riences \u0153notouristiques&nbsp;\u00e0 r\u00e9server dans le Golfe de Saint-Tropez. D\u00e9gustations de vin, visites de domaines, balades en 2CV, croisi\u00e8res vigneronnes ou encore s\u00e9jours avec h\u00e9bergement, trouvez l\u2019offre id\u00e9ale pour votre groupe. Profitez d\u2019un&nbsp;cadre unique entre vignobles et mer&nbsp;pour allier d\u00e9couverte, gastronomie et convivialit\u00e9.<\/p>\n","protected":false},"author":1,"featured_media":3521,"parent":0,"menu_order":185,"comment_status":"closed","ping_status":"closed","template":"","meta":{"_acf_changed":false,"_crdt_document":"","footnotes":""},"class_list":["post-1063","page","type-page","status-publish","has-post-thumbnail","hentry"],"acf":[],"_links":{"self":[{"href":"https:\/\/www.visitgolfe-groupe.com\/fr\/wp-json\/wp\/v2\/pages\/1063","targetHints":{"allow":["GET"]}}],"collection":[{"href":"https:\/\/www.visitgolfe-groupe.com\/fr\/wp-json\/wp\/v2\/pages"}],"about":[{"href":"https:\/\/www.visitgolfe-groupe.com\/fr\/wp-json\/wp\/v2\/types\/page"}],"author":[{"embeddable":true,"href":"https:\/\/www.visitgolfe-groupe.com\/fr\/wp-json\/wp\/v2\/users\/1"}],"replies":[{"embeddable":true,"href":"https:\/\/www.visitgolfe-groupe.com\/fr\/wp-json\/wp\/v2\/comments?post=1063"}],"version-history":[{"count":13,"href":"https:\/\/www.visitgolfe-groupe.com\/fr\/wp-json\/wp\/v2\/pages\/1063\/revisions"}],"predecessor-version":[{"id":3742,"href":"https:\/\/www.visitgolfe-groupe.com\/fr\/wp-json\/wp\/v2\/pages\/1063\/revisions\/3742"}],"wp:featuredmedia":[{"embeddable":true,"href":"https:\/\/www.visitgolfe-groupe.com\/fr\/wp-json\/wp\/v2\/media\/3521"}],"wp:attachment":[{"href":"https:\/\/www.visitgolfe-groupe.com\/fr\/wp-json\/wp\/v2\/media?parent=1063"}],"curies":[{"name":"wp","href":"https:\/\/api.w.org\/{rel}","templated":true}]}}