{"id":1409,"date":"2024-12-19T12:37:06","date_gmt":"2024-12-19T11:37:06","guid":{"rendered":"https:\/\/www.visitgolfe-groupe.com\/?page_id=1409"},"modified":"2025-08-12T15:20:49","modified_gmt":"2025-08-12T13:20:49","slug":"inscription-a-la-newsletter","status":"publish","type":"page","link":"https:\/\/www.visitgolfe-groupe.com\/fr\/inscription-a-la-newsletter","title":{"rendered":"Bienvenue dans notre r\u00e9seau !"},"content":{"rendered":"\n<div class=\"wp-block-group is-layout-constrained wp-block-group-is-layout-constrained\">\n<h2 class=\"wp-block-heading\">Vous \u00eates maintenant inscrit \u00e0 notre newsletter.<\/h2>\n\n\n\n<p class=\"wp-block-paragraph\">Pr\u00e9parez-vous \u00e0 recevoir des inspirations, des nouveaut\u00e9s et des offres d\u00e9di\u00e9es aux s\u00e9jours en groupe dans le Golfe de Saint-Tropez. \u00c0 bient\u00f4t dans votre bo\u00eete mail !<\/p>\n\n\n\n<p class=\"wp-block-paragraph\">Vous pouvez \u00e0 tout moment vous d\u00e9sinscrire via le lien de d\u00e9sinscription figurant en bas de chaque envoi.<\/p>\n<\/div>\n\n\n\n<p class=\"wp-block-paragraph\"><\/p>\n","protected":false},"excerpt":{"rendered":"<p>Vous \u00eates maintenant inscrit \u00e0 notre newsletter. Pr\u00e9parez-vous \u00e0 recevoir des inspirations, des nouveaut\u00e9s et des offres d\u00e9di\u00e9es aux s\u00e9jours en groupe dans le Golfe de Saint-Tropez. \u00c0 bient\u00f4t dans votre bo\u00eete mail ! Vous pouvez \u00e0 tout moment vous d\u00e9sinscrire via le lien de d\u00e9sinscription figurant en bas de chaque envoi.<\/p>\n","protected":false},"author":1,"featured_media":0,"parent":0,"menu_order":289,"comment_status":"closed","ping_status":"closed","template":"","meta":{"_acf_changed":false,"_crdt_document":"","footnotes":""},"class_list":["post-1409","page","type-page","status-publish","hentry"],"acf":[],"_links":{"self":[{"href":"https:\/\/www.visitgolfe-groupe.com\/fr\/wp-json\/wp\/v2\/pages\/1409","targetHints":{"allow":["GET"]}}],"collection":[{"href":"https:\/\/www.visitgolfe-groupe.com\/fr\/wp-json\/wp\/v2\/pages"}],"about":[{"href":"https:\/\/www.visitgolfe-groupe.com\/fr\/wp-json\/wp\/v2\/types\/page"}],"author":[{"embeddable":true,"href":"https:\/\/www.visitgolfe-groupe.com\/fr\/wp-json\/wp\/v2\/users\/1"}],"replies":[{"embeddable":true,"href":"https:\/\/www.visitgolfe-groupe.com\/fr\/wp-json\/wp\/v2\/comments?post=1409"}],"version-history":[{"count":7,"href":"https:\/\/www.visitgolfe-groupe.com\/fr\/wp-json\/wp\/v2\/pages\/1409\/revisions"}],"predecessor-version":[{"id":8817,"href":"https:\/\/www.visitgolfe-groupe.com\/fr\/wp-json\/wp\/v2\/pages\/1409\/revisions\/8817"}],"wp:attachment":[{"href":"https:\/\/www.visitgolfe-groupe.com\/fr\/wp-json\/wp\/v2\/media?parent=1409"}],"curies":[{"name":"wp","href":"https:\/\/api.w.org\/{rel}","templated":true}]}}