{"id":2002,"date":"2025-02-19T11:34:06","date_gmt":"2025-02-19T10:34:06","guid":{"rendered":"https:\/\/www.visitgolfe-groupe.com\/?page_id=2002"},"modified":"2026-05-12T16:39:09","modified_gmt":"2026-05-12T14:39:09","slug":"les-voiles-de-saint-tropez","status":"publish","type":"page","link":"https:\/\/www.visitgolfe-groupe.com\/fr\/evenements\/les-voiles-de-saint-tropez","title":{"rendered":"Les Voiles de Saint-Tropez"},"content":{"rendered":"\n<div class=\"wp-block-group alignfull has-tertiary-container-background-color has-background is-layout-flow wp-block-group-is-layout-flow\">\n<div class=\"wp-block-cover alignfull is-light has-custom-content-position is-position-bottom-left\" style=\"padding-top:var(--wp--preset--spacing--50);padding-right:var(--wp--preset--spacing--50);padding-bottom:var(--wp--preset--spacing--50);padding-left:var(--wp--preset--spacing--50);min-height:100vh;aspect-ratio:unset;\"><video class=\"wp-block-cover__video-background intrinsic-ignore\" autoplay muted loop playsinline src=\"https:\/\/www.visitgolfe-groupe.com\/app\/uploads\/2025\/09\/les_voiles_de_saint-tropez_2025_-_teaser-1080p.mp4\" data-object-fit=\"cover\"><\/video><span aria-hidden=\"true\" class=\"wp-block-cover__background has-background-dim wp-block-cover__gradient-background has-background-gradient\" style=\"background:linear-gradient(0deg,rgba(0,0,0,0) 30%,rgba(0,0,0,1) 100%)\"><\/span><div class=\"wp-block-cover__inner-container is-layout-flow wp-block-cover-is-layout-flow\">\n<p class=\"has-text-align-center has-large-font-size wp-block-paragraph\"><\/p>\n<\/div><\/div>\n<\/div>\n\n\n\n<p class=\"wp-block-paragraph\">Entre \u00e9l\u00e9gance des <strong>yachts classiques<\/strong>, performance des <strong>voiliers modernes<\/strong> et spectacle sur l&rsquo;eau, vivez des \u00e9motions intenses et offrez-vous un point de vue privil\u00e9gi\u00e9. <\/p>\n\n\n\n<p class=\"wp-block-paragraph\"><strong>Admirez<\/strong>, <strong>photographiez<\/strong> et<strong> partagez<\/strong> des instants rares <strong>au plus pr\u00e8s des r\u00e9gates<\/strong>, pour des souvenirs inoubliables. <\/p>\n\n\n\n<p class=\"wp-block-paragraph\">R\u00e9servez vite et laissez-vous porter par la magie ! <\/p>\n\n\n\n<p class=\"wp-block-paragraph\"><strong>Possibilit\u00e9 de privatisation <\/strong>jusqu&rsquo;\u00e0 110 personnes : sur demande D\u00e9part des <strong>Marines de Cogolin<\/strong>, <strong>Saint-Tropez<\/strong> ou <strong>Sainte-Maxime<\/strong>.<\/p>\n\n\n\n<div style=\"height:37px\" aria-hidden=\"true\" class=\"wp-block-spacer\"><\/div>\n\n\n\n<div class=\"wp-block-buttons is-content-justification-center is-layout-flex wp-container-core-buttons-is-layout-9b3e53d3 wp-block-buttons-is-layout-flex\">\n<div class=\"wp-block-button is-style-secondary\"><a class=\"wp-block-button__link has-text-align-center wp-element-button\" href=\"https:\/\/www.visitgolfe-groupe.com\/fr\/contact\" target=\"_blank\" rel=\"noreferrer noopener\">DEMANDE DE DEVIS<\/a><\/div>\n<\/div>\n\n\n\t\t<noscript>\t<ul class=\"list-event\">\n\t\t    <div class=\"grid__item\">\n      <a href=\"https:\/\/www.visitgolfe-groupe.com\/fr\/sejour-tout-compris\/sejour-groupe-voiles-de-saint-tropez-7824947\" class=\"single-item\">\n        <div class=\"grid__img\">\n                      <img loading=\"lazy\" decoding=\"async\" src=\"https:\/\/www.visitgolfe-groupe.com\/app\/plugins\/apidae\/public\/files\/mini\/sejour-groupe-voiles-de-saint-tropez_7824947_1.jpg\" alt=\"Les Voiles de Saint-Tropez\"\n              title=\"Les Voiles de Saint-Tropez\" width=\"640\" height=\"300\" \/>\n                            <\/div>\n        <div class=\"grid__inner\">\n            \n            \n          <h2 class=\"formattedText\">S\u00e9jour groupe Voiles de Saint-Tropez<\/h2>\n            \n          <div class=\"grid__sub\">\n            <div class=\"grid__datetime\">\n              <span class=\"grid__commune\">\n                <i class=\"fa-thin fa-map-marker-alt\"><\/i>&nbsp;\n                <span\n                  itemprop=\"streetAddress\">Lou Riou<\/span>&nbsp;                <span\n                  itemprop=\"streetAddress\">130 chemin de la Moutte<\/span>&nbsp;                                -&nbsp;                Saint-Tropez              <\/span>\n            <\/div>\n          <\/div>\n        <\/div>\n      <\/a>\n    <\/div>\n      <div class=\"grid__item\">\n      <a href=\"https:\/\/www.visitgolfe-groupe.com\/fr\/sejour-tout-compris\/sejour-voiles-de-saint-tropez-5062726\" class=\"single-item\">\n        <div class=\"grid__img\">\n                      <img loading=\"lazy\" decoding=\"async\" src=\"https:\/\/www.visitgolfe-groupe.com\/app\/plugins\/apidae\/public\/files\/mini\/sejour-voiles-de-saint-tropez_5062726_1.jpg\" alt=\"Les Voiles de Saint-Tropez\"\n              title=\"Les Voiles de Saint-Tropez\" width=\"640\" height=\"300\" \/>\n                            <\/div>\n        <div class=\"grid__inner\">\n            \n            \n          <h2 class=\"formattedText\">S\u00e9jour Voiles de Saint-Tropez<\/h2>\n            \n          <div class=\"grid__sub\">\n            <div class=\"grid__datetime\">\n              <span class=\"grid__commune\">\n                <i class=\"fa-thin fa-map-marker-alt\"><\/i>&nbsp;\n                <span\n                  itemprop=\"streetAddress\">Lou Riou<\/span>&nbsp;                <span\n                  itemprop=\"streetAddress\">130 chemin de la Moutte<\/span>&nbsp;                                -&nbsp;                Saint-Tropez              <\/span>\n            <\/div>\n          <\/div>\n        <\/div>\n      <\/a>\n    <\/div>\n      <div class=\"grid__item\">\n      <a href=\"https:\/\/www.visitgolfe-groupe.com\/fr\/loisirs\/activites-sportives\/cogolin\/1-2-journee-suivi-des-voiles-de-saint-tropez-7219110\" class=\"single-item\">\n        <div class=\"grid__img\">\n                      <img loading=\"lazy\" decoding=\"async\" src=\"https:\/\/www.visitgolfe-groupe.com\/app\/plugins\/apidae\/public\/files\/mini\/1-2-journee-suivi-des-voiles-de-saint-tropez_7219110_1.jpg\" alt=\"Voiles de Saint-Tropez\"\n              title=\"Voiles de Saint-Tropez\" width=\"640\" height=\"300\" \/>\n                                                                        <\/div>\n        <div class=\"grid__inner\">\n            \n                      <div class=\"gotto\">\n                              Activit\u00e9s sportives\n                                        <\/div>\n            \n          <h2 class=\"formattedText\">1\/2 journ\u00e9e suivi des Voiles de Saint-Tropez<\/h2>\n            \n          <div class=\"grid__sub\">\n            <div class=\"grid__datetime\">\n              <span class=\"grid__commune\">\n                <i class=\"fa-thin fa-map-marker-alt\"><\/i>&nbsp;\n                                                                                Cogolin              <\/span>\n            <\/div>\n          <\/div>\n        <\/div>\n      <\/a>\n    <\/div>\n      <div class=\"grid__item\">\n      <a href=\"https:\/\/www.visitgolfe-groupe.com\/fr\/loisirs\/activites-sportives\/cogolin\/suivi-des-voiles-de-saint-tropez-7241918\" class=\"single-item\">\n        <div class=\"grid__img\">\n                      <img loading=\"lazy\" decoding=\"async\" src=\"https:\/\/www.visitgolfe-groupe.com\/app\/plugins\/apidae\/public\/files\/mini\/suivi-des-voiles-de-saint-tropez_7241918_1.jpg\" alt=\"\"\n              title=\"\" width=\"640\" height=\"300\" \/>\n                                                  <\/div>\n        <div class=\"grid__inner\">\n            \n                      <div class=\"gotto\">\n                              Activit\u00e9s sportives\n                                        <\/div>\n            \n          <h2 class=\"formattedText\">Suivi des Voiles de Saint-Tropez<\/h2>\n            \n          <div class=\"grid__sub\">\n            <div class=\"grid__datetime\">\n              <span class=\"grid__commune\">\n                <i class=\"fa-thin fa-map-marker-alt\"><\/i>&nbsp;\n                                                                                Cogolin              <\/span>\n            <\/div>\n          <\/div>\n        <\/div>\n      <\/a>\n    <\/div>\n  \t<\/ul>\n<\/noscript><div id=\"prestaItems-1209951901\" class=\"prestaItems wp-block-apidae-prestas alignwide\">\r\n\t\t\t<apidae-prestas\r\n\t\t\t\tslug=\"evt-les-voiles-de-saint-tropez\"\r\n\t\t\t\tlayout-mode=\"list\"\r\n\t\t\t\tmap-height=\"\"\r\n\t\t\t\ttheme=\"default\"\r\n\t\t\t\ttype=\"grid\"\r\n\t\t\t\ttype-filtre=\"popover\"\r\n\t\t\t\ttype-paginate=\"INFINITE\"\r\n\t\t\t\ttitle=\"\"\r\n\t\t\t\t:nb-per-page=\"12\"\r\n\t\t\t\tfilter=\"\"\r\n\t\t\t\tlang=\"fr\"\r\n\t\t\t\t:groupe-ids-to-hide=\"[7]\"\r\n\t\t\t\t:groupe-ids-to-open=\"[31]\"\r\n\t\t\t\t:tri-filters=\"['alphabetique','triEvenement']\"\r\n\t\t\t\t:tri=\"['triEvenement']\"\r\n        :show-filtre=\"0\"\r\n\t\t\t\t:show-filtre-nb-results=\"0\"\r\n        :show-filtre-results=\"0\"\r\n        :show-filtre-lib=\"0\"\r\n        :show-filtre-tri=\"0\"\r\n        :show-filtre-groupes=\"0\"\r\n        :show-filtre-date=\"0\"\r\n        :show-filtre-age=\"0\"\r\n        :show-filtre-price=\"0\"\r\n        :show-filtre-capacity=\"0\"\r\n        :show-filtre-nombre-chambres=\"0\"\r\n        :show-filtre-nombre-jours=\"0\"\r\n        :show-filtre-nombre-nuits=\"0\"\r\n        :show-filtre-distance=\"0\"\r\n        :show-filtre-duration=\"0\"\r\n        :show-filtre-elevation=\"0\"\r\n        :show-filtre-geolocalisation=\"0\"\r\n        :show-prestas=\"1\"\r\n\t\t\t\t:show-prestas-address=\"0\"\r\n\t\t\t\t:show-prestas-attributes=\"0\"\r\n\t\t\t\t:show-prestas-breadcrumb=\"0\"\r\n\t\t\t\t:show-prestas-calendar=\"0\"\r\n\t\t\t\t:show-prestas-cart=\"1\"\r\n\t\t\t\t:show-prestas-categorie=\"0\"\r\n\t\t\t\t:show-prestas-contact=\"0\"\r\n\t\t\t\t:show-prestas-coordonnee=\"0\"\r\n\t\t\t\t:show-prestas-cover=\"1\"\r\n\t\t\t\t:show-prestas-date=\"0\"\r\n\t\t\t\t:show-prestas-description=\"1\"\r\n\t\t\t\t:show-prestas-dispo=\"0\"\r\n\t\t\t\t:show-prestas-gallery=\"0\"\r\n\t\t\t\t:show-prestas-fair-guest=\"0\"\r\n\t\t\t\t:show-prestas-fair-guest-lite=\"0\"\r\n\t\t\t\t:show-prestas-logo=\"0\"\r\n\t\t\t\t:show-prestas-map=\"1\"\r\n\t\t\t\t:show-prestas-map-closed=\"1\"\r\n\t\t\t\t:show-prestas-map-cluster=\"1\"\r\n\t\t\t\t:show-prestas-map-controls=\"0\"\r\n\t\t\t\t:show-prestas-map-zoom-scroll=\"0\"\r\n\t\t\t\t:show-prestas-objets-lies=\"0\"\r\n\t\t\t\t:show-prestas-opened=\"0\"\r\n\t\t\t\t:show-prestas-tarif=\"1\"\r\n\t\t\t\t:show-prestas-title=\"1\"\r\n\t\t\t\t:show-presta-address=\"1\"\r\n\t\t\t\t:show-presta-attributes=\"1\"\r\n\t\t\t\t:show-presta-back=\"1\"\r\n\t\t\t\t:show-presta-breadcrumb=\"0\"\r\n\t\t\t\t:show-presta-calendar=\"1\"\r\n\t\t\t\t:show-presta-cart=\"0\"\r\n\t\t\t\t:show-presta-categorie=\"1\"\r\n\t\t\t\t:show-presta-contact=\"0\"\r\n\t\t\t\t:show-presta-coordonnee=\"1\"\r\n\t\t\t\t:show-presta-cover=\"1\"\r\n\t\t\t\t:show-presta-date=\"1\"\r\n\t\t\t\t:show-presta-description=\"1\"\r\n\t\t\t\t:show-presta-dispo=\"1\"\r\n\t\t\t\t:show-presta-gallery=\"1\"\r\n\t\t\t\t:show-presta-fair-guest=\"0\"\r\n\t\t\t\t:show-presta-fair-guest-lite=\"0\"\r\n\t\t\t\t:show-presta-logo=\"1\"\r\n\t\t\t\t:show-presta-map=\"1\"\r\n\t\t\t\t:show-presta-map-closed=\"1\"\r\n\t\t\t\t:show-presta-map-cluster=\"1\"\r\n\t\t\t\t:show-presta-map-controls=\"1\"\r\n\t\t\t\t:show-presta-map-zoom-scroll=\"1\"\r\n\t\t\t\t:show-presta-objets-attaches=\"1\"\r\n\t\t\t\t:show-presta-objets-croises=\"1\"\r\n\t\t\t\t:show-presta-objets-geres=\"1\"\r\n\t\t\t\t:show-presta-objets-lies=\"0\"\r\n\t\t\t\t:show-presta-opened=\"1\"\r\n\t\t\t\t:show-presta-tarif=\"1\"\r\n\t\t\t\t:show-presta-title=\"1\"\r\n\t\t\t\t:show-presta-view=\"1\">\r\n\t\t\t<\/apidae-prestas>\r\n\t\t<\/div>\n\n\n<h4 class=\"wp-block-heading\"><strong>Qu\u2019est-ce qui rend les Voiles de Saint-Tropez uniques ?<\/strong><\/h4>\n\n\n\n<p class=\"wp-block-paragraph\">C\u2019est la rencontre spectaculaire entre des univers nautiques totalement diff\u00e9rents sur un m\u00eame plan d\u2019eau :<\/p>\n\n\n\n<ul class=\"wp-block-list\">\n<li>Des voiliers classiques parfois centenaires, v\u00e9ritables \u0153uvres d\u2019art flottantes<\/li>\n\n\n\n<li>Des maxi-yachts ultramodernes \u00e0 la pointe de la technologie<\/li>\n\n\n\n<li>Des bateaux de comp\u00e9tition parmi les plus performants du circuit international<\/li>\n<\/ul>\n\n\n\n<p class=\"wp-block-paragraph\">Ce m\u00e9lange rare cr\u00e9e un spectacle grandiose dans le d\u00e9cor exceptionnel du Golfe de Saint-Tropez.<\/p>\n\n\n\n<h4 class=\"wp-block-heading\"><strong>Comment est n\u00e9 cet \u00e9v\u00e9nement mythique ?<\/strong><\/h4>\n\n\n\n<p class=\"wp-block-paragraph\">Cr\u00e9\u00e9es en 1999 par la Soci\u00e9t\u00e9 Nautique de Saint-Tropez, les Voiles succ\u00e8dent \u00e0 la c\u00e9l\u00e8bre La Nioulargue, rendez-vous embl\u00e9matique du nautisme dans les ann\u00e9es 1980 et 1990. En quelques ann\u00e9es seulement, l\u2019\u00e9v\u00e9nement s\u2019est impos\u00e9 comme l\u2019un des rassemblements de voiliers les plus prestigieux au monde.<\/p>\n\n\n\n<h4 class=\"wp-block-heading\"><strong>Pourquoi les Les Voiles de Saint-Tropez fascinent-elles le monde entier ?<\/strong><\/h4>\n\n\n\n<p class=\"wp-block-paragraph\">Chaque ann\u00e9e, la baie de Saint-Tropez devient le th\u00e9\u00e2tre d\u2019un spectacle nautique exceptionnel o\u00f9 se rencontrent \u00e9l\u00e9gance, tradition et performance. Plus qu\u2019une simple r\u00e9gate, les Voiles de Saint-Tropez incarnent l\u2019art de vivre m\u00e9diterran\u00e9en et la passion de la mer.<\/p>\n\n\n\n<h4 class=\"wp-block-heading\"><strong>Qu&rsquo;est-ce que le village des voiles ?<\/strong><\/h4>\n\n\n\n<p class=\"wp-block-paragraph\">Au c\u0153ur dde l&rsquo;\u00e9v\u00e8nement, install\u00e9 sur le port de Saint-Tropez, le Village des Voiles propose une immersion compl\u00e8te  dans l\u2019univers nautique :<\/p>\n\n\n\n<ul class=\"wp-block-list\">\n<li>Expositions de mat\u00e9riel nautique et innovations technologiques<\/li>\n\n\n\n<li>Stands de grandes marques de voile, yachting et luxe<\/li>\n\n\n\n<li>Espaces de restauration aux saveurs locales et internationales<\/li>\n\n\n\n<li>Projections de films et documentaires sur la voile<\/li>\n\n\n\n<li>Rencontres et \u00e9changes avec skippers et \u00e9quipages<\/li>\n\n\n\n<li>Concerts et animations musicales en soir\u00e9e<\/li>\n<\/ul>\n\n\n\n<p class=\"wp-block-paragraph\">Un lieu vivant o\u00f9 la comp\u00e9tition laisse place, d\u00e8s la fin de journ\u00e9e, \u00e0 une ambiance festive, conviviale et chaleureuse.<\/p>\n\n\n\n<div class=\"wp-block-buttons is-content-justification-center is-layout-flex wp-container-core-buttons-is-layout-9b3e53d3 wp-block-buttons-is-layout-flex\">\n<div class=\"wp-block-button is-style-secondary\"><a class=\"wp-block-button__link has-text-align-center wp-element-button\" href=\"https:\/\/www.visitgolfe-groupe.com\/fr\/contact\" target=\"_blank\" rel=\"noreferrer noopener\">CONTATEZ-NOUS<\/a><\/div>\n<\/div>\n\n\n\n<p class=\"wp-block-paragraph\"><\/p>\n","protected":false},"excerpt":{"rendered":"<p>Entre \u00e9l\u00e9gance des yachts classiques, performance des voiliers modernes et spectacle sur l&rsquo;eau, vivez des \u00e9motions intenses et offrez-vous un point de vue privil\u00e9gi\u00e9. Admirez, photographiez et partagez des instants rares au plus pr\u00e8s des r\u00e9gates, pour des souvenirs inoubliables. R\u00e9servez vite et laissez-vous porter par la magie ! Possibilit\u00e9 de privatisation jusqu&rsquo;\u00e0 110 personnes&#8230;<\/p>\n","protected":false},"author":1,"featured_media":2102,"parent":15,"menu_order":112,"comment_status":"closed","ping_status":"closed","template":"","meta":{"_acf_changed":false,"_crdt_document":"","footnotes":""},"class_list":["post-2002","page","type-page","status-publish","has-post-thumbnail","hentry"],"acf":[],"_links":{"self":[{"href":"https:\/\/www.visitgolfe-groupe.com\/fr\/wp-json\/wp\/v2\/pages\/2002","targetHints":{"allow":["GET"]}}],"collection":[{"href":"https:\/\/www.visitgolfe-groupe.com\/fr\/wp-json\/wp\/v2\/pages"}],"about":[{"href":"https:\/\/www.visitgolfe-groupe.com\/fr\/wp-json\/wp\/v2\/types\/page"}],"author":[{"embeddable":true,"href":"https:\/\/www.visitgolfe-groupe.com\/fr\/wp-json\/wp\/v2\/users\/1"}],"replies":[{"embeddable":true,"href":"https:\/\/www.visitgolfe-groupe.com\/fr\/wp-json\/wp\/v2\/comments?post=2002"}],"version-history":[{"count":21,"href":"https:\/\/www.visitgolfe-groupe.com\/fr\/wp-json\/wp\/v2\/pages\/2002\/revisions"}],"predecessor-version":[{"id":14550,"href":"https:\/\/www.visitgolfe-groupe.com\/fr\/wp-json\/wp\/v2\/pages\/2002\/revisions\/14550"}],"up":[{"embeddable":true,"href":"https:\/\/www.visitgolfe-groupe.com\/fr\/wp-json\/wp\/v2\/pages\/15"}],"wp:featuredmedia":[{"embeddable":true,"href":"https:\/\/www.visitgolfe-groupe.com\/fr\/wp-json\/wp\/v2\/media\/2102"}],"wp:attachment":[{"href":"https:\/\/www.visitgolfe-groupe.com\/fr\/wp-json\/wp\/v2\/media?parent=2002"}],"curies":[{"name":"wp","href":"https:\/\/api.w.org\/{rel}","templated":true}]}}