{"id":4539,"date":"2025-04-29T09:41:06","date_gmt":"2025-04-29T07:41:06","guid":{"rendered":"https:\/\/www.visitgolfe-groupe.com\/?page_id=4539"},"modified":"2025-04-30T15:10:33","modified_gmt":"2025-04-30T13:10:33","slug":"villas-privatisees","status":"publish","type":"page","link":"https:\/\/www.visitgolfe-groupe.com\/fr\/hebergements\/villas-privatisees","title":{"rendered":"Villas privatis\u00e9es"},"content":{"rendered":"\n<div class=\"wp-block-group is-layout-flow wp-block-group-is-layout-flow\">\n<p class=\"wp-block-paragraph\"><strong>Pourquoi ne pas opter pour&nbsp;<\/strong><strong>une&nbsp;<\/strong><strong>villa privatis\u00e9e ?&nbsp;<\/strong><strong>Un s<\/strong><strong>\u00e9minaire<\/strong><strong>&nbsp;\u00e0 dimension humaine<\/strong><strong>&nbsp;pour&nbsp;<\/strong><strong>des&nbsp;<\/strong><strong>petits groupes dans le Golfe de Saint-Tropez<\/strong><\/p>\n\n\n\n<p class=\"wp-block-paragraph\">Un&nbsp;cadre intime,&nbsp;une&nbsp;<strong>piscine,&nbsp;<\/strong><strong>un&nbsp;<\/strong><strong>jardin<\/strong><strong>, des<\/strong>&nbsp;<strong>espaces de r\u00e9union<\/strong>&nbsp;conviviaux,&nbsp;une solution originale&nbsp;pour allier travail et d\u00e9tente.<br>Nous cr\u00e9ons des&nbsp;<strong>offres sur mesure<\/strong>, avec des&nbsp;<strong>activit\u00e9s de team building<\/strong><strong>,<\/strong>&nbsp;sur place ou \u00e0 proximit\u00e9, pour&nbsp;que&nbsp;votre s\u00e9minaire&nbsp;soit&nbsp;\u00e0 la fois productif et convivial.<\/p>\n\n\n\n<p class=\"wp-block-paragraph\"><strong>N\u2019h\u00e9sitez pas \u00e0 d<\/strong><strong>emande<\/strong><strong>r<\/strong><strong>&nbsp;votre devis sur mesure d\u00e8s maintenant<\/strong><strong>&nbsp;!<\/strong><\/p>\n\n\n\n<div style=\"height:50px\" aria-hidden=\"true\" class=\"wp-block-spacer\"><\/div>\n\n\n\n<div class=\"wp-block-columns has-background is-layout-flex wp-container-core-columns-is-layout-d5731c4f wp-block-columns-is-layout-flex\" style=\"border-radius:16px;background-color:#ffe0d65e;padding-top:var(--wp--preset--spacing--60);padding-right:var(--wp--preset--spacing--70);padding-bottom:var(--wp--preset--spacing--60);padding-left:var(--wp--preset--spacing--70)\">\n<div class=\"wp-block-column has-or-100-background-color has-background is-layout-flow wp-block-column-is-layout-flow\" style=\"border-radius:16px;padding-top:var(--wp--preset--spacing--70);padding-right:0;padding-bottom:var(--wp--preset--spacing--70);padding-left:0\">\n<p class=\"has-2-xl-font-size wp-block-paragraph\"><i class=\"fal fa-paper-plane\"><\/i><\/p>\n\n\n\n<p class=\"has-red-500-color has-text-color has-link-color wp-elements-bd9b017a6c1f82cf291e5a5743d4ce23 wp-block-paragraph\" style=\"font-style:normal;font-weight:500;text-transform:uppercase\">Un projet ? Des questions ?<\/p>\n\n\n\n<h2 class=\"wp-block-heading\">Contactez-nous !<\/h2>\n\n\n\n<ul class=\"wp-block-list\">\n<li>Recevez rapidement  des propositions cibl\u00e9es et chiffr\u00e9es<\/li>\n\n\n\n<li>Solutions personnalis\u00e9es<\/li>\n\n\n\n<li>Expertise locale<\/li>\n\n\n\n<li>Budget ma\u00eetris\u00e9<\/li>\n<\/ul>\n\n\n\n<p class=\"wp-block-paragraph\">+33 (0)4 94 55 23 34<br><a href=\"https:\/\/www.golfe-saint-tropez-information.com\/fr\/contact\/form\"><\/a><a href=\"https:\/\/www.golfe-saint-tropez-information.com\/fr\/contact\/form\"> groupe@visitgolfe.com<\/a><\/p>\n<\/div>\n\n\n\n<div class=\"wp-block-column is-layout-flow wp-block-column-is-layout-flow\" style=\"border-radius:16px\">\n<div class=\"wpcf7 no-js\" id=\"wpcf7-f17-o1\" lang=\"fr-FR\" dir=\"ltr\" data-wpcf7-id=\"17\">\n<div class=\"screen-reader-response\"><p role=\"status\" aria-live=\"polite\" aria-atomic=\"true\"><\/p> <ul><\/ul><\/div>\n<form action=\"\/fr\/wp-json\/wp\/v2\/pages\/4539#wpcf7-f17-o1\" method=\"post\" class=\"wpcf7-form init cf7mls-no-scroll cf7mls-auto-return-first-step cf7mls-no-moving-animation\" aria-label=\"Formulaire de contact\" novalidate=\"novalidate\" data-status=\"init\">\n<fieldset class=\"hidden-fields-container\"><input type=\"hidden\" name=\"_wpcf7\" value=\"17\" \/><input type=\"hidden\" name=\"_wpcf7_version\" value=\"6.1.5\" \/><input type=\"hidden\" name=\"_wpcf7_locale\" value=\"fr_FR\" \/><input type=\"hidden\" name=\"_wpcf7_unit_tag\" value=\"wpcf7-f17-o1\" \/><input type=\"hidden\" name=\"_wpcf7_container_post\" value=\"0\" \/><input type=\"hidden\" name=\"_wpcf7_posted_data_hash\" value=\"\" \/><input type=\"hidden\" name=\"_wpcf7_recaptcha_response\" value=\"\" \/>\n<\/fieldset>\n<ul data-id-form=\"17\" data-bg-color=\"#f78d5d\" data-bg-style-bar=\"navigation_horizontal_round\" data-style-text=\"horizontal\" data-allow-choose-step=\"off\" class=\"cf7mls_progress_bar cf7mls_bar_style_navigation_horizontal_round cf7mls_bar_style_text_horizontal\" style=\"; \"><li data-counter=\"1\" data-counter_rtl=\"3\" style=\"width: auto\" class=\"cf7_mls_steps_item active current\"><div class=\"cf7_mls_steps_item_container\"><div class=\"cf7_mls_steps_item_icon\"><span class=\"cf7_mls_count_step\">1<\/span><span class=\"cf7_mls_check\"><i><svg viewBox=\"64 64 896 896\" data-icon=\"check\" width=\"14px\" height=\"14px\" fill=\"currentColor\" aria-hidden=\"true\" focusable=\"false\" class=\"\"><path d=\"M912 190h-69.9c-9.8 0-19.1 4.5-25.1 12.2L404.7 724.5 207 474a32 32 0 0 0-25.1-12.2H112c-6.7 0-10.4 7.7-6.3 12.9l273.9 347c12.8 16.2 37.4 16.2 50.3 0l488.4-618.9c4.1-5.1.4-12.8-6.3-12.8z\"><\/path><\/svg><\/i><\/span><span class=\"cf7_mls_invalid\"><i><svg viewBox=\"64 64 896 896\" data-icon=\"close\" width=\"14px\" height=\"14px\" fill=\"currentColor\" aria-hidden=\"true\" focusable=\"false\" class=\"\"><path d=\"M563.8 512l262.5-312.9c4.4-5.2.7-13.1-6.1-13.1h-79.8c-4.7 0-9.2 2.1-12.3 5.7L511.6 449.8 295.1 191.7c-3-3.6-7.5-5.7-12.3-5.7H203c-6.8 0-10.5 7.9-6.1 13.1L459.4 512 196.9 824.9A7.95 7.95 0 00203 838h79.8c4.7 0 9.2-2.1 12.3-5.7l216.5-258.1 216.5 258.1c3 3.6 7.5 5.7 12.3 5.7h79.8c6.8 0 10.5-7.9 6.1-13.1L563.8 512z\"><\/path><\/svg><\/i><\/span><\/div><div class=\"cf7_mls_steps_item_content\"><p class=\"cf7mls_progress_bar_title\">Vous<\/p><span class=\"cf7_mls_arrow_point_to_righ\"><i><svg x=\"0px\" y=\"0px\" width=\"8px\" height=\"14px\" viewBox=\"0 0 451.846 451.847\" style=\"enable-background:new 0 0 451.846 451.847; xml:space=\"preserve\"><g><path d=\"M345.441,248.292L151.154,442.573c-12.359,12.365-32.397,12.365-44.75,0c-12.354-12.354-12.354-32.391,0-44.744\n                                        L278.318,225.92L106.409,54.017c-12.354-12.359-12.354-32.394,0-44.748c12.354-12.359,32.391-12.359,44.75,0l194.287,194.284\n                                        c6.177,6.18,9.262,14.271,9.262,22.366C354.708,234.018,351.617,242.115,345.441,248.292z\"\/><\/g><\/svg><\/i><\/span><\/div><\/div><\/li><li data-counter=\"2\" data-counter_rtl=\"2\" style=\"width: auto\" class=\"cf7_mls_steps_item \"><div class=\"cf7_mls_steps_item_container\"><div class=\"cf7_mls_steps_item_icon\"><span class=\"cf7_mls_count_step\">2<\/span><span class=\"cf7_mls_check\"><i><svg viewBox=\"64 64 896 896\" data-icon=\"check\" width=\"14px\" height=\"14px\" fill=\"currentColor\" aria-hidden=\"true\" focusable=\"false\" class=\"\"><path d=\"M912 190h-69.9c-9.8 0-19.1 4.5-25.1 12.2L404.7 724.5 207 474a32 32 0 0 0-25.1-12.2H112c-6.7 0-10.4 7.7-6.3 12.9l273.9 347c12.8 16.2 37.4 16.2 50.3 0l488.4-618.9c4.1-5.1.4-12.8-6.3-12.8z\"><\/path><\/svg><\/i><\/span><span class=\"cf7_mls_invalid\"><i><svg viewBox=\"64 64 896 896\" data-icon=\"close\" width=\"14px\" height=\"14px\" fill=\"currentColor\" aria-hidden=\"true\" focusable=\"false\" class=\"\"><path d=\"M563.8 512l262.5-312.9c4.4-5.2.7-13.1-6.1-13.1h-79.8c-4.7 0-9.2 2.1-12.3 5.7L511.6 449.8 295.1 191.7c-3-3.6-7.5-5.7-12.3-5.7H203c-6.8 0-10.5 7.9-6.1 13.1L459.4 512 196.9 824.9A7.95 7.95 0 00203 838h79.8c4.7 0 9.2-2.1 12.3-5.7l216.5-258.1 216.5 258.1c3 3.6 7.5 5.7 12.3 5.7h79.8c6.8 0 10.5-7.9 6.1-13.1L563.8 512z\"><\/path><\/svg><\/i><\/span><\/div><div class=\"cf7_mls_steps_item_content\"><p class=\"cf7mls_progress_bar_title\">Votre s\u00e9jour<\/p><span class=\"cf7_mls_arrow_point_to_righ\"><i><svg x=\"0px\" y=\"0px\" width=\"8px\" height=\"14px\" viewBox=\"0 0 451.846 451.847\" style=\"enable-background:new 0 0 451.846 451.847; xml:space=\"preserve\"><g><path d=\"M345.441,248.292L151.154,442.573c-12.359,12.365-32.397,12.365-44.75,0c-12.354-12.354-12.354-32.391,0-44.744\n                                        L278.318,225.92L106.409,54.017c-12.354-12.359-12.354-32.394,0-44.748c12.354-12.359,32.391-12.359,44.75,0l194.287,194.284\n                                        c6.177,6.18,9.262,14.271,9.262,22.366C354.708,234.018,351.617,242.115,345.441,248.292z\"\/><\/g><\/svg><\/i><\/span><\/div><\/div><\/li><li data-counter=\"3\" data-counter_rtl=\"1\" style=\"width: auto\" class=\"cf7_mls_steps_item \"><div class=\"cf7_mls_steps_item_container\"><div class=\"cf7_mls_steps_item_icon\"><span class=\"cf7_mls_count_step\">3<\/span><span class=\"cf7_mls_check\"><i><svg viewBox=\"64 64 896 896\" data-icon=\"check\" width=\"14px\" height=\"14px\" fill=\"currentColor\" aria-hidden=\"true\" focusable=\"false\" class=\"\"><path d=\"M912 190h-69.9c-9.8 0-19.1 4.5-25.1 12.2L404.7 724.5 207 474a32 32 0 0 0-25.1-12.2H112c-6.7 0-10.4 7.7-6.3 12.9l273.9 347c12.8 16.2 37.4 16.2 50.3 0l488.4-618.9c4.1-5.1.4-12.8-6.3-12.8z\"><\/path><\/svg><\/i><\/span><span class=\"cf7_mls_invalid\"><i><svg viewBox=\"64 64 896 896\" data-icon=\"close\" width=\"14px\" height=\"14px\" fill=\"currentColor\" aria-hidden=\"true\" focusable=\"false\" class=\"\"><path d=\"M563.8 512l262.5-312.9c4.4-5.2.7-13.1-6.1-13.1h-79.8c-4.7 0-9.2 2.1-12.3 5.7L511.6 449.8 295.1 191.7c-3-3.6-7.5-5.7-12.3-5.7H203c-6.8 0-10.5 7.9-6.1 13.1L459.4 512 196.9 824.9A7.95 7.95 0 00203 838h79.8c4.7 0 9.2-2.1 12.3-5.7l216.5-258.1 216.5 258.1c3 3.6 7.5 5.7 12.3 5.7h79.8c6.8 0 10.5-7.9 6.1-13.1L563.8 512z\"><\/path><\/svg><\/i><\/span><\/div><div class=\"cf7_mls_steps_item_content\"><p class=\"cf7mls_progress_bar_title\">Votre message<\/p><span class=\"cf7_mls_arrow_point_to_righ\"><i><svg x=\"0px\" y=\"0px\" width=\"8px\" height=\"14px\" viewBox=\"0 0 451.846 451.847\" style=\"enable-background:new 0 0 451.846 451.847; xml:space=\"preserve\"><g><path d=\"M345.441,248.292L151.154,442.573c-12.359,12.365-32.397,12.365-44.75,0c-12.354-12.354-12.354-32.391,0-44.744\n                                        L278.318,225.92L106.409,54.017c-12.354-12.359-12.354-32.394,0-44.748c12.354-12.359,32.391-12.359,44.75,0l194.287,194.284\n                                        c6.177,6.18,9.262,14.271,9.262,22.366C354.708,234.018,351.617,242.115,345.441,248.292z\"\/><\/g><\/svg><\/i><\/span><\/div><\/div><\/li><\/ul><div class=\"cf7mls_number_step_wrap\" data-bg-color=\"#f78d5d\" data-number-step=\"3\"><p class=\"cf7mls_number\">1\/3<\/p><p class=\"cf7mls_step_current\">Vous<\/p><div class=\"cf7mls_progress_percent\"><div class=\"cf7mls_progress_bar_percent\"><div class=\"cf7mls_progress_barinner\"><\/div><\/div><\/div><\/div><div class=\"fieldset-cf7mls-wrapper\" data-transition-effects=\"\"><fieldset class=\"fieldset-cf7mls cf7mls_current_fs\"><p><label> Votre Nom Pr\u00e9nom*<br \/>\n<span class=\"wpcf7-form-control-wrap\" data-name=\"your-name\"><input size=\"40\" maxlength=\"400\" class=\"wpcf7-form-control wpcf7-text wpcf7-validates-as-required\" autocomplete=\"name\" aria-required=\"true\" aria-invalid=\"false\" value=\"\" type=\"text\" name=\"your-name\" \/><\/span> <\/label>\n<\/p>\n<p><label> Votre soci\u00e9t\u00e9<br \/>\n<span class=\"wpcf7-form-control-wrap\" data-name=\"your-compagny\"><input size=\"40\" maxlength=\"400\" class=\"wpcf7-form-control wpcf7-text\" aria-invalid=\"false\" value=\"\" type=\"text\" name=\"your-compagny\" \/><\/span> <\/label>\n<\/p>\n<p><label> Votre ville<br \/>\n<span class=\"wpcf7-form-control-wrap\" data-name=\"your-city\"><input size=\"40\" maxlength=\"400\" class=\"wpcf7-form-control wpcf7-text\" aria-invalid=\"false\" value=\"\" type=\"text\" name=\"your-city\" \/><\/span> <\/label>\n<\/p>\n<p><label> Votre t\u00e9l\u00e9phone*<br \/>\n<span class=\"wpcf7-form-control-wrap\" data-name=\"your-tel\"><input size=\"40\" maxlength=\"400\" class=\"wpcf7-form-control wpcf7-tel wpcf7-validates-as-required wpcf7-text wpcf7-validates-as-tel\" aria-required=\"true\" aria-invalid=\"false\" value=\"\" type=\"tel\" name=\"your-tel\" \/><\/span> <\/label><div class=\"cf7mls-btns \"><button type=\"button\" class=\"cf7mls_next cf7mls_btn action-button\" name=\"cf7mls_next\" id=\"cf7mls-next-btn-cf7mls_step-1\">Suivant<img decoding=\"async\" src=\"https:\/\/www.visitgolfe-groupe.com\/app\/plugins\/ninjateam-cf7-multi-step-pro\/assets\/frontend\/img\/loader.svg\" alt=\"Step Loading\" data-lazy-src=\"https:\/\/www.visitgolfe-groupe.com\/app\/plugins\/ninjateam-cf7-multi-step-pro\/assets\/frontend\/img\/loader.svg\" style=\"display: none;\" \/><\/button><\/div><p><\/p><\/fieldset><fieldset class=\"fieldset-cf7mls\"><label> Votre date d'arriv\u00e9e<br \/>\n<span class=\"wpcf7-form-control-wrap\" data-name=\"your-departure\"><input class=\"wpcf7-form-control wpcf7-date wpcf7-validates-as-date\" aria-invalid=\"false\" value=\"\" type=\"date\" name=\"your-departure\" \/><\/span> <\/label>\n<\/p>\n<p><label> Votre date de d\u00e9part<br \/>\n<span class=\"wpcf7-form-control-wrap\" data-name=\"your-arrival\"><input class=\"wpcf7-form-control wpcf7-date wpcf7-validates-as-date\" aria-invalid=\"false\" value=\"\" type=\"date\" name=\"your-arrival\" \/><\/span> <\/label>\n<\/p>\n<p><label> Nombre de participants<br \/>\n<span class=\"wpcf7-form-control-wrap\" data-name=\"your-number\"><input class=\"wpcf7-form-control wpcf7-number wpcf7-validates-as-number\" aria-invalid=\"false\" value=\"\" type=\"number\" name=\"your-number\" \/><\/span> <\/label>\n<\/p>\n<p><label> Nombre de chambres souhait\u00e9es<br \/>\n<span class=\"wpcf7-form-control-wrap\" data-name=\"your-room\"><input class=\"wpcf7-form-control wpcf7-number wpcf7-validates-as-number\" aria-invalid=\"false\" value=\"\" type=\"number\" name=\"your-room\" \/><\/span> <\/label><div class=\"cf7mls-btns \"><button type=\"button\" class=\"cf7mls_back action-button\" name=\"cf7mls_back\" id=\"cf7mls-back-btn-cf7mls_step-2\">Retour<\/button><button type=\"button\" class=\"cf7mls_next cf7mls_btn action-button\" name=\"cf7mls_next\" id=\"cf7mls-next-btn-cf7mls_step-2\">Suivant<img decoding=\"async\" src=\"https:\/\/www.visitgolfe-groupe.com\/app\/plugins\/ninjateam-cf7-multi-step-pro\/assets\/frontend\/img\/loader.svg\" alt=\"Step Loading\" data-lazy-src=\"https:\/\/www.visitgolfe-groupe.com\/app\/plugins\/ninjateam-cf7-multi-step-pro\/assets\/frontend\/img\/loader.svg\" style=\"display: none;\" \/><\/button><\/div><p><\/p><\/fieldset><fieldset class=\"fieldset-cf7mls\"><label> Votre e-mail*<br \/>\n<span class=\"wpcf7-form-control-wrap\" data-name=\"your-email\"><input size=\"40\" maxlength=\"400\" class=\"wpcf7-form-control wpcf7-email wpcf7-validates-as-required wpcf7-text wpcf7-validates-as-email\" autocomplete=\"email\" aria-required=\"true\" aria-invalid=\"false\" value=\"\" type=\"email\" name=\"your-email\" \/><\/span> <\/label>\n<\/p>\n<p><label> Votre message* (merci de pr\u00e9ciser votre budget par personne)<br \/>\n<span class=\"wpcf7-form-control-wrap\" data-name=\"your-message\"><textarea cols=\"40\" rows=\"10\" maxlength=\"2000\" class=\"wpcf7-form-control wpcf7-textarea wpcf7-validates-as-required\" aria-required=\"true\" aria-invalid=\"false\" name=\"your-message\"><\/textarea><\/span> <\/label>\n<\/p>\n<p><input class=\"wpcf7-form-control wpcf7-submit has-spinner\" type=\"submit\" value=\"Envoyer\" \/><div class=\"cf7mls-btns cf7mls-btns-last-step\"><button type=\"button\" class=\"cf7mls_back action-button\" name=\"cf7mls_back\" id=\"cf7mls-back-btn-cf7mls_step-3\">Retour<\/button><button type=\"button\" style=\"display: none;\" class=\"cf7mls_next cf7mls_btn action-button\" name=\"cf7mls_next\" id=\"cf7mls-next-btn-cf7mls_step-3\"><img decoding=\"async\" src=\"https:\/\/www.visitgolfe-groupe.com\/app\/plugins\/ninjateam-cf7-multi-step-pro\/assets\/frontend\/img\/loader.svg\" alt=\"Step Loading\" data-lazy-src=\"https:\/\/www.visitgolfe-groupe.com\/app\/plugins\/ninjateam-cf7-multi-step-pro\/assets\/frontend\/img\/loader.svg\" style=\"display: none;\" \/><\/button>\n<\/p><\/fieldset><\/div><div class=\"wpcf7-response-output\" aria-hidden=\"true\"><\/div>\n<\/form>\n<\/div>\n\n<\/div>\n<\/div>\n<\/div>\n","protected":false},"excerpt":{"rendered":"<p>Pourquoi ne pas opter pour&nbsp;une&nbsp;villa privatis\u00e9e ?&nbsp;Un s\u00e9minaire&nbsp;\u00e0 dimension humaine&nbsp;pour&nbsp;des&nbsp;petits groupes dans le Golfe de Saint-Tropez Un&nbsp;cadre intime,&nbsp;une&nbsp;piscine,&nbsp;un&nbsp;jardin, des&nbsp;espaces de r\u00e9union&nbsp;conviviaux,&nbsp;une solution originale&nbsp;pour allier travail et d\u00e9tente.Nous cr\u00e9ons des&nbsp;offres sur mesure, avec des&nbsp;activit\u00e9s de team building,&nbsp;sur place ou \u00e0 proximit\u00e9, pour&nbsp;que&nbsp;votre s\u00e9minaire&nbsp;soit&nbsp;\u00e0 la fois productif et convivial. N\u2019h\u00e9sitez pas \u00e0 demander&nbsp;votre devis sur mesure d\u00e8s&#8230;<\/p>\n","protected":false},"author":1,"featured_media":0,"parent":4530,"menu_order":251,"comment_status":"closed","ping_status":"closed","template":"","meta":{"_acf_changed":false,"_crdt_document":"","footnotes":""},"class_list":["post-4539","page","type-page","status-publish","hentry"],"acf":[],"_links":{"self":[{"href":"https:\/\/www.visitgolfe-groupe.com\/fr\/wp-json\/wp\/v2\/pages\/4539","targetHints":{"allow":["GET"]}}],"collection":[{"href":"https:\/\/www.visitgolfe-groupe.com\/fr\/wp-json\/wp\/v2\/pages"}],"about":[{"href":"https:\/\/www.visitgolfe-groupe.com\/fr\/wp-json\/wp\/v2\/types\/page"}],"author":[{"embeddable":true,"href":"https:\/\/www.visitgolfe-groupe.com\/fr\/wp-json\/wp\/v2\/users\/1"}],"replies":[{"embeddable":true,"href":"https:\/\/www.visitgolfe-groupe.com\/fr\/wp-json\/wp\/v2\/comments?post=4539"}],"version-history":[{"count":5,"href":"https:\/\/www.visitgolfe-groupe.com\/fr\/wp-json\/wp\/v2\/pages\/4539\/revisions"}],"predecessor-version":[{"id":4642,"href":"https:\/\/www.visitgolfe-groupe.com\/fr\/wp-json\/wp\/v2\/pages\/4539\/revisions\/4642"}],"up":[{"embeddable":true,"href":"https:\/\/www.visitgolfe-groupe.com\/fr\/wp-json\/wp\/v2\/pages\/4530"}],"wp:attachment":[{"href":"https:\/\/www.visitgolfe-groupe.com\/fr\/wp-json\/wp\/v2\/media?parent=4539"}],"curies":[{"name":"wp","href":"https:\/\/api.w.org\/{rel}","templated":true}]}}