{"id":82,"date":"2024-05-31T09:56:44","date_gmt":"2024-05-31T07:56:44","guid":{"rendered":"https:\/\/www.visitgolfe-groupe.com\/?page_id=82"},"modified":"2026-03-19T10:11:49","modified_gmt":"2026-03-19T09:11:49","slug":"mentions-legales","status":"publish","type":"page","link":"https:\/\/www.visitgolfe-groupe.com\/fr\/mentions-legales","title":{"rendered":"Mentions l\u00e9gales"},"content":{"rendered":"\n<div class=\"wp-block-group is-layout-flow wp-block-group-is-layout-flow\">\n<p class=\"wp-block-paragraph\"><a href=\"https:\/\/www.visitgolfe-groupe.com\/fr\" data-type=\"page\" data-id=\"6\">www.visitgolfe-groupe.com<\/a> est un site officiel de Golfe de Saint-Tropez D\u00e9veloppement<\/p>\n\n\n\n<p class=\"wp-block-paragraph\">H\u00f4tel Communautaire \u2022 2 rue Blaise Pascal \u2022 83310 Cogolin \u2022 T\u00e9l. +33 (0)4 94 55 22 00 <\/p>\n\n\n\n<p class=\"wp-block-paragraph\">SPL Cap 122&nbsp;512 euros &#8211; Autorisation de commercialisation IM 083110008 &#8211; Siret 389&nbsp;339&nbsp;581&nbsp;000 24<\/p>\n\n\n\n<h2 class=\"wp-block-heading\">Pr\u00e9sentation du site<\/h2>\n\n\n\n<p class=\"wp-block-paragraph\">En vertu de l\u2019article 6 de la loi n\u00b02004-575 du 21 juin 2004 pour la confiance dans l\u2019\u00e9conomie num\u00e9rique, il est pr\u00e9cis\u00e9 aux utilisateurs du domaine visitgolfe-groupe.com l\u2019identit\u00e9 des diff\u00e9rents intervenants dans le cadre de sa r\u00e9alisation et de son suivi :<\/p>\n\n\n\n<p class=\"wp-block-paragraph\">\u00c9diteur : Golfe de Saint-Tropez D\u00e9veloppement &#8211; H\u00f4tel communautaire \u2022 2 rue Blaise Pascal \u2022 83310 Cogolin &#8211; <i class=\"fat fa-phone\"><\/i> +33 (0)04 94 55 22 00 &#8211; <a href=\"mailto:info@visitgolfe.com\">info@visitgolfe.com<\/a><br>Directeur de publication : Emmanuel Bertrand &#8211; Directeur<br>Design &amp; d\u00e9veloppement : Franck M\u00e9zi\u00e8re &#8211; Charg\u00e9 du num\u00e9rique<\/p>\n\n\n\n<p class=\"wp-block-paragraph\">H\u00e9bergeur : GANDI SAS, Soci\u00e9t\u00e9 par Actions Simplifi\u00e9e au capital de 300.000\u20ac ayant son si\u00e8ge social au 63-65 boulevard Massena \u00e0 Paris (75013) FRANCE, immatricul\u00e9e sous le num\u00e9ro 423 093 459 RCS PARIS<\/p>\n\n\n\n<h2 class=\"wp-block-heading\">Conditions g\u00e9n\u00e9rales d&rsquo;utilisation du site et des services propos\u00e9s<\/h2>\n\n\n\n<p class=\"wp-block-paragraph\">L\u2019utilisation du site <a href=\"https:\/\/www.visitgolfe-groupe.com\/fr\" data-type=\"page\" data-id=\"6\">www.visitgolfe-groupe.com<\/a> implique l\u2019acceptation pleine et enti\u00e8re des conditions g\u00e9n\u00e9rales d\u2019utilisation ci-apr\u00e8s d\u00e9crites. Ces conditions d\u2019utilisation sont susceptibles d\u2019\u00eatre modifi\u00e9es ou compl\u00e9t\u00e9es \u00e0 tout moment, les utilisateurs du site <a href=\"https:\/\/www.visitgolfe-groupe.com\/fr\" data-type=\"page\" data-id=\"6\">www.visitgolfe-groupe.com<\/a> sont donc invit\u00e9s \u00e0 les consulter de mani\u00e8re r\u00e9guli\u00e8re. Ce site est normalement accessible \u00e0 tout moment aux utilisateurs. Une interruption pour raison de maintenance technique peut \u00eatre toutefois d\u00e9cid\u00e9e par Golfe de Saint-Tropez D\u00e9veloppement, qui s\u2019efforcera alors de communiquer pr\u00e9alablement aux utilisateurs les dates et heures de l\u2019intervention. Le site <a href=\"https:\/\/www.visitgolfe-groupe.com\/fr\" data-type=\"page\" data-id=\"6\">www.visitgolfe-groupe.com<\/a> est mis \u00e0 jour r\u00e9guli\u00e8rement par ses services. De la m\u00eame fa\u00e7on, les mentions l\u00e9gales peuvent \u00eatre modifi\u00e9es \u00e0 tout moment : elles s\u2019imposent n\u00e9anmoins \u00e0 l\u2019utilisateur qui est invit\u00e9 \u00e0 s\u2019y r\u00e9f\u00e9rer le plus souvent possible afin d\u2019en prendre connaissance.<\/p>\n\n\n\n<h2 class=\"wp-block-heading\">Descriptif des services fournis<\/h2>\n\n\n\n<p class=\"wp-block-paragraph\">Le site <a href=\"https:\/\/www.visitgolfe-groupe.com\/fr\" data-type=\"page\" data-id=\"6\">www.visitgolfe-groupe.com<\/a> a pour objet de fournir une information concernant les activit\u00e9s de loisirs et de s\u00e9jours du territoire du golfe de Saint-Tropez. Golfe de Saint-Tropez D\u00e9veloppement s\u2019efforce de fournir sur le site <a href=\"https:\/\/www.visitgolfe-groupe.com\/fr\" data-type=\"page\" data-id=\"6\">www.visitgolfe-groupe.com<\/a> des informations aussi pr\u00e9cises que possible. Toutefois, il ne pourra \u00eatre tenue responsable des omissions, des inexactitudes et des carences dans la mise \u00e0 jour, qu\u2019elles soient de son fait ou du fait des tiers partenaires qui lui fournissent ces informations. Toutes les informations indiqu\u00e9es sur le site <a href=\"https:\/\/www.visitgolfe-groupe.com\/fr\" data-type=\"page\" data-id=\"6\">www.visitgolfe-groupe.com<\/a> sont donn\u00e9es \u00e0 titre indicatif, et sont susceptibles d\u2019\u00e9voluer. Par ailleurs, les renseignements figurant sur le site <a href=\"https:\/\/www.visitgolfe-groupe.com\/fr\" data-type=\"page\" data-id=\"6\">www.visitgolfe-groupe.com<\/a> ne sont pas exhaustifs. Ils sont donn\u00e9s sous r\u00e9serve de modifications ayant \u00e9t\u00e9 apport\u00e9es depuis leur mise en ligne.<\/p>\n\n\n\n<h2 class=\"wp-block-heading\">Limitations contractuelles sur les donn\u00e9es techniques<\/h2>\n\n\n\n<p class=\"wp-block-paragraph\">Le site utilise la technologie JavaScript. Le site Internet ne pourra \u00eatre tenu responsable de dommages mat\u00e9riels li\u00e9s \u00e0 l\u2019utilisation du site. De plus, l\u2019utilisateur du site s\u2019engage \u00e0 acc\u00e9der au site en utilisant un mat\u00e9riel r\u00e9cent, ne contenant pas de virus et avec un navigateur de derni\u00e8re g\u00e9n\u00e9ration.<\/p>\n\n\n\n<h2 class=\"wp-block-heading\">Propri\u00e9t\u00e9 intellectuelle et contrefa\u00e7ons<\/h2>\n\n\n\n<p class=\"wp-block-paragraph\">Golfe de Saint-Tropez D\u00e9veloppement est propri\u00e9taire des droits de propri\u00e9t\u00e9 intellectuelle ou d\u00e9tient les droits d\u2019usage sur tous les \u00e9l\u00e9ments accessibles sur le site, notamment les textes, images, graphismes, logo, ic\u00f4nes, sons, logiciels. Toute reproduction, repr\u00e9sentation, modification, publication, adaptation de tout ou partie des \u00e9l\u00e9ments du site, quel que soit le moyen ou le proc\u00e9d\u00e9 utilis\u00e9, est interdite, sauf autorisation \u00e9crite pr\u00e9alable. Toute exploitation non autoris\u00e9e du site ou de l\u2019un quelconque des \u00e9l\u00e9ments qu\u2019il contient sera consid\u00e9r\u00e9e comme constitutive d\u2019une contrefa\u00e7on et poursuivie conform\u00e9ment aux dispositions des articles L.335-2 et suivants du Code de Propri\u00e9t\u00e9 Intellectuelle.<\/p>\n\n\n\n<h2 class=\"wp-block-heading\">Limitations de responsabilit\u00e9<\/h2>\n\n\n\n<p class=\"wp-block-paragraph\">Golfe de Saint-Tropez D\u00e9veloppement ne pourra \u00eatre tenue responsable des dommages directs et indirects caus\u00e9s au mat\u00e9riel de l\u2019utilisateur, lors de l\u2019acc\u00e8s au site <a href=\"https:\/\/www.visitgolfe-groupe.com\/fr\" data-type=\"page\" data-id=\"6\">www.visitgolfe-groupe.com<\/a>, et r\u00e9sultant soit de l\u2019utilisation d\u2019un mat\u00e9riel ne r\u00e9pondant pas aux sp\u00e9cifications indiqu\u00e9es au point ci-dessus, soit de l\u2019apparition d\u2019un bug ou d\u2019une incompatibilit\u00e9. Golfe de Saint-Tropez D\u00e9veloppement ne pourra \u00e9galement \u00eatre tenue responsable des dommages indirects (tels par exemple qu\u2019une perte de march\u00e9 ou perte d\u2019une chance) cons\u00e9cutifs \u00e0 l\u2019utilisation du site <a href=\"https:\/\/www.visitgolfe-groupe.com\/fr\" data-type=\"page\" data-id=\"6\">www.visitgolfe-groupe.com<\/a>. Des espaces interactifs (possibilit\u00e9 de poser des questions dans l\u2019espace contact) sont \u00e0 la disposition des utilisateurs. Golfe de Saint-Tropez D\u00e9veloppement se r\u00e9serve le droit de supprimer, sans mise en demeure pr\u00e9alable, tout contenu d\u00e9pos\u00e9 dans cet espace qui contreviendrait \u00e0 la l\u00e9gislation applicable en France, en particulier aux dispositions relatives \u00e0 la protection des donn\u00e9es. Le cas \u00e9ch\u00e9ant, Golfe de Saint-Tropez D\u00e9veloppement se r\u00e9serve \u00e9galement la possibilit\u00e9 de mettre en cause la responsabilit\u00e9 civile et\/ou p\u00e9nale de l\u2019utilisateur, notamment en cas de message \u00e0 caract\u00e8re raciste, injurieux, diffamant, ou pornographique, quel que soit le support utilis\u00e9 (texte, photographie\u2026).<\/p>\n<\/div>\n","protected":false},"excerpt":{"rendered":"<p>www.visitgolfe-groupe.com est un site officiel de Golfe de Saint-Tropez D\u00e9veloppement H\u00f4tel Communautaire \u2022 2 rue Blaise Pascal \u2022 83310 Cogolin \u2022 T\u00e9l. +33 (0)4 94 55 22 00 SPL Cap 122&nbsp;512 euros &#8211; Autorisation de commercialisation IM 083110008 &#8211; Siret 389&nbsp;339&nbsp;581&nbsp;000 24 Pr\u00e9sentation du site En vertu de l\u2019article 6 de la loi n\u00b02004-575 du&#8230;<\/p>\n","protected":false},"author":1,"featured_media":0,"parent":0,"menu_order":299,"comment_status":"closed","ping_status":"closed","template":"","meta":{"_acf_changed":false,"_crdt_document":"","footnotes":""},"class_list":["post-82","page","type-page","status-publish","hentry"],"acf":[],"_links":{"self":[{"href":"https:\/\/www.visitgolfe-groupe.com\/fr\/wp-json\/wp\/v2\/pages\/82","targetHints":{"allow":["GET"]}}],"collection":[{"href":"https:\/\/www.visitgolfe-groupe.com\/fr\/wp-json\/wp\/v2\/pages"}],"about":[{"href":"https:\/\/www.visitgolfe-groupe.com\/fr\/wp-json\/wp\/v2\/types\/page"}],"author":[{"embeddable":true,"href":"https:\/\/www.visitgolfe-groupe.com\/fr\/wp-json\/wp\/v2\/users\/1"}],"replies":[{"embeddable":true,"href":"https:\/\/www.visitgolfe-groupe.com\/fr\/wp-json\/wp\/v2\/comments?post=82"}],"version-history":[{"count":7,"href":"https:\/\/www.visitgolfe-groupe.com\/fr\/wp-json\/wp\/v2\/pages\/82\/revisions"}],"predecessor-version":[{"id":13538,"href":"https:\/\/www.visitgolfe-groupe.com\/fr\/wp-json\/wp\/v2\/pages\/82\/revisions\/13538"}],"wp:attachment":[{"href":"https:\/\/www.visitgolfe-groupe.com\/fr\/wp-json\/wp\/v2\/media?parent=82"}],"curies":[{"name":"wp","href":"https:\/\/api.w.org\/{rel}","templated":true}]}}