{"id":84,"date":"2024-05-31T09:57:01","date_gmt":"2024-05-31T07:57:01","guid":{"rendered":"https:\/\/www.visitgolfe-groupe.com\/?page_id=84"},"modified":"2026-03-18T11:42:22","modified_gmt":"2026-03-18T10:42:22","slug":"qui-sommes-nous","status":"publish","type":"page","link":"https:\/\/www.visitgolfe-groupe.com\/fr\/qui-sommes-nous","title":{"rendered":"A propos de nous"},"content":{"rendered":"\n<div class=\"wp-block-group is-layout-constrained wp-block-group-is-layout-constrained\">\n<figure class=\"wp-block-image size-large is-style-rounded is-style-rounded--1\"><img loading=\"lazy\" decoding=\"async\" width=\"1024\" height=\"763\" sizes=\"auto, (max-width: 1024px) 100vw, 1024px\" data-tippy-content=\"IMG_4564_modifi\u00e9-1\" src=\"https:\/\/www.visitgolfe-groupe.com\/app\/uploads\/2025\/05\/IMG_4564_modifie-1-1-1024x763.jpg\" alt=\"\" class=\"wp-image-5754\" srcset=\"https:\/\/www.visitgolfe-groupe.com\/app\/uploads\/2025\/05\/IMG_4564_modifie-1-1-1024x763.jpg 1024w, https:\/\/www.visitgolfe-groupe.com\/app\/uploads\/2025\/05\/IMG_4564_modifie-1-1-300x225.jpg 300w, https:\/\/www.visitgolfe-groupe.com\/app\/uploads\/2025\/05\/IMG_4564_modifie-1-1-768x572.jpg 768w, https:\/\/www.visitgolfe-groupe.com\/app\/uploads\/2025\/05\/IMG_4564_modifie-1-1-1536x1144.jpg 1536w, https:\/\/www.visitgolfe-groupe.com\/app\/uploads\/2025\/05\/IMG_4564_modifie-1-1.jpg 2000w\" \/><\/figure>\n\n\n\n<p class=\"has-text-color has-link-color wp-elements-c1a85688d6d9cb5c86a5dd699e81ef3d wp-block-paragraph\" style=\"color:#0a97b7\"><strong>\u00ab&nbsp;Golfe de Saint-Tropez D\u00e9veloppement&nbsp;\u00bb&nbsp;: quelques mots pour nous pr\u00e9senter\u2026<\/strong><\/p>\n\n\n\n<ul class=\"wp-block-list\">\n<li><strong>Implant\u00e9e au c\u0153ur du Golfe<\/strong>, la SPL a pour vocation&nbsp;de&nbsp;faire d\u00e9couvrir \u00e0 la client\u00e8le fran\u00e7aise et internationale&nbsp;<strong>les tr\u00e9sors&nbsp;de nos 12 communes<\/strong>. Il s\u2019agit de valoriser notre destination mythique, le Golfe de Saint-Tropez sous la forme d\u2019exp\u00e9riences inoubliables.<\/li>\n\n\n\n<li>La structure, <strong>cr\u00e9\u00e9e il y a 33 ans<\/strong> sous l\u2019appellation \u00ab&nbsp;Golfe de Saint-Tropez Tourisme&nbsp;\u00bb, a initialement g\u00e9r\u00e9 la&nbsp;Maison du Tourisme&nbsp;du Golfe de Saint-Tropez, jusqu\u2019en 2022.<\/li>\n\n\n\n<li>L\u2019\u00e9volution des comp\u00e9tences des intercommunalit\u00e9s a conduit la Communaut\u00e9 de communes \u00ab&nbsp;Golfe de Saint-Tropez&nbsp;\u00bb \u00e0 repenser les missions d\u00e9l\u00e9gu\u00e9es&nbsp;\u00e0 la structure. La Soci\u00e9t\u00e9 Publique Locale a alors chang\u00e9 d\u2019appellation&nbsp;pour devenir : <strong>\u00ab&nbsp;Golfe de Saint-Tropez D\u00e9veloppement&nbsp;\u00bb<\/strong>. Sous l\u2019\u00e9gide de la Communaut\u00e9 de communes, la SPL est <strong>pr\u00e9sid\u00e9e par Philippe Leonelli<\/strong>, Maire de Cavalaire, Pr\u00e9sident de la comp\u00e9tence Dev Eco et Tourisme.<\/li>\n\n\n\n<li>La SPL assure d\u00e9sormais <strong>l\u2019accompagnement des professionnels de la destination<\/strong>, au niveau de la structuration et de la diffusion de leurs offres commerciales, tout en assurant l\u2019<strong>interface<\/strong> et en simplifiant les d\u00e9marches avec la client\u00e8le int\u00e9ress\u00e9e par un s\u00e9jour sur ce territoire d\u2019exception.<\/li>\n\n\n\n<li>L\u2019objectif de la SPL est aussi de <strong>favoriser l\u2019essor d\u2019un d\u00e9veloppement \u00e9conomique durable<\/strong> et ma\u00eetris\u00e9, port\u00e9e par l\u2019engagement fort de valorisation d\u2019un tourisme authentique, par un <strong>accompagnement des professionnels locaux<\/strong>, notamment ceux engag\u00e9s dans des d\u00e9marches qualit\u00e9 et\/ ou ceux qui font l\u2019effort d\u2019allonger leur p\u00e9riode d\u2019ouverture.<\/li>\n<\/ul>\n\n\n\n<p class=\"has-text-color has-link-color wp-elements-ca27ac12b59c7b7919699e2dc98cef51 wp-block-paragraph\" style=\"color:#0a97b7\"><strong>\u00ab&nbsp;Golfe de Saint-Tropez D\u00e9veloppement&nbsp;\u00bb&nbsp;: 3 missions phares et des supports digitaux performants, au service des visiteurs<\/strong><\/p>\n\n\n\n<ul class=\"wp-block-list\">\n<li><strong>L\u2019offre de loisirs&nbsp;:<\/strong> \u00e9laboration et portage de l\u2019offre de loisirs \u00e0 avantages exclusifs du&nbsp;Golfe de Saint-Tropez&nbsp;;&nbsp;\u00e0 d\u00e9couvrir sur&nbsp;<a href=\"http:\/\/www.amusez-vous.net\/\" target=\"_blank\" rel=\"noreferrer noopener\">www.amusez-vous.net<\/a><\/li>\n<\/ul>\n\n\n\n<ul class=\"wp-block-list\">\n<li><strong>Les s\u00e9jours\u00a0th\u00e9matiques\u00a0:<\/strong> montage de packages courts s\u00e9jours attractifs,\u00a0combinant h\u00e9bergement et\u00a0activit\u00e9s\u00a0;\u00a0\u00e0 d\u00e9couvrir sur\u00a0<a href=\"http:\/\/www.weekend-provence.fr\">www.weekend-provence.fr<\/a><\/li>\n<\/ul>\n\n\n\n<ul class=\"wp-block-list\">\n<li><strong>Les&nbsp;produits \u00e0 destination des&nbsp;groupes d&rsquo;affaires&nbsp;ou&nbsp;de loisirs&nbsp;:<\/strong> des solutions sur mesure ou cl\u00e9 en main, \u00e0 votre image&nbsp;;&nbsp;\u00e0 d\u00e9couvrir sur&nbsp;<a href=\"http:\/\/www.visitgolfe-groupe.com\/\" target=\"_blank\" rel=\"noreferrer noopener\">www.visitgolfe-groupe.com<\/a><\/li>\n<\/ul>\n\n\n\n<p class=\"wp-block-paragraph\">Trois types d\u2019<strong>exp\u00e9riences \u00e0 vivre <\/strong>sur notre destination, chacune pr\u00e9sent\u00e9e sur un <strong>site Internet d\u00e9di\u00e9<\/strong>, avec une r\u00e9servation facilit\u00e9e sur vos supports usuels (smartphone, tablettes, pc). &nbsp;<\/p>\n\n\n\n<p class=\"has-text-color has-link-color wp-elements-8aff6d35b6726922a7bb36dbb852c65e wp-block-paragraph\" style=\"color:#0a97b7\"><strong>\u00ab&nbsp;Golfe de Saint-Tropez D\u00e9veloppement&nbsp;\u00bb&nbsp;: le site&nbsp;&nbsp;<\/strong><a href=\"http:\/\/www.visitgolfe-groupe.com\/\" target=\"_blank\" rel=\"noreferrer noopener\"><strong>visitgolfe-groupe.com<\/strong><\/a>&nbsp;<strong>en r\u00e9sum\u00e9<\/strong><\/p>\n\n\n\n<ul class=\"wp-block-list\">\n<li><strong>Une s\u00e9lection d\u2019offres&nbsp;groupes et de tourisme d\u2019affaires<\/strong>, \u00e0 vivre dans&nbsp;une destination phare du tourisme mondial.&nbsp;<\/li>\n\n\n\n<li><strong>Un panel attractif pour vous inspirer <\/strong>et faciliter la r\u00e9ussite de vos s\u00e9minaires, vos rencontres d\u2019affaires, vos s\u00e9jours loisirs pour groupes.<\/li>\n<\/ul>\n\n\n\n<p class=\"has-text-color has-link-color wp-elements-67c5983e6448c40389ba53a94688754e wp-block-paragraph\" style=\"color:#0a97b7\"><strong>\u00ab&nbsp;Golfe de Saint-Tropez D\u00e9veloppement&nbsp;\u00bb&nbsp;: nos atouts&nbsp;pour vous accompagner<\/strong><\/p>\n\n\n\n<ul class=\"wp-block-list\">\n<li><strong>33&nbsp;ans d&rsquo;exp\u00e9rience&nbsp;de la destination<\/strong> \u00ab&nbsp;Golfe de Saint-Tropez&nbsp;\u00bb.<\/li>\n\n\n\n<li><strong>Une parfaite connaissance de la r\u00e9gion<\/strong> et des professionnels locaux.<\/li>\n\n\n\n<li><strong>Un interlocuteur unique<\/strong>&nbsp;assurant l\u2019interface avec des&nbsp;prestataires&nbsp;qualifi\u00e9s.<\/li>\n\n\n\n<li><strong>La r\u00e9servation&nbsp;facilit\u00e9e<\/strong>&nbsp;de&nbsp;vos lieux&nbsp;de rencontre&nbsp;et&nbsp;des&nbsp;prestations aff\u00e9rentes.<\/li>\n<\/ul>\n\n\n\n<p class=\"has-text-color has-link-color wp-elements-721353a2ae800855f616ddafa10fbbe4 wp-block-paragraph\" style=\"color:#0a97b7\"><strong>\u00ab&nbsp;Golfe de Saint-Tropez D\u00e9veloppement&nbsp;\u00bb&nbsp;: des&nbsp;garanties&nbsp;pour conforter notre choix<\/strong><\/p>\n\n\n\n<ul class=\"wp-block-list\">\n<li>Service sous l\u2019\u00e9gide de la <strong>Communaut\u00e9 de Communes<\/strong> Golfe de Saint-Tropez<\/li>\n\n\n\n<li>Immatriculation au registre des op\u00e9rateurs de voyages&nbsp;d<strong>\u2019Atout France<\/strong>, n\u00b0 IM083110008 S<\/li>\n\n\n\n<li><strong>Assurance APST<\/strong> (Association Professionnelle de Solidarit\u00e9 du Tourisme).<\/li>\n<\/ul>\n\n\n\n<p class=\"has-text-color has-link-color wp-elements-34021804dbc9478bc471ef8b30bb72b7 wp-block-paragraph\" style=\"color:#0a97b7\"><strong>\u00ab&nbsp;Golfe de Saint-Tropez D\u00e9veloppement&nbsp;\u00bb&nbsp;: ces&nbsp;valeurs&nbsp;que nous partageons ensemble\u2026<\/strong><\/p>\n\n\n\n<ul class=\"wp-block-list\">\n<li><strong>Le tourisme&nbsp;durable :<\/strong>&nbsp;engagement \u00e0 travailler exclusivement avec des prestataires locaux.<\/li>\n\n\n\n<li><strong>L\u2019authenticit\u00e9 :<\/strong>&nbsp;valorisation du patrimoine&nbsp;d\u2019un territoire d\u2019exception.<\/li>\n\n\n\n<li><strong>La proximit\u00e9 :<\/strong>&nbsp;service personnalis\u00e9, circuits courts et r\u00e9activit\u00e9 de l\u2019\u00e9quipe.<\/li>\n\n\n\n<li><strong>Le partage&nbsp;:<\/strong> dans le Golfe de Saint-Tropez, le bonheur en partage\u2026<br><br><\/li>\n<\/ul>\n<\/div>\n\n\n\n<p class=\"wp-block-paragraph\"><\/p>\n","protected":false},"excerpt":{"rendered":"<p>\u00ab&nbsp;Golfe de Saint-Tropez D\u00e9veloppement&nbsp;\u00bb&nbsp;: quelques mots pour nous pr\u00e9senter\u2026 \u00ab&nbsp;Golfe de Saint-Tropez D\u00e9veloppement&nbsp;\u00bb&nbsp;: 3 missions phares et des supports digitaux performants, au service des visiteurs Trois types d\u2019exp\u00e9riences \u00e0 vivre sur notre destination, chacune pr\u00e9sent\u00e9e sur un site Internet d\u00e9di\u00e9, avec une r\u00e9servation facilit\u00e9e sur vos supports usuels (smartphone, tablettes, pc). &nbsp; \u00ab&nbsp;Golfe de Saint-Tropez&#8230;<\/p>\n","protected":false},"author":1,"featured_media":0,"parent":0,"menu_order":304,"comment_status":"closed","ping_status":"closed","template":"","meta":{"_acf_changed":false,"_crdt_document":"","footnotes":""},"class_list":["post-84","page","type-page","status-publish","hentry"],"acf":[],"_links":{"self":[{"href":"https:\/\/www.visitgolfe-groupe.com\/fr\/wp-json\/wp\/v2\/pages\/84","targetHints":{"allow":["GET"]}}],"collection":[{"href":"https:\/\/www.visitgolfe-groupe.com\/fr\/wp-json\/wp\/v2\/pages"}],"about":[{"href":"https:\/\/www.visitgolfe-groupe.com\/fr\/wp-json\/wp\/v2\/types\/page"}],"author":[{"embeddable":true,"href":"https:\/\/www.visitgolfe-groupe.com\/fr\/wp-json\/wp\/v2\/users\/1"}],"replies":[{"embeddable":true,"href":"https:\/\/www.visitgolfe-groupe.com\/fr\/wp-json\/wp\/v2\/comments?post=84"}],"version-history":[{"count":14,"href":"https:\/\/www.visitgolfe-groupe.com\/fr\/wp-json\/wp\/v2\/pages\/84\/revisions"}],"predecessor-version":[{"id":13524,"href":"https:\/\/www.visitgolfe-groupe.com\/fr\/wp-json\/wp\/v2\/pages\/84\/revisions\/13524"}],"wp:attachment":[{"href":"https:\/\/www.visitgolfe-groupe.com\/fr\/wp-json\/wp\/v2\/media?parent=84"}],"curies":[{"name":"wp","href":"https:\/\/api.w.org\/{rel}","templated":true}]}}