{"id":2148,"date":"2024-05-31T09:57:01","date_gmt":"2024-05-31T07:57:01","guid":{"rendered":"https:\/\/www.visitgolfe-groupe.com\/chi-siamo"},"modified":"2026-03-18T11:42:43","modified_gmt":"2026-03-18T10:42:43","slug":"chi-siamo","status":"publish","type":"page","link":"https:\/\/www.visitgolfe-groupe.com\/it\/chi-siamo","title":{"rendered":"Chi siamo"},"content":{"rendered":"\n<div class=\"wp-block-group is-layout-constrained wp-block-group-is-layout-constrained\">\n<figure class=\"wp-block-image size-large is-style-rounded is-style-rounded--1\"><img loading=\"lazy\" decoding=\"async\" width=\"1024\" height=\"763\" sizes=\"auto, (max-width: 1024px) 100vw, 1024px\" data-tippy-content=\"IMG_4564_modifi\u00e9-1\" src=\"https:\/\/www.visitgolfe-groupe.com\/app\/uploads\/2025\/05\/IMG_4564_modifie-1-1-1024x763.jpg\" alt=\"\" class=\"wp-image-5754\" srcset=\"https:\/\/www.visitgolfe-groupe.com\/app\/uploads\/2025\/05\/IMG_4564_modifie-1-1-1024x763.jpg 1024w, https:\/\/www.visitgolfe-groupe.com\/app\/uploads\/2025\/05\/IMG_4564_modifie-1-1-300x225.jpg 300w, https:\/\/www.visitgolfe-groupe.com\/app\/uploads\/2025\/05\/IMG_4564_modifie-1-1-768x572.jpg 768w, https:\/\/www.visitgolfe-groupe.com\/app\/uploads\/2025\/05\/IMG_4564_modifie-1-1-1536x1144.jpg 1536w, https:\/\/www.visitgolfe-groupe.com\/app\/uploads\/2025\/05\/IMG_4564_modifie-1-1.jpg 2000w\" \/><\/figure>\n\n\n\n<p class=\"has-text-color has-link-color wp-elements-b56c5675d3f765f9bc3b2124f694f11e wp-block-paragraph\" style=\"color:#0a97b7\"><strong>&#8220;Golfe de Saint-Tropez D\u00e9veloppement&#8221;: qualche parola per presentarci&#8230;<\/strong><\/p>\n\n\n\n<ul class=\"wp-block-list\">\n<li><strong>Situata nel cuore del Golfo<\/strong>, la missione della SPL \u00e8 quella di aiutare i clienti francesi e internazionali a scoprire <strong>i tesori dei nostri 12 comuni<\/strong>. L&#8217;obiettivo \u00e8 promuovere la nostra leggendaria destinazione, il Golfo di Saint-Tropez, attraverso esperienze indimenticabili. <\/li>\n\n\n\n<li>La struttura, <strong>creata 33 anni fa<\/strong> con il nome di &#8220;Golfe de Saint-Tropez Tourisme&#8221;, gestisce inizialmente la Maison du Tourisme du Golfe de Saint-Tropez fino al 2022.<\/li>\n\n\n\n<li>I cambiamenti nelle responsabilit\u00e0 degli organismi intercomunali hanno portato la Comunit\u00e0 dei Comuni &#8220;Golfe de Saint-Tropez&#8221; a ripensare i compiti delegati alla struttura. Di conseguenza, la Soci\u00e9t\u00e9 Publique Locale ha cambiato nome in <strong>&#8220;Golfe de Saint-Tropez D\u00e9veloppement&#8221;.<\/strong> Sotto l&#8217;egida della &#8220;Communaut\u00e9 de communes&#8221;, la SPL \u00e8 <strong>presieduta da Philippe Leonelli<\/strong>, sindaco di Cavalaire e presidente del dipartimento &#8220;Dev Eco et Tourisme&#8221;.  <\/li>\n\n\n\n<li>Lo SPL ha ora il compito di <strong>supportare i professionisti della destinazione<\/strong> nella strutturazione e distribuzione delle loro offerte commerciali, fungendo al contempo da<strong>interfaccia<\/strong> e semplificando le procedure per i clienti interessati a un soggiorno in questa regione eccezionale.<\/li>\n\n\n\n<li>L&#8217;obiettivo della SPL \u00e8 anche quello di <strong>incoraggiare la crescita di uno sviluppo economico sostenibile<\/strong> e controllato, sostenuto da un forte impegno nella promozione del turismo autentico, <strong>sostenendo i professionisti locali<\/strong>, in particolare quelli coinvolti in iniziative di qualit\u00e0 e\/o quelli che si sforzano di prolungare i periodi di apertura.<\/li>\n<\/ul>\n\n\n\n<p class=\"has-text-color has-link-color wp-elements-27f35ed7d8cab55c20406c74b4f33312 wp-block-paragraph\" style=\"color:#0a97b7\"><strong>&#8220;Golfe de Saint-Tropez D\u00e9veloppement&#8221;: 3 missioni chiave e supporti digitali ad alte prestazioni per servire i visitatori<\/strong><\/p>\n\n\n\n<ul class=\"wp-block-list\">\n<li><strong>L&#8217;offerta per il tempo libero:<\/strong> sviluppo e promozione dell&#8217;offerta per il tempo libero con vantaggi esclusivi nel Golfo di Saint-Tropez, da scoprire su <a href=\"http:\/\/www.amusez-vous.net\/\" target=\"_blank\" rel=\"noreferrer noopener\">www.amusez-vous.net<\/a>.<\/li>\n<\/ul>\n\n\n\n<ul class=\"wp-block-list\">\n<li><strong>Soggiorni a tema:<\/strong> crea interessanti pacchetti di soggiorni brevi che combinano alloggio e attivit\u00e0; per saperne di pi\u00f9 visita il sito <a href=\"http:\/\/www.weekend-provence.fr\">www.weekend-provence.fr<\/a>.<\/li>\n<\/ul>\n\n\n\n<ul class=\"wp-block-list\">\n<li><strong>Prodotti per gruppi di lavoro e di piacere:<\/strong> soluzioni su misura o chiavi in mano per soddisfare la tua immagine; visita <a href=\"http:\/\/www.visitgolfe-groupe.com\/\" target=\"_blank\" rel=\"noreferrer noopener\">www.visitgolfe-groupe.com<\/a><\/li>\n<\/ul>\n\n\n\n<p class=\"wp-block-paragraph\">Ci sono tre tipi di<strong>esperienze da vivere <\/strong>nella nostra destinazione, ognuna presentata su un <strong>sito web dedicato<\/strong>, con la possibilit\u00e0 di prenotare facilmente tramite i tuoi supporti abituali (smartphone, tablet, PC).  <\/p>\n\n\n\n<p class=\"has-text-color has-link-color wp-elements-4cee85fa0375f23cf9d47912600280bc wp-block-paragraph\" style=\"color:#0a97b7\"><strong>&#8220;Golfe de Saint-Tropez D\u00e9veloppement: il sito web <\/strong><a href=\"http:\/\/www.visitgolfe-groupe.com\/\" target=\"_blank\" rel=\"noreferrer noopener\"><strong>visitgolfe-groupe.com<\/strong><\/a> <strong>sintesi<\/strong><\/p>\n\n\n\n<ul class=\"wp-block-list\">\n<li><strong>Una selezione di offerte di turismo di gruppo e d&#8217;affari<\/strong> in una delle principali destinazioni turistiche del mondo.  <\/li>\n\n\n\n<li><strong>Una gamma attraente che ti ispirer\u00e0 <\/strong>e render\u00e0 i tuoi seminari, le tue riunioni di lavoro e le tue pause di svago per gruppi un successo.<\/li>\n<\/ul>\n\n\n\n<p class=\"has-text-color has-link-color wp-elements-6314ada5e609170983344b433abe3ca4 wp-block-paragraph\" style=\"color:#0a97b7\"><strong>&#8220;Golfe de Saint-Tropez D\u00e9veloppement&#8221;: le nostre risorse per sostenerti<\/strong><\/p>\n\n\n\n<ul class=\"wp-block-list\">\n<li><strong>33 anni di esperienza nella destinazione<\/strong> &#8220;Golfe de Saint-Tropez&#8221;.<\/li>\n\n\n\n<li><strong>Conoscenza perfetta della regione<\/strong> e dei professionisti locali.<\/li>\n\n\n\n<li><strong>Un unico punto di contatto<\/strong> per relazionarsi con fornitori di servizi qualificati.<\/li>\n\n\n\n<li><strong>Prenotazione pi\u00f9 semplice delle<\/strong> sedi dei tuoi meeting e dei servizi correlati.<\/li>\n<\/ul>\n\n\n\n<p class=\"has-text-color has-link-color wp-elements-bc211fad3df2943df1bb24d54ef62aa3 wp-block-paragraph\" style=\"color:#0a97b7\"><strong>&#8220;Golfe de Saint-Tropez D\u00e9veloppement&#8221;: garanzie a sostegno della nostra scelta<\/strong><\/p>\n\n\n\n<ul class=\"wp-block-list\">\n<li>Servizio sotto l&#8217;egida della <strong>Comunit\u00e0 dei Comuni<\/strong> del Golfe de Saint-Tropez<\/li>\n\n\n\n<li>Registrato presso<strong>Atout France<\/strong> come operatore turistico, n. IM083110008 S<\/li>\n\n\n\n<li><strong>Assicurazione APST<\/strong> (Association Professionnelle de Solidarit\u00e9 du Tourisme).<\/li>\n<\/ul>\n\n\n\n<p class=\"has-text-color has-link-color wp-elements-a3386571f099685a265c596efc1be5aa wp-block-paragraph\" style=\"color:#0a97b7\"><strong>&#8220;Golfe de Saint-Tropez D\u00e9veloppement&#8221;: valori che condividiamo insieme&#8230;<\/strong><\/p>\n\n\n\n<ul class=\"wp-block-list\">\n<li><strong>Turismo sostenibile:<\/strong> impegno a lavorare esclusivamente con fornitori di servizi locali.<\/li>\n\n\n\n<li><strong>Autenticit\u00e0:<\/strong> promuovere il patrimonio di una regione eccezionale.<\/li>\n\n\n\n<li><strong>Vicinanza:<\/strong> servizio personalizzato, circuiti brevi e un team reattivo.<\/li>\n\n\n\n<li><strong>Condividere:<\/strong> nel Golfo di Saint-Tropez, condividere la felicit\u00e0&#8230;<br\/><br\/><\/li>\n<\/ul>\n<\/div>\n\n<p class=\"wp-block-paragraph\"><\/p>\n","protected":false},"excerpt":{"rendered":"<p>&#8220;Golfe de Saint-Tropez D\u00e9veloppement&#8221;: qualche parola per presentarci&#8230; &#8220;Golfe de Saint-Tropez D\u00e9veloppement&#8221;: 3 missioni chiave e supporti digitali ad alte prestazioni per servire i visitatori Ci sono tre tipi diesperienze da vivere nella nostra destinazione, ognuna presentata su un sito web dedicato, con la possibilit\u00e0 di prenotare facilmente tramite i tuoi supporti abituali (smartphone, tablet,&#8230;<\/p>\n","protected":false},"author":1,"featured_media":0,"parent":0,"menu_order":308,"comment_status":"closed","ping_status":"closed","template":"","meta":{"_acf_changed":false,"_crdt_document":"","footnotes":""},"class_list":["post-2148","page","type-page","status-publish","hentry"],"acf":[],"_links":{"self":[{"href":"https:\/\/www.visitgolfe-groupe.com\/it\/wp-json\/wp\/v2\/pages\/2148","targetHints":{"allow":["GET"]}}],"collection":[{"href":"https:\/\/www.visitgolfe-groupe.com\/it\/wp-json\/wp\/v2\/pages"}],"about":[{"href":"https:\/\/www.visitgolfe-groupe.com\/it\/wp-json\/wp\/v2\/types\/page"}],"author":[{"embeddable":true,"href":"https:\/\/www.visitgolfe-groupe.com\/it\/wp-json\/wp\/v2\/users\/1"}],"replies":[{"embeddable":true,"href":"https:\/\/www.visitgolfe-groupe.com\/it\/wp-json\/wp\/v2\/comments?post=2148"}],"version-history":[{"count":14,"href":"https:\/\/www.visitgolfe-groupe.com\/it\/wp-json\/wp\/v2\/pages\/2148\/revisions"}],"predecessor-version":[{"id":13532,"href":"https:\/\/www.visitgolfe-groupe.com\/it\/wp-json\/wp\/v2\/pages\/2148\/revisions\/13532"}],"wp:attachment":[{"href":"https:\/\/www.visitgolfe-groupe.com\/it\/wp-json\/wp\/v2\/media?parent=2148"}],"curies":[{"name":"wp","href":"https:\/\/api.w.org\/{rel}","templated":true}]}}