{"id":2154,"date":"2024-05-31T09:56:44","date_gmt":"2024-05-31T07:56:44","guid":{"rendered":"https:\/\/www.visitgolfe-groupe.com\/informazioni-legali"},"modified":"2026-03-19T10:12:23","modified_gmt":"2026-03-19T09:12:23","slug":"informazioni-legali","status":"publish","type":"page","link":"https:\/\/www.visitgolfe-groupe.com\/it\/informazioni-legali","title":{"rendered":"Informazioni legali"},"content":{"rendered":"\n<div class=\"wp-block-group is-layout-flow wp-block-group-is-layout-flow\">\n<p class=\"wp-block-paragraph\"><a href=\"https:\/\/www.visitgolfe-groupe.com\/it\" data-type=\"page\" data-id=\"6\">www.visitgolfe-groupe.com<\/a> \u00e8 un sito ufficiale di Golfe de Saint-Tropez D\u00e9veloppement<\/p>\n\n\n\n<p class=\"wp-block-paragraph\">H\u00f4tel Communautaire &#8211; 2 rue Blaise Pascal &#8211; 83310 Cogolin &#8211; Tel. +33 (0)4 94 55 22 00  <\/p>\n\n\n\n<p class=\"wp-block-paragraph\">SPL Cap 122 512 euro &#8211; Autorizzazione all&#8217;immissione in commercio IM 083110008 &#8211; Siret 389 339 581 000 24<\/p>\n\n\n\n<h2 class=\"wp-block-heading\">Presentazione del sito<\/h2>\n\n\n\n<p class=\"wp-block-paragraph\">Ai sensi dell&#8217;articolo 6 della legge n. 2004-575 del 21 giugno 2004 sulla fiducia nell&#8217;economia digitale, gli utenti del dominio visitgolfe-groupe.com sono informati dell&#8217;identit\u00e0 delle varie parti coinvolte nella creazione e nel monitoraggio del dominio:<\/p>\n\n\n\n<p class=\"wp-block-paragraph\">Editore: Golfe de Saint-Tropez D\u00e9veloppement &#8211; H\u00f4tel communautaire &#8211; 2 rue Blaise Pascal &#8211; 83310 Cogolin &#8211; <i class=\"fat fa-phone\"><\/i> +33 (0)04 94 55 22 00 &#8211; <a href=\"mailto:info@visitgolfe.com\">info@visitgolfe.com<\/a><br\/>Direttore editoriale: Emmanuel Bertrand &#8211; Direttore<br\/>Design e sviluppo: Franck M\u00e9zi\u00e8re &#8211; Digital Officer<\/p>\n\n\n\n<p class=\"wp-block-paragraph\">Proprietario: GANDI SAS, societ\u00e0 per azioni semplificata con capitale di 300.000 euro, con sede legale in 63-65 boulevard Massena, Parigi (75013) FRANCIA, registrata con il numero 423 093 459 RCS PARIS.<\/p>\n\n\n\n<h2 class=\"wp-block-heading\">Condizioni generali di utilizzo del sito e dei servizi offerti<\/h2>\n\n\n\n<p class=\"wp-block-paragraph\">L&#8217;utilizzo del sito web <a href=\"https:\/\/www.visitgolfe-groupe.com\/it\" data-type=\"page\" data-id=\"6\">www.visitgolfe-groupe.com<\/a> implica la piena accettazione delle condizioni generali di utilizzo riportate di seguito. Le presenti condizioni d&#8217;uso possono essere modificate o integrate in qualsiasi momento, pertanto si consiglia agli utenti del sito web <a href=\"https:\/\/www.visitgolfe-groupe.com\/it\" data-type=\"page\" data-id=\"6\">www.visitgolfe-groupe.com<\/a> di consultarle regolarmente. Questo sito \u00e8 normalmente accessibile agli utenti in qualsiasi momento. Golfe de Saint-Tropez D\u00e9veloppement pu\u00f2 tuttavia decidere di interrompere il sito per motivi di manutenzione tecnica, nel qual caso cercher\u00e0 di informare in anticipo gli utenti sulle date e gli orari dell&#8217;intervento. Il sito <a href=\"https:\/\/www.visitgolfe-groupe.com\/it\" data-type=\"page\" data-id=\"6\">www.visitgolfe-groupe.com<\/a> viene aggiornato regolarmente dai suoi servizi. Allo stesso modo, le note legali possono essere modificate in qualsiasi momento: esse sono comunque vincolanti per l&#8217;utente, che \u00e8 invitato a consultarle il pi\u00f9 spesso possibile per prenderne visione.     <\/p>\n\n\n\n<h2 class=\"wp-block-heading\">Descrizione dei servizi forniti<\/h2>\n\n\n\n<p class=\"wp-block-paragraph\">Lo scopo del sito <a href=\"https:\/\/www.visitgolfe-groupe.com\/it\" data-type=\"page\" data-id=\"6\">www.visitgolfe-groupe.com<\/a> \u00e8 quello di fornire informazioni sulle attivit\u00e0 di svago e vacanza nel Golfo di Saint-Tropez. Golfe de Saint-Tropez D\u00e9veloppement si impegna a fornire sul sito <a href=\"https:\/\/www.visitgolfe-groupe.com\/it\" data-type=\"page\" data-id=\"6\">www.visitgolfe-groupe.com<\/a> informazioni il pi\u00f9 possibile accurate. Tuttavia, non pu\u00f2 essere ritenuta responsabile per eventuali omissioni, imprecisioni o mancati aggiornamenti delle informazioni, sia per colpa sua che per colpa di partner terzi che forniscono le informazioni. Tutte le informazioni fornite sul sito web <a href=\"https:\/\/www.visitgolfe-groupe.com\/it\" data-type=\"page\" data-id=\"6\">www.visitgolfe-groupe.com<\/a> sono fornite a titolo puramente informativo e sono soggette a modifiche. Inoltre, le informazioni fornite sul sito <a href=\"https:\/\/www.visitgolfe-groupe.com\/it\" data-type=\"page\" data-id=\"6\">www.visitgolfe-groupe.com<\/a> non sono esaustive. Sono soggette a modifiche da quando sono state messe online.     <\/p>\n\n\n\n<h2 class=\"wp-block-heading\">Limitazioni contrattuali sui dati tecnici<\/h2>\n\n\n\n<p class=\"wp-block-paragraph\">Il sito utilizza la tecnologia JavaScript. Il sito non pu\u00f2 essere ritenuto responsabile di eventuali danni materiali derivanti dall&#8217;uso del sito. Inoltre, gli utenti del sito si impegnano ad accedervi utilizzando apparecchiature recenti, prive di virus e con un browser di ultima generazione.  <\/p>\n\n\n\n<h2 class=\"wp-block-heading\">Propriet\u00e0 intellettuale e contraffazione<\/h2>\n\n\n\n<p class=\"wp-block-paragraph\">Golfe de Saint-Tropez D\u00e9veloppement \u00e8 il titolare dei diritti di propriet\u00e0 intellettuale o detiene i diritti di utilizzo di tutti gli elementi accessibili sul sito, in particolare testi, immagini, grafici, loghi, icone, suoni e software. \u00c8 vietata la riproduzione, la rappresentazione, la modifica, la pubblicazione o l&#8217;adattamento di tutti o parte degli elementi del sito, con qualsiasi mezzo o processo, senza previa autorizzazione scritta. Qualsiasi utilizzo non autorizzato del sito o di uno qualsiasi degli elementi in esso contenuti sar\u00e0 considerato una violazione e sar\u00e0 perseguito in conformit\u00e0 alle disposizioni degli articoli L.335-2 e seguenti del Codice della Propriet\u00e0 Intellettuale francese.  <\/p>\n\n\n\n<h2 class=\"wp-block-heading\">Limitazione di responsabilit\u00e0<\/h2>\n\n\n\n<p class=\"wp-block-paragraph\">Golfe de Saint-Tropez D\u00e9veloppement non potr\u00e0 essere ritenuta responsabile per eventuali danni diretti o indiretti causati alle apparecchiature dell&#8217;utente durante l&#8217;accesso al sito <a href=\"https:\/\/www.visitgolfe-groupe.com\/it\" data-type=\"page\" data-id=\"6\">www.visitgolfe-groupe.com<\/a>, derivanti dall&#8217;utilizzo di apparecchiature non conformi alle specifiche indicate al punto precedente, o dalla comparsa di un bug o di un&#8217;incompatibilit\u00e0. Golfe de Saint-Tropez D\u00e9veloppement non potr\u00e0 inoltre essere ritenuta responsabile per danni indiretti (come la perdita di mercato o di opportunit\u00e0) derivanti dall&#8217;utilizzo del sito <a href=\"https:\/\/www.visitgolfe-groupe.com\/it\" data-type=\"page\" data-id=\"6\">www.visitgolfe-groupe.com.<\/a> Gli utenti hanno a disposizione aree interattive (possibilit\u00e0 di porre domande nell&#8217;area contatti). Golfe de Saint-Tropez D\u00e9veloppement si riserva il diritto di eliminare, senza preavviso, qualsiasi contenuto pubblicato in quest&#8217;area che violi la legislazione applicabile in Francia, in particolare le disposizioni relative alla protezione dei dati. Ove applicabile, Golfe de Saint-Tropez D\u00e9veloppement si riserva inoltre il diritto di ritenere l&#8217;utente responsabile civilmente e\/o penalmente, in particolare in caso di messaggi di natura razzista, ingiuriosa, diffamatoria o pornografica, indipendentemente dal mezzo utilizzato (testo, fotografie, ecc.).    <\/p>\n<\/div>\n","protected":false},"excerpt":{"rendered":"<p>www.visitgolfe-groupe.com \u00e8 un sito ufficiale di Golfe de Saint-Tropez D\u00e9veloppement H\u00f4tel Communautaire &#8211; 2 rue Blaise Pascal &#8211; 83310 Cogolin &#8211; Tel. +33 (0)4 94 55 22 00 SPL Cap 122 512 euro &#8211; Autorizzazione all&#8217;immissione in commercio IM 083110008 &#8211; Siret 389 339 581 000 24 Presentazione del sito Ai sensi dell&#8217;articolo 6 della&#8230;<\/p>\n","protected":false},"author":1,"featured_media":0,"parent":0,"menu_order":303,"comment_status":"closed","ping_status":"closed","template":"","meta":{"_acf_changed":false,"_crdt_document":"","footnotes":""},"class_list":["post-2154","page","type-page","status-publish","hentry"],"acf":[],"_links":{"self":[{"href":"https:\/\/www.visitgolfe-groupe.com\/it\/wp-json\/wp\/v2\/pages\/2154","targetHints":{"allow":["GET"]}}],"collection":[{"href":"https:\/\/www.visitgolfe-groupe.com\/it\/wp-json\/wp\/v2\/pages"}],"about":[{"href":"https:\/\/www.visitgolfe-groupe.com\/it\/wp-json\/wp\/v2\/types\/page"}],"author":[{"embeddable":true,"href":"https:\/\/www.visitgolfe-groupe.com\/it\/wp-json\/wp\/v2\/users\/1"}],"replies":[{"embeddable":true,"href":"https:\/\/www.visitgolfe-groupe.com\/it\/wp-json\/wp\/v2\/comments?post=2154"}],"version-history":[{"count":4,"href":"https:\/\/www.visitgolfe-groupe.com\/it\/wp-json\/wp\/v2\/pages\/2154\/revisions"}],"predecessor-version":[{"id":13541,"href":"https:\/\/www.visitgolfe-groupe.com\/it\/wp-json\/wp\/v2\/pages\/2154\/revisions\/13541"}],"wp:attachment":[{"href":"https:\/\/www.visitgolfe-groupe.com\/it\/wp-json\/wp\/v2\/media?parent=2154"}],"curies":[{"name":"wp","href":"https:\/\/api.w.org\/{rel}","templated":true}]}}