{"id":2379,"date":"2024-05-31T09:56:12","date_gmt":"2024-05-31T07:56:12","guid":{"rendered":"https:\/\/www.visitgolfe-groupe.com\/le-tue-domande-le-nostre-risposte"},"modified":"2025-08-14T15:08:54","modified_gmt":"2025-08-14T13:08:54","slug":"le-tue-domande-le-nostre-risposte","status":"publish","type":"page","link":"https:\/\/www.visitgolfe-groupe.com\/it\/le-tue-domande-le-nostre-risposte","title":{"rendered":"Domande frequenti"},"content":{"rendered":"\n<div class=\"wp-block-group is-layout-constrained wp-block-group-is-layout-constrained\"><div class=\"wp-block-fmz-collapsible alignfull\" x-data=\"{selected:null}\">\n      <ul class=\"flex flex-col gap-4 list-none\">\n        \n\n<li class=\"wp-block-fmz-collapse !m-0 !p-0 relative\"><button type=\"button\" class=\"w-full bg-primary-container border-0 text-white px-8 py-6 text-xl rounded-md\" aria-expanded=\"selected == 00216501433900285 ? 'true' : 'false'\" @click=\"selected !== 00216501433900285 ? selected = 00216501433900285 : selected = null\"><div class=\"flex items-center justify-between\"><span>1. QUI SOMMES-NOUS ?<\/span><span style=\"true ? '' : 'display:none'\"><i class=\"fa-solid fa-angle-down\" x-bind:style=\"selected == 00216501433900285 ? 'display:none' : ''\"><\/i><i class=\"fa-solid fa-angle-up\" x-bind:style=\"selected != 00216501433900285 ? 'display:none' : ''\"><\/i><\/span><\/div><\/button><div class=\"relative overflow-hidden transition-all max-h-0 duration-700\" x-ref=\"container00216501433900285\" x-bind:style=\"selected == 00216501433900285 ? 'max-height: ' + $refs.container00216501433900285.scrollHeight + 'px' : ''\"><div class=\"px-8 py-6\">\n<p class=\"wp-block-paragraph\">In qualit\u00e0 di <strong>esperti locali<\/strong> del Golfo di Saint-Tropez, sviluppiamo la nostra offerta per gruppi e aziende. Grazie a oltre 30 anni di esperienza e a una rete esclusiva di partner locali, possiamo offrirti esperienze autentiche e su misura nei 12 comuni della destinazione.   <\/p>\n\n\n\n<p class=\"wp-block-paragraph\"><a href=\"https:\/\/www.visitgolfe-groupe.com\/it\/chi-siamo\" target=\"_blank\" rel=\"noreferrer noopener\">Clicca qui<\/a> per una presentazione completa della struttura.<\/p>\n<\/div><\/div><\/li>\n\n\n\n<li class=\"wp-block-fmz-collapse !m-0 !p-0 relative\"><button type=\"button\" class=\"w-full bg-primary-container border-0 text-white px-8 py-6 text-xl rounded-md\" aria-expanded=\"selected == 4743072162497927733751802 ? 'true' : 'false'\" @click=\"selected !== 4743072162497927733751802 ? selected = 4743072162497927733751802 : selected = null\"><div class=\"flex items-center justify-between\"><span>2. QUELLES EXPERIENCES PROPOSONS-NOUS ?<\/span><span style=\"true ? '' : 'display:none'\"><i class=\"fa-solid fa-angle-down\" x-bind:style=\"selected == 4743072162497927733751802 ? 'display:none' : ''\"><\/i><i class=\"fa-solid fa-angle-up\" x-bind:style=\"selected != 4743072162497927733751802 ? 'display:none' : ''\"><\/i><\/span><\/div><\/button><div class=\"relative overflow-hidden transition-all max-h-0 duration-700\" x-ref=\"container4743072162497927733751802\" x-bind:style=\"selected == 4743072162497927733751802 ? 'max-height: ' + $refs.container4743072162497927733751802.scrollHeight + 'px' : ''\"><div class=\"px-8 py-6\">\n<p class=\"has-light-color has-solid-background-color has-text-color has-background wp-block-paragraph\">Creiamo giornate e soggiorni chiavi in mano per tutti i tipi di gruppi: seminari, EVJF\/EVG, club, associazioni, scuole, consigli di fabbrica&#8230; Scopri una variet\u00e0 di attivit\u00e0 come giornate gastronomiche, visite guidate, team building, regate in catamarano, giornate di studio nei vigneti e molto altro ancora.<\/p>\n\n\n\n<p class=\"has-light-color has-solid-background-color has-text-color has-background wp-block-paragraph\">Il Golfo di Saint-Tropez \u00e8 un&#8217;area eccezionale e ricca di sfaccettature.<\/p>\n<\/div><\/div><\/li>\n\n\n\n<li class=\"wp-block-fmz-collapse !m-0 !p-0 relative\"><button type=\"button\" class=\"w-full bg-primary-container border-0 text-white px-8 py-6 text-xl rounded-md\" aria-expanded=\"selected == 466154194988860704313 ? 'true' : 'false'\" @click=\"selected !== 466154194988860704313 ? selected = 466154194988860704313 : selected = null\"><div class=\"flex items-center justify-between\"><span>3. COMMENT RESERVER ?<\/span><span style=\"true ? '' : 'display:none'\"><i class=\"fa-solid fa-angle-down\" x-bind:style=\"selected == 466154194988860704313 ? 'display:none' : ''\"><\/i><i class=\"fa-solid fa-angle-up\" x-bind:style=\"selected != 466154194988860704313 ? 'display:none' : ''\"><\/i><\/span><\/div><\/button><div class=\"relative overflow-hidden transition-all max-h-0 duration-700\" x-ref=\"container466154194988860704313\" x-bind:style=\"selected == 466154194988860704313 ? 'max-height: ' + $refs.container466154194988860704313.scrollHeight + 'px' : ''\"><div class=\"px-8 py-6\">\n<p class=\"has-light-color has-solid-background-color has-text-color has-background wp-block-paragraph\"><strong>Per telefono: <\/strong>+33 (0)4 94 55 23 34<br\/><strong>Per e-mail: <\/strong>groupe@visitgolfe.com<br\/>Oppure <strong>richiedi un preventivo personalizzato online:<\/strong> https: <a href=\"https:\/\/www.visitgolfe-groupe.com\/it\/preventivi-su-misura\" target=\"_blank\" rel=\"noreferrer noopener\">\/\/www.visitgolfe-groupe.com\/fr\/contact<\/a><\/p>\n\n\n\n<p class=\"wp-block-paragraph\">Ti aiuteremo a creare un programma personalizzato in base alle tue esigenze e al tuo budget.<\/p>\n<\/div><\/div><\/li>\n\n\n\n<li class=\"wp-block-fmz-collapse !m-0 !p-0 relative\"><button type=\"button\" class=\"w-full bg-primary-container border-0 text-white px-8 py-6 text-xl rounded-md\" aria-expanded=\"selected == 09768439679039198 ? 'true' : 'false'\" @click=\"selected !== 09768439679039198 ? selected = 09768439679039198 : selected = null\"><div class=\"flex items-center justify-between\"><span>4. QUELLES GARANTIES OFFRONS-NOUS ?<\/span><span style=\"true ? '' : 'display:none'\"><i class=\"fa-solid fa-angle-down\" x-bind:style=\"selected == 09768439679039198 ? 'display:none' : ''\"><\/i><i class=\"fa-solid fa-angle-up\" x-bind:style=\"selected != 09768439679039198 ? 'display:none' : ''\"><\/i><\/span><\/div><\/button><div class=\"relative overflow-hidden transition-all max-h-0 duration-700\" x-ref=\"container09768439679039198\" x-bind:style=\"selected == 09768439679039198 ? 'max-height: ' + $refs.container09768439679039198.scrollHeight + 'px' : ''\"><div class=\"px-8 py-6\">\n<ul class=\"wp-block-list\">\n<li>Servizio sotto l&#8217;egida della Comunit\u00e0 dei Comuni del Golfe de Saint-Tropez<\/li>\n\n\n\n<li>Registrato presso Atout France come operatore turistico, n. IM083110008 S<\/li>\n\n\n\n<li>Assicurazione APST (Associazione Professionale di Solidariet\u00e0 del Turismo)<\/li>\n<\/ul>\n<\/div><\/div><\/li>\n\n\n\n<li class=\"wp-block-fmz-collapse !m-0 !p-0 relative\"><button type=\"button\" class=\"w-full bg-primary-container border-0 text-white px-8 py-6 text-xl rounded-md\" aria-expanded=\"selected == 1478898184787819 ? 'true' : 'false'\" @click=\"selected !== 1478898184787819 ? selected = 1478898184787819 : selected = null\"><div class=\"flex items-center justify-between\"><span>5. QUELS SONT LES TARIFS ?<\/span><span style=\"true ? '' : 'display:none'\"><i class=\"fa-solid fa-angle-down\" x-bind:style=\"selected == 1478898184787819 ? 'display:none' : ''\"><\/i><i class=\"fa-solid fa-angle-up\" x-bind:style=\"selected != 1478898184787819 ? 'display:none' : ''\"><\/i><\/span><\/div><\/button><div class=\"relative overflow-hidden transition-all max-h-0 duration-700\" x-ref=\"container1478898184787819\" x-bind:style=\"selected == 1478898184787819 ? 'max-height: ' + $refs.container1478898184787819.scrollHeight + 'px' : ''\"><div class=\"px-8 py-6\">\n<p class=\"wp-block-paragraph\">I nostri pacchetti possono essere adattati al tipo di gruppo, alla durata e alle attivit\u00e0 scelte. Ad esempio, una giornata di studio con pranzo nel cuore di un vigneto \u00e8 disponibile a partire da 85 \u20ac\/persona per un gruppo di 10 persone. <a href=\"https:\/\/www.visitgolfe-groupe.com\/it\/preventivi-su-misura\" data-type=\"link\" data-id=\"https:\/\/www.visitgolfe-groupe.com\/fr\/contact\" target=\"_blank\" rel=\"noreferrer noopener\">Contattaci<\/a> per un preventivo personalizzato.  <\/p>\n<\/div><\/div><\/li>\n\n\n\n<li class=\"wp-block-fmz-collapse !m-0 !p-0 relative\"><button type=\"button\" class=\"w-full bg-primary-container border-0 text-white px-8 py-6 text-xl rounded-md\" aria-expanded=\"selected == 9795373494775271061 ? 'true' : 'false'\" @click=\"selected !== 9795373494775271061 ? selected = 9795373494775271061 : selected = null\"><div class=\"flex items-center justify-between\"><span>6. QUELLES SONT LES CONDITIONS DE RESERVATION ?<\/span><span style=\"true ? '' : 'display:none'\"><i class=\"fa-solid fa-angle-down\" x-bind:style=\"selected == 9795373494775271061 ? 'display:none' : ''\"><\/i><i class=\"fa-solid fa-angle-up\" x-bind:style=\"selected != 9795373494775271061 ? 'display:none' : ''\"><\/i><\/span><\/div><\/button><div class=\"relative overflow-hidden transition-all max-h-0 duration-700\" x-ref=\"container9795373494775271061\" x-bind:style=\"selected == 9795373494775271061 ? 'max-height: ' + $refs.container9795373494775271061.scrollHeight + 'px' : ''\"><div class=\"px-8 py-6\">\n<p class=\"wp-block-paragraph\">Per confermare la prenotazione \u00e8 richiesto un deposito del 50% alla firma del contratto. Il saldo \u00e8 dovuto prima dell&#8217;inizio dei servizi. I termini e le condizioni di vendita completi sono disponibili <a href=\"https:\/\/www.visitgolfe-groupe.com\/it\/termini-e-condizioni-di-vendita\" target=\"_blank\" rel=\"noreferrer noopener\">qui<\/a>.  <\/p>\n<\/div><\/div><\/li>\n\n\n\n<li class=\"wp-block-fmz-collapse !m-0 !p-0 relative\"><button type=\"button\" class=\"w-full bg-primary-container border-0 text-white px-8 py-6 text-xl rounded-md\" aria-expanded=\"selected == 9274984429250315340 ? 'true' : 'false'\" @click=\"selected !== 9274984429250315340 ? selected = 9274984429250315340 : selected = null\"><div class=\"flex items-center justify-between\"><span>7. QUELLES TYPES D&#8217;ACTIVITES JE PEUX TROUVER DANS LE GOLFE DE SAINT-TROPEZ ?<\/span><span style=\"true ? '' : 'display:none'\"><i class=\"fa-solid fa-angle-down\" x-bind:style=\"selected == 9274984429250315340 ? 'display:none' : ''\"><\/i><i class=\"fa-solid fa-angle-up\" x-bind:style=\"selected != 9274984429250315340 ? 'display:none' : ''\"><\/i><\/span><\/div><\/button><div class=\"relative overflow-hidden transition-all max-h-0 duration-700\" x-ref=\"container9274984429250315340\" x-bind:style=\"selected == 9274984429250315340 ? 'max-height: ' + $refs.container9274984429250315340.scrollHeight + 'px' : ''\"><div class=\"px-8 py-6\">\n<p class=\"wp-block-paragraph\">Oltre alle spiagge e agli yacht, il Golfo di Saint-Tropez ospita aziende vinicole, mercati provenzali e patrimonio culturale, oltre a sentieri escursionistici costieri, percorsi per mountain bike e una serie di attivit\u00e0 sportive ecologiche, per un <a href=\"https:\/\/www.visitgolfe-groupe.com\/it\/turismo-sostenibile\" data-type=\"link\" data-id=\"https:\/\/www.visitgolfe-groupe.com\/fr\/tourisme-durable\" target=\"_blank\" rel=\"noreferrer noopener\">turismo attivo e sostenibile<\/a>.<\/p>\n<\/div><\/div><\/li>\n\n\n\n<li class=\"wp-block-fmz-collapse !m-0 !p-0 relative\"><button type=\"button\" class=\"w-full bg-primary-container border-0 text-white px-8 py-6 text-xl rounded-md\" aria-expanded=\"selected == 0444785470967570561 ? 'true' : 'false'\" @click=\"selected !== 0444785470967570561 ? selected = 0444785470967570561 : selected = null\"><div class=\"flex items-center justify-between\"><span>9. LE GOLFE DE SAINT-TROPEZ, UNE DESTINATION POUR TOUS  ?<\/span><span style=\"true ? '' : 'display:none'\"><i class=\"fa-solid fa-angle-down\" x-bind:style=\"selected == 0444785470967570561 ? 'display:none' : ''\"><\/i><i class=\"fa-solid fa-angle-up\" x-bind:style=\"selected != 0444785470967570561 ? 'display:none' : ''\"><\/i><\/span><\/div><\/button><div class=\"relative overflow-hidden transition-all max-h-0 duration-700\" x-ref=\"container0444785470967570561\" x-bind:style=\"selected == 0444785470967570561 ? 'max-height: ' + $refs.container0444785470967570561.scrollHeight + 'px' : ''\"><div class=\"px-8 py-6\">\n<p class=\"wp-block-paragraph\">Mentre alcune aree sono rinomate per il lusso, la destinazione offre un&#8217;ampia gamma di opzioni per soddisfare tutti i tipi di gruppi e budget, con soggiorni su misura per aziende, associazioni e club.<\/p>\n<\/div><\/div><\/li>\n\n\n\n<li class=\"wp-block-fmz-collapse !m-0 !p-0 relative\"><button type=\"button\" class=\"w-full bg-primary-container border-0 text-white px-8 py-6 text-xl rounded-md\" aria-expanded=\"selected == 427537556546259006141493 ? 'true' : 'false'\" @click=\"selected !== 427537556546259006141493 ? selected = 427537556546259006141493 : selected = null\"><div class=\"flex items-center justify-between\"><span>10. QUELLE EST LA MEILLEURE PERIODE POUR VENIR DANS LE GOLFE DE SAINT-TROPEZ ?<\/span><span style=\"true ? '' : 'display:none'\"><i class=\"fa-solid fa-angle-down\" x-bind:style=\"selected == 427537556546259006141493 ? 'display:none' : ''\"><\/i><i class=\"fa-solid fa-angle-up\" x-bind:style=\"selected != 427537556546259006141493 ? 'display:none' : ''\"><\/i><\/span><\/div><\/button><div class=\"relative overflow-hidden transition-all max-h-0 duration-700\" x-ref=\"container427537556546259006141493\" x-bind:style=\"selected == 427537556546259006141493 ? 'max-height: ' + $refs.container427537556546259006141493.scrollHeight + 'px' : ''\"><div class=\"px-8 py-6\">\n<p class=\"wp-block-paragraph\">Bagnato dal sole per oltre 300 giorni all&#8217;anno, il Golfo di Saint-Tropez si presta perfettamente a una vacanza in qualsiasi stagione. Ben oltre i clich\u00e9 estivi, la destinazione rivela i suoi tesori tutto l&#8217;anno: alloggi accoglienti, una variet\u00e0 di attivit\u00e0 ed esperienze autentiche. \u00c8 il luogo ideale per organizzare soggiorni di gruppo o eventi aziendali che combinano scoperta, relax e stile di vita mediterraneo, anche in bassa stagione.  <\/p>\n<\/div><\/div><\/li>\n\n\n      <\/ul>\n    <\/div>\n\n\n<figure class=\"wp-block-gallery alignfull has-nested-images columns-default is-cropped wp-block-gallery-6 is-layout-flex wp-block-gallery-is-layout-flex\" style=\"border-style:none;border-width:0px;border-radius:0px\">\n<figure class=\"wp-block-image size-large has-custom-border is-style-rounded is-style-rounded--1\"><img loading=\"lazy\" decoding=\"async\" width=\"1024\" height=\"694\" sizes=\"auto, (max-width: 1024px) 100vw, 1024px\" data-id=\"3229\" data-tippy-content=\"la-mole-eglise,-f\u00eate-du-village-e-bertrand-tdr-2018-1\" src=\"https:\/\/www.visitgolfe-groupe.com\/app\/uploads\/2025\/03\/la-mole-eglise-fete-du-village-e-bertrand-tdr-2018-1-1024x694.jpg\" alt=\"\" class=\"wp-image-3229\" style=\"border-style:none;border-width:0px\" srcset=\"https:\/\/www.visitgolfe-groupe.com\/app\/uploads\/2025\/03\/la-mole-eglise-fete-du-village-e-bertrand-tdr-2018-1-1024x694.jpg 1024w, https:\/\/www.visitgolfe-groupe.com\/app\/uploads\/2025\/03\/la-mole-eglise-fete-du-village-e-bertrand-tdr-2018-1-300x203.jpg 300w, https:\/\/www.visitgolfe-groupe.com\/app\/uploads\/2025\/03\/la-mole-eglise-fete-du-village-e-bertrand-tdr-2018-1-768x520.jpg 768w, https:\/\/www.visitgolfe-groupe.com\/app\/uploads\/2025\/03\/la-mole-eglise-fete-du-village-e-bertrand-tdr-2018-1-1536x1041.jpg 1536w, https:\/\/www.visitgolfe-groupe.com\/app\/uploads\/2025\/03\/la-mole-eglise-fete-du-village-e-bertrand-tdr-2018-1.jpg 2000w\" \/><\/figure>\n\n\n\n<figure class=\"wp-block-image size-large is-style-rounded is-style-rounded--2\"><img loading=\"lazy\" decoding=\"async\" width=\"1024\" height=\"768\" sizes=\"auto, (max-width: 1024px) 100vw, 1024px\" data-id=\"3219\" data-tippy-content=\"la-mole-barrage-vtt-amz-e-bertrand-tdr-2024-1\" src=\"https:\/\/www.visitgolfe-groupe.com\/app\/uploads\/2025\/03\/la-mole-barrage-vtt-amz-e-bertrand-tdr-2024-1-1024x768.jpg\" alt=\"\" class=\"wp-image-3219\" srcset=\"https:\/\/www.visitgolfe-groupe.com\/app\/uploads\/2025\/03\/la-mole-barrage-vtt-amz-e-bertrand-tdr-2024-1-1024x768.jpg 1024w, https:\/\/www.visitgolfe-groupe.com\/app\/uploads\/2025\/03\/la-mole-barrage-vtt-amz-e-bertrand-tdr-2024-1-300x225.jpg 300w, https:\/\/www.visitgolfe-groupe.com\/app\/uploads\/2025\/03\/la-mole-barrage-vtt-amz-e-bertrand-tdr-2024-1-768x576.jpg 768w, https:\/\/www.visitgolfe-groupe.com\/app\/uploads\/2025\/03\/la-mole-barrage-vtt-amz-e-bertrand-tdr-2024-1-1536x1152.jpg 1536w, https:\/\/www.visitgolfe-groupe.com\/app\/uploads\/2025\/03\/la-mole-barrage-vtt-amz-e-bertrand-tdr-2024-1.jpg 2000w\" \/><\/figure>\n\n\n\n<figure class=\"wp-block-image size-large is-style-rounded is-style-rounded--3\"><img decoding=\"async\" sizes=\"(max-width: 1024px) 100vw, 1024px\" data-id=\"1515\" data-tippy-content=\"ramatuelle sport paddle kayak peps \u00a9 e.bertrand TDR 2014.2000&#215;1333\" src=\"https:\/\/www.visitgolfe-groupe.com\/app\/uploads\/2025\/01\/ramatuelle-sport-paddle-kayak-peps-&#xA9;-e.bertrand-TDR-2014.2000x1333-1024x682.jpg\" alt=\"\" class=\"wp-image-1515\"\/><\/figure>\n\n\n\n<figure class=\"wp-block-image size-large is-style-rounded is-style-rounded--4\"><img loading=\"lazy\" decoding=\"async\" width=\"1024\" height=\"655\" sizes=\"auto, (max-width: 1024px) 100vw, 1024px\" data-id=\"3374\" data-tippy-content=\"ramatuelle-vue-aerienne-cap-camarat-generique-3-2019-2-e-bertrand-tdr-41\" src=\"https:\/\/www.visitgolfe-groupe.com\/app\/uploads\/2025\/03\/ramatuelle-vue-aerienne-cap-camarat-generique-3-2019-2-e-bertrand-tdr-41-1024x655.jpg\" alt=\"\" class=\"wp-image-3374\" srcset=\"https:\/\/www.visitgolfe-groupe.com\/app\/uploads\/2025\/03\/ramatuelle-vue-aerienne-cap-camarat-generique-3-2019-2-e-bertrand-tdr-41-1024x655.jpg 1024w, https:\/\/www.visitgolfe-groupe.com\/app\/uploads\/2025\/03\/ramatuelle-vue-aerienne-cap-camarat-generique-3-2019-2-e-bertrand-tdr-41-300x192.jpg 300w, https:\/\/www.visitgolfe-groupe.com\/app\/uploads\/2025\/03\/ramatuelle-vue-aerienne-cap-camarat-generique-3-2019-2-e-bertrand-tdr-41-768x492.jpg 768w, https:\/\/www.visitgolfe-groupe.com\/app\/uploads\/2025\/03\/ramatuelle-vue-aerienne-cap-camarat-generique-3-2019-2-e-bertrand-tdr-41-1536x983.jpg 1536w, https:\/\/www.visitgolfe-groupe.com\/app\/uploads\/2025\/03\/ramatuelle-vue-aerienne-cap-camarat-generique-3-2019-2-e-bertrand-tdr-41.jpg 2000w\" \/><\/figure>\n\n\n\n<figure class=\"wp-block-image size-large is-style-rounded is-style-rounded--5\"><img decoding=\"async\" sizes=\"(max-width: 1024px) 100vw, 1024px\" data-id=\"1686\" data-tippy-content=\"cavalaire la calanque 2024 generique \u00a9 e.bertrand tous droits reserves (11)\" src=\"https:\/\/www.visitgolfe-groupe.com\/app\/uploads\/2025\/02\/cavalaire-la-calanque-2024-generique-&#xA9;-e.bertrand-tous-droits-reserves-11-1024x762.jpg\" alt=\"\" class=\"wp-image-1686\"\/><\/figure>\n<\/figure>\n<\/div>\n","protected":false},"excerpt":{"rendered":"","protected":false},"author":1,"featured_media":0,"parent":0,"menu_order":312,"comment_status":"closed","ping_status":"closed","template":"","meta":{"_acf_changed":false,"_crdt_document":"","footnotes":""},"class_list":["post-2379","page","type-page","status-publish","hentry"],"acf":[],"_links":{"self":[{"href":"https:\/\/www.visitgolfe-groupe.com\/it\/wp-json\/wp\/v2\/pages\/2379","targetHints":{"allow":["GET"]}}],"collection":[{"href":"https:\/\/www.visitgolfe-groupe.com\/it\/wp-json\/wp\/v2\/pages"}],"about":[{"href":"https:\/\/www.visitgolfe-groupe.com\/it\/wp-json\/wp\/v2\/types\/page"}],"author":[{"embeddable":true,"href":"https:\/\/www.visitgolfe-groupe.com\/it\/wp-json\/wp\/v2\/users\/1"}],"replies":[{"embeddable":true,"href":"https:\/\/www.visitgolfe-groupe.com\/it\/wp-json\/wp\/v2\/comments?post=2379"}],"version-history":[{"count":50,"href":"https:\/\/www.visitgolfe-groupe.com\/it\/wp-json\/wp\/v2\/pages\/2379\/revisions"}],"predecessor-version":[{"id":9121,"href":"https:\/\/www.visitgolfe-groupe.com\/it\/wp-json\/wp\/v2\/pages\/2379\/revisions\/9121"}],"wp:attachment":[{"href":"https:\/\/www.visitgolfe-groupe.com\/it\/wp-json\/wp\/v2\/media?parent=2379"}],"curies":[{"name":"wp","href":"https:\/\/api.w.org\/{rel}","templated":true}]}}