{"id":2144,"date":"2024-05-31T09:57:01","date_gmt":"2024-05-31T07:57:01","guid":{"rendered":"https:\/\/www.visitgolfe-groupe.com\/wie-zijn-wij"},"modified":"2026-03-18T11:42:35","modified_gmt":"2026-03-18T10:42:35","slug":"wie-zijn-wij","status":"publish","type":"page","link":"https:\/\/www.visitgolfe-groupe.com\/nl\/wie-zijn-wij","title":{"rendered":"Over ons"},"content":{"rendered":"\n<div class=\"wp-block-group is-layout-constrained wp-block-group-is-layout-constrained\">\n<figure class=\"wp-block-image size-large is-style-rounded is-style-rounded--1\"><img loading=\"lazy\" decoding=\"async\" width=\"1024\" height=\"763\" sizes=\"auto, (max-width: 1024px) 100vw, 1024px\" data-tippy-content=\"IMG_4564_modifi\u00e9-1\" src=\"https:\/\/www.visitgolfe-groupe.com\/app\/uploads\/2025\/05\/IMG_4564_modifie-1-1-1024x763.jpg\" alt=\"\" class=\"wp-image-5754\" srcset=\"https:\/\/www.visitgolfe-groupe.com\/app\/uploads\/2025\/05\/IMG_4564_modifie-1-1-1024x763.jpg 1024w, https:\/\/www.visitgolfe-groupe.com\/app\/uploads\/2025\/05\/IMG_4564_modifie-1-1-300x225.jpg 300w, https:\/\/www.visitgolfe-groupe.com\/app\/uploads\/2025\/05\/IMG_4564_modifie-1-1-768x572.jpg 768w, https:\/\/www.visitgolfe-groupe.com\/app\/uploads\/2025\/05\/IMG_4564_modifie-1-1-1536x1144.jpg 1536w, https:\/\/www.visitgolfe-groupe.com\/app\/uploads\/2025\/05\/IMG_4564_modifie-1-1.jpg 2000w\" \/><\/figure>\n\n\n\n<p class=\"has-text-color has-link-color wp-elements-9b16e2e81490b89eec30a6753c16307f wp-block-paragraph\" style=\"color:#0a97b7\"><strong>&#8220;Golfe de Saint-Tropez D\u00e9veloppement: een paar woorden om ons voor te stellen&#8230;<\/strong><\/p>\n\n\n\n<ul class=\"wp-block-list\">\n<li>De SPL <strong>ligt in het hart van de Golf<\/strong> en heeft als missie Franse en internationale klanten <strong>de schatten van onze 12 gemeenten<\/strong> te laten ontdekken. Het doel is om onze legendarische bestemming, de Golf van Saint-Tropez, te promoten door middel van onvergetelijke ervaringen. <\/li>\n\n\n\n<li>De structuur, die <strong>33 jaar geleden werd opgericht<\/strong> onder de naam &#8220;Golfe de Saint-Tropez Tourisme&#8221;, beheerde in eerste instantie het Maison du Tourisme du Golfe de Saint-Tropez tot 2022.<\/li>\n\n\n\n<li>Veranderingen in de verantwoordelijkheden van intergemeentelijke organen leidden ertoe dat de Gemeenschappelijke Gemeenschap van Gemeenten &#8220;Golfe de Saint-Tropez&#8221; de aan de structuur gedelegeerde taken heroverwoog. Als gevolg hiervan veranderde de Soci\u00e9t\u00e9 Publique Locale haar naam in <strong>&#8220;Golfe de Saint-Tropez D\u00e9veloppement&#8221;.<\/strong> Onder auspici\u00ebn van de &#8220;Communaut\u00e9 de communes&#8221; wordt de SPL <strong>voorgezeten door Philippe Leonelli<\/strong>, burgemeester van Cavalaire en voorzitter van het departement &#8220;Dev Eco et Tourisme&#8221;.  <\/li>\n\n\n\n<li>De SPL is nu verantwoordelijk voor het <strong>ondersteunen van de professionals van de bestemming<\/strong> bij het structureren en distribueren van hun commerci\u00eble aanbiedingen, terwijl het als<strong>interface<\/strong> fungeert en de procedures vereenvoudigt voor klanten die ge\u00efnteresseerd zijn in een verblijf in deze uitzonderlijke regio.<\/li>\n\n\n\n<li>Het doel van de SPL is ook om <strong>de groei van duurzame<\/strong> en gecontroleerde <strong>economische ontwikkeling aan te moedigen<\/strong>, ondersteund door een sterk engagement om authentiek toerisme te promoten, door <strong>lokale professionals te ondersteunen<\/strong>, in het bijzonder zij die betrokken zijn bij kwaliteitsinitiatieven en\/of zij die zich inspannen om hun openingsperiodes te verlengen.<\/li>\n<\/ul>\n\n\n\n<p class=\"has-text-color has-link-color wp-elements-4265d081690ab3cac9599d91aed07d1f wp-block-paragraph\" style=\"color:#0a97b7\"><strong>&#8220;Golfe de Saint-Tropez D\u00e9veloppement&#8221;: 3 belangrijke missies en krachtige digitale media om bezoekers te bedienen<\/strong><\/p>\n\n\n\n<ul class=\"wp-block-list\">\n<li><strong>Vrijetijdsactiviteiten:<\/strong> ontwikkeling en distributie van een reeks vrijetijdsactiviteiten met exclusieve voordelen voor de Golf van Saint-Tropez; bezoek <a href=\"http:\/\/www.amusez-vous.net\/\" target=\"_blank\" rel=\"noreferrer noopener\">www.amusez-vous.net<\/a><\/li>\n<\/ul>\n\n\n\n<ul class=\"wp-block-list\">\n<li><strong>Themaverblijven:<\/strong> stel aantrekkelijke pakketten voor korte vakanties samen die accommodatie en activiteiten combineren; kijk voor meer informatie op <a href=\"http:\/\/www.weekend-provence.fr\">www.weekend-provence.fr<\/a><\/li>\n<\/ul>\n\n\n\n<ul class=\"wp-block-list\">\n<li><strong>Producten voor zakelijke en vrijetijdsgroepen:<\/strong> op maat gemaakte of kant-en-klare oplossingen die passen bij uw imago; bezoek <a href=\"http:\/\/www.visitgolfe-groupe.com\/\" target=\"_blank\" rel=\"noreferrer noopener\">www.visitgolfe-groupe.com<\/a><\/li>\n<\/ul>\n\n\n\n<p class=\"wp-block-paragraph\">Er zijn drie soorten<strong>ervaringen <\/strong>op onze bestemming, elk gepresenteerd op een <strong>speciale website<\/strong>, met eenvoudige boeking via je gebruikelijke media (smartphone, tablet, pc).  <\/p>\n\n\n\n<p class=\"has-text-color has-link-color wp-elements-2c3217c9098ac2635b21d3b6f8780574 wp-block-paragraph\" style=\"color:#0a97b7\"><strong>&#8220;Golfe de Saint-Tropez D\u00e9veloppement : de website <\/strong><a href=\"http:\/\/www.visitgolfe-groupe.com\/\" target=\"_blank\" rel=\"noreferrer noopener\"><strong>bezoekgolfe-groupe.com<\/strong><\/a> <strong>samenvatting<\/strong><\/p>\n\n\n\n<ul class=\"wp-block-list\">\n<li><strong>Een selectie van aanbiedingen voor groepstoerisme en zakelijk toerisme<\/strong> in een van de belangrijkste toeristische bestemmingen ter wereld.  <\/li>\n\n\n\n<li><strong>Een aantrekkelijk assortiment om je te inspireren <\/strong>en je seminars, bedrijfsbijeenkomsten en vrijetijdspauzes voor groepen tot een succes te maken.<\/li>\n<\/ul>\n\n\n\n<p class=\"has-text-color has-link-color wp-elements-62b35bec055ad0413b12a2a1d4433851 wp-block-paragraph\" style=\"color:#0a97b7\"><strong>&#8220;Golfe de Saint-Tropez D\u00e9veloppement: onze troeven om u te ondersteunen<\/strong><\/p>\n\n\n\n<ul class=\"wp-block-list\">\n<li><strong>33 jaar ervaring met de bestemming<\/strong> &#8220;Golfe de Saint-Tropez&#8221;.<\/li>\n\n\n\n<li><strong>Perfecte kennis van de regio<\/strong> en lokale professionals.<\/li>\n\n\n\n<li><strong>E\u00e9n aanspreekpunt<\/strong> voor contact met gekwalificeerde dienstverleners.<\/li>\n\n\n\n<li><strong>Eenvoudiger boeken van<\/strong> uw vergaderlocaties en aanverwante diensten.<\/li>\n<\/ul>\n\n\n\n<p class=\"has-text-color has-link-color wp-elements-e450a74fa77ada9956ddda0cc8f59e6f wp-block-paragraph\" style=\"color:#0a97b7\"><strong>&#8220;Golfe de Saint-Tropez D\u00e9veloppement: garanties om onze keuze te ondersteunen<\/strong><\/p>\n\n\n\n<ul class=\"wp-block-list\">\n<li>Dienst onder auspici\u00ebn van de <strong>Communaut\u00e9 des communes de<\/strong> Golfe de Saint-Tropez<\/li>\n\n\n\n<li>Geregistreerd bij<strong>Atout Frankrijk<\/strong> als reisorganisator, nr. IM083110008 S<\/li>\n\n\n\n<li><strong>APST-verzekering<\/strong> (Association Professionnelle de Solidarit\u00e9 du Tourisme).<\/li>\n<\/ul>\n\n\n\n<p class=\"has-text-color has-link-color wp-elements-9b5751faca64e132c82cd010a9adf1b0 wp-block-paragraph\" style=\"color:#0a97b7\"><strong>&#8220;Golfe de Saint-Tropez D\u00e9veloppement: waarden die we samen delen&#8230;<\/strong><\/p>\n\n\n\n<ul class=\"wp-block-list\">\n<li><strong>Duurzaam toerisme: een<\/strong> verbintenis om uitsluitend met lokale dienstverleners te werken.<\/li>\n\n\n\n<li><strong>Authenticiteit:<\/strong> het erfgoed van een uitzonderlijke regio promoten.<\/li>\n\n\n\n<li><strong>Nabijheid:<\/strong> persoonlijke service, korte circuits en een reactief team.<\/li>\n\n\n\n<li><strong>Delen:<\/strong> in de Golf van Saint-Tropez, geluk delen&#8230;<br\/><br\/><\/li>\n<\/ul>\n<\/div>\n\n<p class=\"wp-block-paragraph\"><\/p>\n","protected":false},"excerpt":{"rendered":"<p>&#8220;Golfe de Saint-Tropez D\u00e9veloppement: een paar woorden om ons voor te stellen&#8230; &#8220;Golfe de Saint-Tropez D\u00e9veloppement&#8221;: 3 belangrijke missies en krachtige digitale media om bezoekers te bedienen Er zijn drie soortenervaringen op onze bestemming, elk gepresenteerd op een speciale website, met eenvoudige boeking via je gebruikelijke media (smartphone, tablet, pc). &#8220;Golfe de Saint-Tropez D\u00e9veloppement :&#8230;<\/p>\n","protected":false},"author":1,"featured_media":0,"parent":0,"menu_order":306,"comment_status":"closed","ping_status":"closed","template":"","meta":{"_acf_changed":false,"_crdt_document":"","footnotes":""},"class_list":["post-2144","page","type-page","status-publish","hentry"],"acf":[],"_links":{"self":[{"href":"https:\/\/www.visitgolfe-groupe.com\/nl\/wp-json\/wp\/v2\/pages\/2144","targetHints":{"allow":["GET"]}}],"collection":[{"href":"https:\/\/www.visitgolfe-groupe.com\/nl\/wp-json\/wp\/v2\/pages"}],"about":[{"href":"https:\/\/www.visitgolfe-groupe.com\/nl\/wp-json\/wp\/v2\/types\/page"}],"author":[{"embeddable":true,"href":"https:\/\/www.visitgolfe-groupe.com\/nl\/wp-json\/wp\/v2\/users\/1"}],"replies":[{"embeddable":true,"href":"https:\/\/www.visitgolfe-groupe.com\/nl\/wp-json\/wp\/v2\/comments?post=2144"}],"version-history":[{"count":12,"href":"https:\/\/www.visitgolfe-groupe.com\/nl\/wp-json\/wp\/v2\/pages\/2144\/revisions"}],"predecessor-version":[{"id":13526,"href":"https:\/\/www.visitgolfe-groupe.com\/nl\/wp-json\/wp\/v2\/pages\/2144\/revisions\/13526"}],"wp:attachment":[{"href":"https:\/\/www.visitgolfe-groupe.com\/nl\/wp-json\/wp\/v2\/media?parent=2144"}],"curies":[{"name":"wp","href":"https:\/\/api.w.org\/{rel}","templated":true}]}}